{"id":4793,"date":"2019-03-03T18:23:20","date_gmt":"2019-03-03T18:23:20","guid":{"rendered":"https:\/\/helliston.eu\/legal-information\/"},"modified":"2020-07-01T11:55:28","modified_gmt":"2020-07-01T11:55:28","slug":"a-propos-de-lentreprise","status":"publish","type":"page","link":"https:\/\/helliston.eu\/fr\/a-propos-de-lentreprise\/","title":{"rendered":"\u00c0 propos de l&rsquo;entreprise"},"content":{"rendered":"\n\t<section class=\"section\" id=\"section_628719407\">\n\t\t<div class=\"section-bg fill\" >\n\t\t\t\t\t\t\t\t\t\n\t\t\t\n\n\t\t<\/div>\n\n\t\t\n\n\t\t<div class=\"section-content relative\">\n\t\t\t\r\n\r\n<div class=\"row align-center\"  id=\"row-1284963112\">\r\n\r\n\n\t<div id=\"col-1503600023\" class=\"col medium-12 small-12 large-10\"  >\n\t\t\t\t<div class=\"col-inner text-left\"  >\n\t\t\t\n\t\t\t\r\n\r\n<div class=\"is-divider divider clearfix\" style=\"margin-top:3em;margin-bottom:3em;max-width:100%;background-color:rgb(9, 14, 29);\"><\/div>\r\n\r\n<div class=\"row row-collapse\"  id=\"row-304077529\">\r\n\r\n\n\t<div id=\"col-1733487077\" class=\"col medium-12 small-12 large-4\"  >\n\t\t\t\t<div class=\"col-inner\"  >\n\t\t\t\n\t\t\t\r\n\r\n\n\t\t<div class=\"icon-box featured-box icon-box-left text-left\"  style=\"margin:0px 0px 30px 0px;\">\n\t\t\t\t<div class=\"icon-box-text last-reset\">\n\t\t\t\t\t\t\t\t\t\r\n<h3>Information<\/h3>\r\n\t\t<\/div>\n\t<\/div>\n\t\n\t\r\n\r\n\t\t<\/div>\n\t\t\t\t\t<\/div>\n\n\t\r\n\n\t<div id=\"col-1241526582\" class=\"col medium-12 small-12 large-8\"  >\n\t\t\t\t<div class=\"col-inner text-left\"  >\n\t\t\t\n\t\t\t\r\n\r\n<div class=\"accordion\">\r\n\r\n\t<div id=\"accordion-170764754\" class=\"accordion-item\">\n\t\t<a id=\"accordion-170764754-label\" class=\"accordion-title plain\" href=\"#accordion-item-contact\" aria-expanded=\"false\" aria-controls=\"accordion-170764754-content\">\n\t\t\t<button class=\"toggle\" aria-label=\"Basculer\"><i class=\"icon-angle-down\" aria-hidden=\"true\"><\/i><\/button>\n\t\t\t<span>Contact<\/span>\n\t\t<\/a>\n\t\t<div id=\"accordion-170764754-content\" class=\"accordion-inner\" aria-labelledby=\"accordion-170764754-label\">\n\t\t\t\r\n\r\n<strong>Repr\u00e9sentant: <\/strong>S.Haltsonen<strong>\r\nT\u00e9l.:<\/strong> +372 53457161<strong>\r\nE-Mail: <\/strong>info@helliston.eu<strong>\r\n<\/strong>\r\n\r\n\t\t<\/div>\n\t<\/div>\n\t\r\n\t<div id=\"accordion-2829862718\" class=\"accordion-item\">\n\t\t<a id=\"accordion-2829862718-label\" class=\"accordion-title plain\" href=\"#accordion-item-adresse-postale-et-juridique\" aria-expanded=\"false\" aria-controls=\"accordion-2829862718-content\">\n\t\t\t<button class=\"toggle\" aria-label=\"Basculer\"><i class=\"icon-angle-down\" aria-hidden=\"true\"><\/i><\/button>\n\t\t\t<span>Adresse postale et juridique<\/span>\n\t\t<\/a>\n\t\t<div id=\"accordion-2829862718-content\" class=\"accordion-inner\" aria-labelledby=\"accordion-2829862718-label\">\n\t\t\t\r\n\r\nHelliston Nord O\u00fc\r\nPeetri 1B\r\n80029 P\u00e4rnu\r\nEstonie\r\n\r\n\t\t<\/div>\n\t<\/div>\n\t\r\n\t<div id=\"accordion-1769252068\" class=\"accordion-item\">\n\t\t<a id=\"accordion-1769252068-label\" class=\"accordion-title plain\" href=\"#accordion-item-adresse-de-visite-et-entrep\u00f4t\" aria-expanded=\"false\" aria-controls=\"accordion-1769252068-content\">\n\t\t\t<button class=\"toggle\" aria-label=\"Basculer\"><i class=\"icon-angle-down\" aria-hidden=\"true\"><\/i><\/button>\n\t\t\t<span>Adresse de visite et entrep\u00f4t<\/span>\n\t\t<\/a>\n\t\t<div id=\"accordion-1769252068-content\" class=\"accordion-inner\" aria-labelledby=\"accordion-1769252068-label\">\n\t\t\t\r\n<p style=\"text-align: left;\">Helliston Nord O\u00fc\r\nKakuami 6\r\n80031 P\u00e4rnu\r\nEstonie<\/p>\r\n\t\t<\/div>\n\t<\/div>\n\t\r\n\t<div id=\"accordion-2092612732\" class=\"accordion-item\">\n\t\t<a id=\"accordion-2092612732-label\" class=\"accordion-title plain\" href=\"#accordion-item-n\u00b0-tva-et-rcs-n\u00b0\" aria-expanded=\"false\" aria-controls=\"accordion-2092612732-content\">\n\t\t\t<button class=\"toggle\" aria-label=\"Basculer\"><i class=\"icon-angle-down\" aria-hidden=\"true\"><\/i><\/button>\n\t\t\t<span>N\u00b0 TVA et RCS N\u00b0<\/span>\n\t\t<\/a>\n\t\t<div id=\"accordion-2092612732-content\" class=\"accordion-inner\" aria-labelledby=\"accordion-2092612732-label\">\n\t\t\t\r\n\r\n<strong>N\u00b0 TVA : <\/strong>EE102262937<strong>\r\nRCS N\u00b0:\u00a0<\/strong>14984655\r\n\r\n\t\t<\/div>\n\t<\/div>\n\t\r\n\t<div id=\"accordion-1025523230\" class=\"accordion-item\">\n\t\t<a id=\"accordion-1025523230-label\" class=\"accordion-title plain\" aria-expanded=\"false\" aria-controls=\"accordion-1025523230-content\">\n\t\t\t<button class=\"toggle\" aria-label=\"Basculer\"><i class=\"icon-angle-down\" aria-hidden=\"true\"><\/i><\/button>\n\t\t\t<span>Coordonn\u00e9es bancaires:<\/span>\n\t\t<\/a>\n\t\t<div id=\"accordion-1025523230-content\" class=\"accordion-inner\" aria-labelledby=\"accordion-1025523230-label\">\n\t\t\t\r\n\r\n<strong>LHV PANK\r\nIBAN: <\/strong>EE4877 0077 1005 0515 45<strong>\r\n<\/strong><strong>SWIFT\/BIC: <\/strong>LHVBEE22\r\n\r\n\t\t<\/div>\n\t<\/div>\n\t\r\n\r\n<\/div>\r\n\r\n\t\t<\/div>\n\t\t\t\t\t<\/div>\n\n\t\r\n\r\n<\/div>\r\n<div class=\"is-divider divider clearfix\" style=\"margin-top:3em;margin-bottom:3em;max-width:100%;background-color:rgb(9, 14, 29);\"><\/div>\r\n\r\n<div class=\"row row-collapse\"  id=\"row-178278871\">\r\n\r\n\n\t<div id=\"col-264418312\" class=\"col medium-12 small-12 large-4\"  >\n\t\t\t\t<div class=\"col-inner\"  >\n\t\t\t\n\t\t\t\r\n\r\n\n\t\t<div class=\"icon-box featured-box icon-box-left text-left\"  style=\"margin:0px 0px 30px 0px;\">\n\t\t\t\t<div class=\"icon-box-text last-reset\">\n\t\t\t\t\t\t\t\t\t\r\n<h3><span class=\"tlid-translation translation\" lang=\"fr\"><span class=\"\" title=\"\">Copyright et r\u00e9f\u00e9rences<\/span><\/span><\/h3>\r\n\t\t<\/div>\n\t<\/div>\n\t\n\t\r\n\r\n\t\t<\/div>\n\t\t\t\t\t<\/div>\n\n\t\r\n\n\t<div id=\"col-1424544720\" class=\"col medium-12 small-12 large-8\"  >\n\t\t\t\t<div class=\"col-inner text-left\"  >\n\t\t\t\n\t\t\t\r\n\r\n<div class=\"accordion\">\r\n\r\n\t<div id=\"accordion-1918352909\" class=\"accordion-item\">\n\t\t<a id=\"accordion-1918352909-label\" class=\"accordion-title plain\" href=\"#accordion-item-copyright\" aria-expanded=\"false\" aria-controls=\"accordion-1918352909-content\">\n\t\t\t<button class=\"toggle\" aria-label=\"Basculer\"><i class=\"icon-angle-down\" aria-hidden=\"true\"><\/i><\/button>\n\t\t\t<span>Copyright<\/span>\n\t\t<\/a>\n\t\t<div id=\"accordion-1918352909-content\" class=\"accordion-inner\" aria-labelledby=\"accordion-1918352909-label\">\n\t\t\t\r\n\r\nLe contenu et le logo ainsi que les droits relatifs aux photos et aux illustrations de produits appartiennent \u00e0 l\u2019entreprise familiale Helliston O\u00dc &amp; Helliston Nord O\u00dc. Leur copie, leur traitement et leur utilisation ne sont pas autoris\u00e9s, \u00e0 moins que nous ne n\u2019ayons donn\u00e9 notre consentement \u00e9crit.\r\n\r\n\t\t<\/div>\n\t<\/div>\n\t\r\n\t<div id=\"accordion-1367996359\" class=\"accordion-item\">\n\t\t<a id=\"accordion-1367996359-label\" class=\"accordion-title plain\" href=\"#accordion-item-r\u00e9f\u00e9rences\" aria-expanded=\"false\" aria-controls=\"accordion-1367996359-content\">\n\t\t\t<button class=\"toggle\" aria-label=\"Basculer\"><i class=\"icon-angle-down\" aria-hidden=\"true\"><\/i><\/button>\n\t\t\t<span>R\u00e9f\u00e9rences<\/span>\n\t\t<\/a>\n\t\t<div id=\"accordion-1367996359-content\" class=\"accordion-inner\" aria-labelledby=\"accordion-1367996359-label\">\n\t\t\t\r\n\r\nLes ic\u00f4nes utilis\u00e9es sur ce site internet ont \u00e9t\u00e9 faites par <a href=\"https:\/\/www.flaticon.com\/authors\/srip\" target=\"_blank\" rel=\"noopener noreferrer\">Srip<\/a> et <a href=\"https:\/\/www.flaticon.com\/authors\/vectors-market\" target=\"_blank\" rel=\"noopener noreferrer\">Vectors Market<\/a> de <a href=\"https:\/\/www.flaticon.com\" target=\"_blank\" rel=\"noopener noreferrer\">Flaticon<\/a>.\r\n\r\n\t\t<\/div>\n\t<\/div>\n\t\r\n\r\n<\/div>\r\n\r\n\t\t<\/div>\n\t\t\t\t\t<\/div>\n\n\t\r\n\r\n<\/div>\r\n\t<div id=\"gap-981306617\" class=\"gap-element clearfix\" style=\"display:block; height:auto;\">\n\t\t\n<style>\n#gap-981306617 {\n  padding-top: 60px;\n}\n<\/style>\n\t<\/div>\n\t\r\n\r\n\t\t<\/div>\n\t\t\t\t\t<\/div>\n\n\t\r\n\r\n<\/div>\r\n\r\n\t\t<\/div>\n\n\t\t\n<style>\n#section_628719407 {\n  padding-top: 60px;\n  padding-bottom: 60px;\n}\n<\/style>\n\t<\/section>\n\t\n","protected":false},"excerpt":{"rendered":"","protected":false},"author":1,"featured_media":0,"parent":0,"menu_order":0,"comment_status":"closed","ping_status":"closed","template":"page-blank.php","meta":{"footnotes":""},"class_list":["post-4793","page","type-page","status-publish","hentry"],"jetpack_sharing_enabled":true,"_links":{"self":[{"href":"https:\/\/helliston.eu\/fr\/wp-json\/wp\/v2\/pages\/4793","targetHints":{"allow":["GET"]}}],"collection":[{"href":"https:\/\/helliston.eu\/fr\/wp-json\/wp\/v2\/pages"}],"about":[{"href":"https:\/\/helliston.eu\/fr\/wp-json\/wp\/v2\/types\/page"}],"author":[{"embeddable":true,"href":"https:\/\/helliston.eu\/fr\/wp-json\/wp\/v2\/users\/1"}],"replies":[{"embeddable":true,"href":"https:\/\/helliston.eu\/fr\/wp-json\/wp\/v2\/comments?post=4793"}],"version-history":[{"count":5,"href":"https:\/\/helliston.eu\/fr\/wp-json\/wp\/v2\/pages\/4793\/revisions"}],"predecessor-version":[{"id":7131,"href":"https:\/\/helliston.eu\/fr\/wp-json\/wp\/v2\/pages\/4793\/revisions\/7131"}],"wp:attachment":[{"href":"https:\/\/helliston.eu\/fr\/wp-json\/wp\/v2\/media?parent=4793"}],"curies":[{"name":"wp","href":"https:\/\/api.w.org\/{rel}","templated":true}]}}