{"id":4759,"date":"2019-02-27T15:49:04","date_gmt":"2019-02-27T15:49:04","guid":{"rendered":"https:\/\/helliston.eu\/aboutus\/"},"modified":"2020-07-01T11:46:47","modified_gmt":"2020-07-01T11:46:47","slug":"a-propos-de-nous","status":"publish","type":"page","link":"https:\/\/helliston.eu\/fr\/a-propos-de-nous\/","title":{"rendered":"\u00c0 propos de nous"},"content":{"rendered":"\n\t<section class=\"section\" id=\"section_636204998\">\n\t\t<div class=\"section-bg fill\" >\n\t\t\t\t\t\t\t\t\t\n\t\t\t\n\n\t\t<\/div>\n\n\t\t\n\n\t\t<div class=\"section-content relative\">\n\t\t\t\n<div class=\"row align-center\"  id=\"row-83010174\">\n\n\t<div id=\"col-1015147099\" class=\"col medium-9 small-10 large-9\"  >\n\t\t\t\t<div class=\"col-inner text-center\"  >\n\t\t\t\n\t\t\t\n<h1 class=\"uppercase\"><strong>Notre entreprise familiale<br \/>\n<\/strong><\/h1>\n<p>&#8230;exerce ses activit\u00e9s depuis 2002. Notre activit\u00e9 principale, c\u2019est la remise \u00e0 neuf de vieilles fen\u00eatres et portes en bois (<a href=\"http:\/\/www.helliston.ee\/en\/\" target=\"_blank\" rel=\"noopener noreferrer\">cliquez ici<\/a>). Les origines de ce magasin en ligne se trouvent dans notre propre besoin des produits que nous utilisons quotidiennement dans notre atelier de restauration.<\/p>\n\t\t<\/div>\n\t\t\t\t\t<\/div>\n\n\t\n<\/div>\n\t\t<\/div>\n\n\t\t\n<style>\n#section_636204998 {\n  padding-top: 30px;\n  padding-bottom: 30px;\n}\n<\/style>\n\t<\/section>\n\t\n\n\t<section class=\"section\" id=\"section_1253903388\">\n\t\t<div class=\"section-bg fill\" >\n\t\t\t\t\t\t\t\t\t\n\t\t\t\n\n\t\t<\/div>\n\n\t\t\n\n\t\t<div class=\"section-content relative\">\n\t\t\t\n<div class=\"row align-center\"  id=\"row-532499384\">\n\n\t<div id=\"col-776960425\" class=\"col medium-10 small-12 large-10\"  >\n\t\t\t\t<div class=\"col-inner\"  >\n\t\t\t\n\t\t\t\n<h1 style=\"text-align: center;\"><span style=\"font-size: 130%;\">Que faisons-nous?<br \/><\/span><\/h1>\n<p style=\"text-align: center;\"><span style=\"font-size: 95%;\">Nous faisons directement fabriquer divers fers et autres outils pour le travail du bois que nous et nos partenaires de coop\u00e9ration utilisons dans notre travail quotidien. Par exemple, vous trouverez les articles suivants dans notre magasin en ligne:\u00a0 <strong>lames de rechange en carbure pour grattoir<\/strong> (pour les grattoirs de Bahco, Sandvik, Stoch, Techno, Allway etc), <strong>fers\/ lames de rabot<\/strong> (pour Makita, Bosch, Skil, Ryobi, Holz-Her etc), <strong>fers de d\u00e9gauchisseuse<\/strong> (pour Makita, Metabo, Scheppach, Zipper, Woodstar etc.), <strong>plaquettes r\u00e9versibles en carbure<\/strong>\u00a0<span class=\"tlid-translation translation\" lang=\"fr\"><span class=\"\" title=\"\">et d&rsquo;autres accessoires tels que<\/span><\/span> <strong>bandes abrasives pour<\/strong> Makita 9031, Metabo RBE 9-60, Fein RS 10-70E, ou lames de rechange pour grattoir Handy.<br \/><\/span><\/p>\n\t\t<\/div>\n\t\t\t\t\t<\/div>\n\n\t\n<\/div>\n\t\t<\/div>\n\n\t\t\n<style>\n#section_1253903388 {\n  padding-top: 30px;\n  padding-bottom: 30px;\n  background-color: rgba(167, 169, 171, 0.16);\n}\n<\/style>\n\t<\/section>\n\t\n\n\t<section class=\"section\" id=\"section_732815763\">\n\t\t<div class=\"section-bg fill\" >\n\t\t\t\t\t\t\t\t\t<div class=\"section-bg-overlay absolute fill\"><\/div>\n\t\t\t\n\n\t\t<\/div>\n\n\t\t\n\n\t\t<div class=\"section-content relative\">\n\t\t\t\n<div class=\"row\"  id=\"row-1933108814\">\n\n\t<div id=\"col-2042525240\" class=\"col medium-4 small-12 large-4\"  >\n\t\t\t\t<div class=\"col-inner box-shadow-3\"  >\n\t\t\t\n\t\t\t\n\n  <div class=\"banner has-hover\" id=\"banner-1376650620\">\n          <div class=\"banner-inner fill\">\n        <div class=\"banner-bg fill\" >\n                                                \n\t<div class=\"is-border\"\n\t\tstyle=\"border-width:2px 2px 2px 2px;margin:0px 0px 0px 0px;\">\n\t<\/div>\n                    <\/div>\n\t\t\n        <div class=\"banner-layers container\">\n            <div class=\"fill banner-link\"><\/div>            \n   <div id=\"text-box-541403678\" class=\"text-box banner-layer x50 md-x50 lg-x50 y50 md-y15 lg-y15 res-text\">\n                                <div class=\"text-box-content text \">\n              \n              <div class=\"text-inner text-center\">\n                  \n<h1><strong>HISTOIRE<\/strong><\/h1>\n<p style=\"text-align: left;\"><span style=\"font-size: 175%;\">Helliston O\u00dc a \u00e9t\u00e9 constitu\u00e9e en 2002 \u00e0 P\u00e4rnu. Notre activit\u00e9 principale, c\u2019est la remise \u00e0 neuf de vieilles fen\u00eatres et portes en bois. En 2017, nous avons commenc\u00e9 \u00e0 importer des outils dont nous avons quotidiennement besoin dans notre travail. Nous avons ouvert un petit magasin en ligne, int\u00e9gr\u00e9 dans la premi\u00e8re page d\u2019internet (<a href=\"http:\/\/www.helliston.ee\/en\/\" target=\"_blank\" rel=\"noopener noreferrer\">cliquez ici<\/a>). En m\u00eame temps, nous avons rejoint Amazon et Ebay. Bient\u00f4t, nous avons compris qu\u2019un nouveau magasin en ligne \u00e0 part devait \u00eatre cr\u00e9\u00e9, un magasin consacr\u00e9 au nom de notre marque commerciale, qui \u00e9volue. Ce magasin-ci a \u00e9t\u00e9 ouvert au d\u00e9but de 2019.<\/span><\/p>\n              <\/div>\n           <\/div>\n                            \n<style>\n#text-box-541403678 {\n  width: 87%;\n}\n#text-box-541403678 .text-box-content {\n  font-size: 100%;\n}\n@media (min-width:550px) {\n  #text-box-541403678 {\n    width: 76%;\n  }\n}\n<\/style>\n    <\/div>\n \n        <\/div>\n      <\/div>\n\n            \n<style>\n#banner-1376650620 {\n  padding-top: 750px;\n  background-color: rgb(255, 255, 255);\n}\n@media (min-width:550px) {\n  #banner-1376650620 {\n    padding-top: 650px;\n  }\n}\n<\/style>\n  <\/div>\n\n\n\t\t<\/div>\n\t\t\t\t\t<\/div>\n\n\t\n\n\t<div id=\"col-1099886041\" class=\"col medium-4 small-12 large-4\"  >\n\t\t\t\t<div class=\"col-inner box-shadow-3\"  >\n\t\t\t\n\t\t\t\n\n  <div class=\"banner has-hover\" id=\"banner-1949355344\">\n          <div class=\"banner-inner fill\">\n        <div class=\"banner-bg fill\" >\n                                                \n\t<div class=\"is-border\"\n\t\tstyle=\"border-width:2px 2px 2px 2px;\">\n\t<\/div>\n                    <\/div>\n\t\t\n        <div class=\"banner-layers container\">\n            <div class=\"fill banner-link\"><\/div>            \n   <div id=\"text-box-718559652\" class=\"text-box banner-layer x50 md-x100 lg-x50 y50 md-y10 lg-y15 res-text\">\n                                <div class=\"text-box-content text \">\n              \n              <div class=\"text-inner text-center\">\n                  \n<h1 style=\"text-align: center;\"><strong>QUALIT\u00c9<\/strong><\/h1>\n<p style=\"text-align: left;\"><span style=\"font-size: 175%;\">Le mot \u00ab\u00a0qualit\u00e9\u00a0\u00bb est souvent utilis\u00e9 mais les produits vendus ici ont \u00e9t\u00e9 sp\u00e9cialement con\u00e7us et fabriqu\u00e9s en fonction de nos besoins et de nos exigences et pour faire face aux besoins et aux exigences de nos partenaires commerciaux en mati\u00e8re de restauration et de travail du bois. Nous attachons de l\u2019importance aux m\u00e9taux, \u00e0 l\u2019aff\u00fbtage et aux mat\u00e9riaux recycl\u00e9s. C\u2019est pourquoi vous pouvez croire que leur r\u00e9sistance et leur bonne qualit\u00e9 sont assur\u00e9es.<\/span><\/p>\n              <\/div>\n           <\/div>\n                            \n<style>\n#text-box-718559652 {\n  width: 87%;\n}\n#text-box-718559652 .text-box-content {\n  font-size: 100%;\n}\n@media (min-width:550px) {\n  #text-box-718559652 {\n    width: 72%;\n  }\n}\n<\/style>\n    <\/div>\n \n        <\/div>\n      <\/div>\n\n            \n<style>\n#banner-1949355344 {\n  padding-top: 650px;\n  background-color: rgba(255, 255, 255, 0);\n}\n<\/style>\n  <\/div>\n\n\n\t\t<\/div>\n\t\t\t\t\t<\/div>\n\n\t\n\n\t<div id=\"col-2101073299\" class=\"col medium-4 small-12 large-4\"  >\n\t\t\t\t<div class=\"col-inner box-shadow-3\"  >\n\t\t\t\n\t\t\t\n\n  <div class=\"banner has-hover\" id=\"banner-822738158\">\n          <div class=\"banner-inner fill\">\n        <div class=\"banner-bg fill\" >\n                                                \n\t<div class=\"is-border\"\n\t\tstyle=\"border-width:2px 2px 2px 2px;\">\n\t<\/div>\n                    <\/div>\n\t\t\n        <div class=\"banner-layers container\">\n            <div class=\"fill banner-link\"><\/div>            \n   <div id=\"text-box-2023224429\" class=\"text-box banner-layer x50 md-x50 lg-x50 y50 md-y15 lg-y15 res-text\">\n                                <div class=\"text-box-content text \">\n              \n              <div class=\"text-inner text-center\">\n                  \n<h1><strong>DEVELOPPE-<br \/>MENT<\/strong><\/h1>\n<p style=\"text-align: left;\"><span style=\"font-size: 175%;\">Les premiers produits que nous avons fabriqu\u00e9s en 2017 \u00e9taient des lames pour rabot. Depuis, nous avons peu \u00e0 peu \u00e9largi notre gamme de produits, en fonction des besoins de nos partenaires de coop\u00e9ration.\u00a0 Si vous ne trouvez pas, dans notre gamme, les produits que vous cherchez, vous pouvez nous en informer. Un jour peut-\u00eatre, ce produit sera en vente dans ce magasin-ci.<br \/><\/span><\/p>\n              <\/div>\n           <\/div>\n                            \n<style>\n#text-box-2023224429 {\n  width: 85%;\n}\n#text-box-2023224429 .text-box-content {\n  font-size: 100%;\n}\n@media (min-width:550px) {\n  #text-box-2023224429 {\n    width: 73%;\n  }\n}\n<\/style>\n    <\/div>\n \n        <\/div>\n      <\/div>\n\n            \n<style>\n#banner-822738158 {\n  padding-top: 650px;\n  background-color: rgba(255, 255, 255, 0);\n}\n<\/style>\n  <\/div>\n\n\n\t\t<\/div>\n\t\t\t\t\t<\/div>\n\n\t\n<\/div>\n\t\t<\/div>\n\n\t\t\n<style>\n#section_732815763 {\n  padding-top: 30px;\n  padding-bottom: 30px;\n}\n#section_732815763 .section-bg-overlay {\n  background-color: rgba(255,255,255,.5);\n}\n<\/style>\n\t<\/section>\n\t\n","protected":false},"excerpt":{"rendered":"","protected":false},"author":1,"featured_media":0,"parent":0,"menu_order":0,"comment_status":"closed","ping_status":"closed","template":"page-blank.php","meta":{"footnotes":""},"class_list":["post-4759","page","type-page","status-publish","hentry"],"jetpack_sharing_enabled":true,"_links":{"self":[{"href":"https:\/\/helliston.eu\/fr\/wp-json\/wp\/v2\/pages\/4759","targetHints":{"allow":["GET"]}}],"collection":[{"href":"https:\/\/helliston.eu\/fr\/wp-json\/wp\/v2\/pages"}],"about":[{"href":"https:\/\/helliston.eu\/fr\/wp-json\/wp\/v2\/types\/page"}],"author":[{"embeddable":true,"href":"https:\/\/helliston.eu\/fr\/wp-json\/wp\/v2\/users\/1"}],"replies":[{"embeddable":true,"href":"https:\/\/helliston.eu\/fr\/wp-json\/wp\/v2\/comments?post=4759"}],"version-history":[{"count":5,"href":"https:\/\/helliston.eu\/fr\/wp-json\/wp\/v2\/pages\/4759\/revisions"}],"predecessor-version":[{"id":7128,"href":"https:\/\/helliston.eu\/fr\/wp-json\/wp\/v2\/pages\/4759\/revisions\/7128"}],"wp:attachment":[{"href":"https:\/\/helliston.eu\/fr\/wp-json\/wp\/v2\/media?parent=4759"}],"curies":[{"name":"wp","href":"https:\/\/api.w.org\/{rel}","templated":true}]}}