{"id":9568,"date":"2021-12-16T16:10:50","date_gmt":"2021-12-16T16:10:50","guid":{"rendered":"https:\/\/helliston.eu\/product\/hss-hoylanterat-258mm-scheppach-hms1080-hoylaan-258x22x18mm-2-kpl\/"},"modified":"2023-03-17T17:18:37","modified_gmt":"2023-03-17T17:18:37","slug":"hss-hoylanterat-258mm-scheppach-hms1080-hoylaan-258x22x18mm-2-kpl","status":"publish","type":"product","link":"https:\/\/helliston.eu\/fi\/tuote\/hss-hoylanterat-258mm-scheppach-hms1080-hoylaan-258x22x18mm-2-kpl\/","title":{"rendered":"H\u00f6yl\u00e4nter\u00e4t h\u00f6yl\u00e4\u00e4n Scheppach HMS1080, HSS, 258x22x1,8mm"},"content":{"rendered":"","protected":false},"excerpt":{"rendered":"<p>H\u00f6yl\u00e4nter\u00e4t oiko-tasoh\u00f6yl\u00e4\u00e4n Scheppach HMS1080, 258 x 22 x 1,8 mm. 2 ter\u00e4\u00e4\/pkt. Valmistettu kest\u00e4v\u00e4st\u00e4 HSS pikater\u00e4ksest\u00e4 (Rockwellin kovuus 63+HRC). Ter\u00e4t ovat teroittetavat. Lis\u00e4tietoja l\u00f6ytyy alempana.<\/p>\n","protected":false},"featured_media":9187,"template":"","meta":[],"product_brand":[],"product_cat":[2356,820,1032],"product_tag":[4328],"class_list":{"0":"post-9568","1":"product","2":"type-product","3":"status-publish","4":"has-post-thumbnail","6":"product_cat-oiko-tasohoyla-scheppach-hms-1080","7":"product_cat-hoylanterat-tuottemerkkien-mukaan","8":"product_cat-hoylan-terat-scheppach-hoylaan","9":"product_tag-258x22-fi","11":"first","12":"instock","13":"taxable","14":"shipping-taxable","15":"purchasable","16":"product-type-simple"},"jetpack_sharing_enabled":true,"_links":{"self":[{"href":"https:\/\/helliston.eu\/fi\/wp-json\/wp\/v2\/product\/9568","targetHints":{"allow":["GET"]}}],"collection":[{"href":"https:\/\/helliston.eu\/fi\/wp-json\/wp\/v2\/product"}],"about":[{"href":"https:\/\/helliston.eu\/fi\/wp-json\/wp\/v2\/types\/product"}],"wp:featuredmedia":[{"embeddable":true,"href":"https:\/\/helliston.eu\/fi\/wp-json\/wp\/v2\/media\/9187"}],"wp:attachment":[{"href":"https:\/\/helliston.eu\/fi\/wp-json\/wp\/v2\/media?parent=9568"}],"wp:term":[{"taxonomy":"product_brand","embeddable":true,"href":"https:\/\/helliston.eu\/fi\/wp-json\/wp\/v2\/product_brand?post=9568"},{"taxonomy":"product_cat","embeddable":true,"href":"https:\/\/helliston.eu\/fi\/wp-json\/wp\/v2\/product_cat?post=9568"},{"taxonomy":"product_tag","embeddable":true,"href":"https:\/\/helliston.eu\/fi\/wp-json\/wp\/v2\/product_tag?post=9568"}],"curies":[{"name":"wp","href":"https:\/\/api.w.org\/{rel}","templated":true}]}}