{"id":9557,"date":"2022-01-20T18:18:25","date_gmt":"2022-01-20T18:18:26","guid":{"rendered":"https:\/\/helliston.eu\/?post_type=product&#038;p=9557"},"modified":"2023-03-17T17:19:04","modified_gmt":"2023-03-17T17:19:04","slug":"hss-hoylanterat-258mm-gude-gadh-254-hoylaan-1-malli-258x22x18mm-2-kpl","status":"publish","type":"product","link":"https:\/\/helliston.eu\/fi\/tuote\/hss-hoylanterat-258mm-gude-gadh-254-hoylaan-1-malli-258x22x18mm-2-kpl\/","title":{"rendered":"H\u00f6yl\u00e4nter\u00e4t h\u00f6yl\u00e4\u00e4n G\u00dcDE GADH 254 1. MALLI, HSS, 258x22x1,8mm"},"content":{"rendered":"","protected":false},"excerpt":{"rendered":"<p>H\u00f6yl\u00e4nter\u00e4t oiko-tasoh\u00f6yl\u00e4\u00e4n G\u00dcDE GADH 254 1. MALLI, 258 x 22 x 1,8 mm. 2 ter\u00e4\u00e4\/pkt. Valmistettu kest\u00e4v\u00e4st\u00e4 HSS pikater\u00e4ksest\u00e4 (Rockwellin kovuus 63+HRC). Ter\u00e4t ovat teroittetavat. Lis\u00e4tietoja l\u00f6ytyy alempana.<\/p>\n<p><span style=\"color: #0000ff;\">HUOM! Ennen ostamista pyyd\u00e4mme tarkistamaan, ett\u00e4 n\u00e4m\u00e4 h\u00f6yl\u00e4ter\u00e4t sopivat h\u00f6yl\u00e4\u00e4nne. Verratkaa esimerkiksi tuotekuvia h\u00f6yl\u00e4teriin, jollaiset tulivat koneen mukana. G\u00dcDE GADH 254:lla on nimitt\u00e4in monta samannimist\u00e4 h\u00f6yl\u00e4mallia. Toiseen malliin k\u00e4yv\u00e4t 258x22x1,8mm ter\u00e4t (7 rei\u00e4ll\u00e4), toiseen taas 261&#215;16,5&#215;1,5mm terad (kahdella rei\u00e4ll\u00e4).<\/span><\/p>\n<p>&nbsp;<\/p>\n","protected":false},"featured_media":9187,"template":"","meta":[],"product_brand":[],"product_cat":[1576,1004,820],"product_tag":[4328],"class_list":{"0":"post-9557","1":"product","2":"type-product","3":"status-publish","4":"has-post-thumbnail","6":"product_cat-oiko-tasohoyla-gude-gadh-254","7":"product_cat-hoylan-terat-gude-hoylaan","8":"product_cat-hoylanterat-tuottemerkkien-mukaan","9":"product_tag-258x22-fi","11":"first","12":"instock","13":"taxable","14":"shipping-taxable","15":"purchasable","16":"product-type-simple"},"jetpack_sharing_enabled":true,"_links":{"self":[{"href":"https:\/\/helliston.eu\/fi\/wp-json\/wp\/v2\/product\/9557","targetHints":{"allow":["GET"]}}],"collection":[{"href":"https:\/\/helliston.eu\/fi\/wp-json\/wp\/v2\/product"}],"about":[{"href":"https:\/\/helliston.eu\/fi\/wp-json\/wp\/v2\/types\/product"}],"wp:featuredmedia":[{"embeddable":true,"href":"https:\/\/helliston.eu\/fi\/wp-json\/wp\/v2\/media\/9187"}],"wp:attachment":[{"href":"https:\/\/helliston.eu\/fi\/wp-json\/wp\/v2\/media?parent=9557"}],"wp:term":[{"taxonomy":"product_brand","embeddable":true,"href":"https:\/\/helliston.eu\/fi\/wp-json\/wp\/v2\/product_brand?post=9557"},{"taxonomy":"product_cat","embeddable":true,"href":"https:\/\/helliston.eu\/fi\/wp-json\/wp\/v2\/product_cat?post=9557"},{"taxonomy":"product_tag","embeddable":true,"href":"https:\/\/helliston.eu\/fi\/wp-json\/wp\/v2\/product_tag?post=9557"}],"curies":[{"name":"wp","href":"https:\/\/api.w.org\/{rel}","templated":true}]}}