{"id":9374,"date":"2022-01-05T14:36:15","date_gmt":"2022-01-05T14:36:16","guid":{"rendered":"https:\/\/helliston.eu\/?post_type=product&#038;p=9374"},"modified":"2024-03-10T10:16:52","modified_gmt":"2024-03-10T10:16:52","slug":"hoylanterat-oiko-taso-hoyla-compa-mini-kompacta-200-3-210x22x18mm","status":"publish","type":"product","link":"https:\/\/helliston.eu\/fi\/tuote\/hoylanterat-oiko-taso-hoyla-compa-mini-kompacta-200-3-210x22x18mm\/","title":{"rendered":"T1 W18% h\u00f6yl\u00e4nter\u00e4t Compa Mini-Kompacta 200\/3 -h\u00f6yl\u00e4\u00e4n, HSS Volframi 18%, 210x22x1,8mm"},"content":{"rendered":"<p>Helliston HSS W18% h\u00f6yl\u00e4nter\u00e4t oikotasoh\u00f6yl\u00e4\u00e4n Compa Mini-Kompacta 200\/3. Ter\u00e4mme ovat poikkeuksellisen ter\u00e4vi\u00e4 (0,2RA) ja kest\u00e4v\u00e4t. 18% volframipitoisuus ja metallin kovuus 66 HRC Rockwellin mukaan takaavat pitk\u00e4n k\u00e4ytt\u00f6i\u00e4n ja erinomaisen leikkaustehokkuuden, jopa vaativissa projekteissa.<\/p>\n<ol>\n<li><strong>M\u00e4\u00e4r\u00e4 ja mitat:<\/strong>\n<ul>\n<li>1 pari h\u00f6yl\u00e4nteri\u00e4 210 x 22 x 1,8 mm oikotasoh\u00f6yl\u00e4\u00e4n Compa Mini-Kompacta 200\/3.<\/li>\n<\/ul>\n<\/li>\n<li><strong>Ter\u00e4v\u00e4t ja kest\u00e4v\u00e4t ter\u00e4t:<\/strong>\n<ul>\n<li>H\u00f6yl\u00e4ter\u00e4mme ovat poikkeuksellisen ter\u00e4v\u00e4t (teroitus 0.2Ra).<\/li>\n<li>HSS Volframi 18% varmistaa pitk\u00e4n k\u00e4ytt\u00f6i\u00e4n ja erinomaisen leikkaustehokkuuden.<\/li>\n<li>Meid\u00e4n h\u00f6yl\u00e4nter\u00e4t oiko-tasoh\u00f6yl\u00e4\u00e4n Compa Mini-Kompacta 200\/3 ovat karkaistu Rockwell-kovuuteen 66HRC, mik\u00e4 lis\u00e4\u00e4 niiden kest\u00e4vyytt\u00e4 entisest\u00e4\u00e4n..<\/li>\n<\/ul>\n<\/li>\n<li><strong>Ymp\u00e4rist\u00f6yst\u00e4v\u00e4llinen pakkaus:<br \/>\n<\/strong><div class=\"row\"  id=\"row-1541085500\">\n\t<div id=\"col-658001307\" class=\"col medium-1\/4 large-3\"  >\n\t\t\t\t<div class=\"col-inner\"  >\n\t\t\t\n\t\t\t<img loading=\"lazy\" decoding=\"async\" class=\"alignnone size-medium wp-image-22538\" src=\"https:\/\/helliston.eu\/wp-content\/uploads\/2022\/01\/symbols-188x300.jpg\" alt=\"\" width=\"188\" height=\"300\" srcset=\"https:\/\/www.helliston.eu\/wp-content\/uploads\/2022\/01\/symbols-188x300.jpg 188w, https:\/\/www.helliston.eu\/wp-content\/uploads\/2022\/01\/symbols-642x1024.jpg 642w, https:\/\/www.helliston.eu\/wp-content\/uploads\/2022\/01\/symbols-768x1226.jpg 768w, https:\/\/www.helliston.eu\/wp-content\/uploads\/2022\/01\/symbols-510x814.jpg 510w, https:\/\/www.helliston.eu\/wp-content\/uploads\/2022\/01\/symbols.jpg 797w\" sizes=\"auto, (max-width: 188px) 100vw, 188px\" \/>\t\t<\/div>\n\t\t\t\t\t<\/div>\n\n\t\n\n\t<div id=\"col-1555439450\" class=\"col medium-3\/4 large-9\"  >\n\t\t\t\t<div class=\"col-inner\"  >\n\t\t\t\n\t\t\t\n<ul>\n<li>H\u00f6yl\u00e4nter\u00e4settis\u00e4mme h\u00f6yl\u00e4\u00e4n Compa Mini-Kompacta 200\/3 toimitetaan ymp\u00e4rist\u00f6yst\u00e4v\u00e4llisess\u00e4 pakkaamossa: 95% kovaa kartonkia ja 5% biohajoavaa muovia..<\/li>\n<li>Koska ter\u00e4t ovat \u00f6ljyttyj\u00e4, k\u00e4yt\u00e4mme pieni\u00e4 biohajoavia muovipusseja, jotka on helppo erottaa muusta tuotepakkauksesta. Ne voi laittaa kompostiastiaan, tai jos se ei ole mahdollista, ne voidaan helposti kierr\u00e4tt\u00e4\u00e4.<\/li>\n<li>Jopa kartonkikuoret, joissa toimitamme tuotteitamme, on kehitetty erityisesti teri\u00e4 varten materiaalin k\u00e4yt\u00f6n minimoimiseksi ja ylim\u00e4\u00e4r\u00e4isen tyhj\u00e4n tilan v\u00e4ltt\u00e4miseksi pakkauksessa.<\/li>\n<\/ul>\n\t\t<\/div>\n\t\t\t\t\t<\/div>\n\n\t\n<\/div><\/li>\n<li><strong>Erilaisia \u200b\u200bpuita:<\/strong>\n<ul>\n<li>Meiden h\u00f6yl\u00e4nter\u00e4t oikotasoh\u00f6yl\u00e4\u00e4n Compa Mini-Kompacta 200\/3 sopivat erinomaisesti sek\u00e4 pehme\u00e4n ett\u00e4 kovan puun k\u00e4sittelyyn, tammiosta m\u00e4ntyyn.<\/li>\n<\/ul>\n<\/li>\n<li><strong>Asiakastuki:<\/strong>\n<ul>\n<li>Ole rohkeasti yhteydess\u00e4 s\u00e4hk\u00f6postitse, jos sinulla on kysytt\u00e4v\u00e4\u00e4; olemme valmiina auttamaan sinua.<\/li>\n<\/ul>\n<\/li>\n<\/ol>\n","protected":false},"excerpt":{"rendered":"<p>T1 HSS W18% h\u00f6yl\u00e4nter\u00e4t oikotasoh\u00f6yl\u00e4\u00e4n Compa Mini-Kompacta 200\/3, 210 x 22 x 1,8mm. 2 h\u00f6yl\u00e4ter\u00e4\u00e4\/pakkaus. Valmistettu kest\u00e4v\u00e4st\u00e4 HSS-pikater\u00e4ksest\u00e4, jossa on 18% volframipitoisuus (Rockwell-kovuus: 66HRC). Ter\u00e4t on teroitettu 0,2RA:han ja niit\u00e4 voi teroittaa toistuvasti. Ymp\u00e4rist\u00f6yst\u00e4v\u00e4llinen pakkaus (kova kartonki ja biohajoava muovi). Katso lis\u00e4tietoja j\u00e4ljemp\u00e4n\u00e4.<\/p>\n","protected":false},"featured_media":23286,"template":"","meta":[],"product_brand":[],"product_cat":[2566,820,2576],"product_tag":[4318],"class_list":{"0":"post-9374","1":"product","2":"type-product","3":"status-publish","4":"has-post-thumbnail","6":"product_cat-hoylan-terat-compa-hoylaan","7":"product_cat-hoylanterat-tuottemerkkien-mukaan","8":"product_cat-compa-mini-kompacta-komp-200-3-hoylaan","9":"product_tag-210x22-fi","11":"first","12":"instock","13":"taxable","14":"shipping-taxable","15":"purchasable","16":"product-type-simple"},"jetpack_sharing_enabled":true,"_links":{"self":[{"href":"https:\/\/helliston.eu\/fi\/wp-json\/wp\/v2\/product\/9374","targetHints":{"allow":["GET"]}}],"collection":[{"href":"https:\/\/helliston.eu\/fi\/wp-json\/wp\/v2\/product"}],"about":[{"href":"https:\/\/helliston.eu\/fi\/wp-json\/wp\/v2\/types\/product"}],"wp:featuredmedia":[{"embeddable":true,"href":"https:\/\/helliston.eu\/fi\/wp-json\/wp\/v2\/media\/23286"}],"wp:attachment":[{"href":"https:\/\/helliston.eu\/fi\/wp-json\/wp\/v2\/media?parent=9374"}],"wp:term":[{"taxonomy":"product_brand","embeddable":true,"href":"https:\/\/helliston.eu\/fi\/wp-json\/wp\/v2\/product_brand?post=9374"},{"taxonomy":"product_cat","embeddable":true,"href":"https:\/\/helliston.eu\/fi\/wp-json\/wp\/v2\/product_cat?post=9374"},{"taxonomy":"product_tag","embeddable":true,"href":"https:\/\/helliston.eu\/fi\/wp-json\/wp\/v2\/product_tag?post=9374"}],"curies":[{"name":"wp","href":"https:\/\/api.w.org\/{rel}","templated":true}]}}