{"id":9338,"date":"2022-01-05T14:33:39","date_gmt":"2022-01-05T14:33:40","guid":{"rendered":"https:\/\/helliston.eu\/?post_type=product&#038;p=9338"},"modified":"2023-03-18T17:35:19","modified_gmt":"2023-03-18T17:35:19","slug":"hoylanterat-hoylaan-gude-gadh-204-1-malli-hss-210x22x18mm","status":"publish","type":"product","link":"https:\/\/helliston.eu\/fi\/tuote\/hoylanterat-hoylaan-gude-gadh-204-1-malli-hss-210x22x18mm\/","title":{"rendered":"H\u00f6yl\u00e4nter\u00e4t h\u00f6yl\u00e4\u00e4n G\u00dcDE GADH 204 1. MALLI, HSS, 210x22x1,8mm"},"content":{"rendered":"","protected":false},"excerpt":{"rendered":"<p>HSS h\u00f6yl\u00e4nter\u00e4t oiko-tasoh\u00f6yl\u00e4\u00e4n G\u00dcDE GADH 204 1. MALLI, 210 x 22 x 1,8 mm. 2 ter\u00e4\u00e4\/pkt. Valmistettu kest\u00e4v\u00e4st\u00e4 HSS-pikater\u00e4ksest\u00e4 (Rockwellin kovuus 63+HRC). Ter\u00e4t ovat teroittetavat. Lis\u00e4tietoja l\u00f6ytyy alempana.<\/p>\n<p><span style=\"color: #0000ff;\">HUOM! Ennen ostamista pyyd\u00e4mme tarkistamaan, ett\u00e4 n\u00e4m\u00e4 h\u00f6yl\u00e4ter\u00e4t sopivat h\u00f6yl\u00e4\u00e4nne. Verratkaa esimerkiksi tuotekuvia h\u00f6yl\u00e4teriin, jollaiset tulivat koneen mukana.<strong><span class=\"base\" data-ui-id=\"page-title-wrapper\">G\u00dcDE GADH 204<\/span><\/strong>:lla on nimitt\u00e4in monta samannimist\u00e4 h\u00f6yl\u00e4mallia. Toiseen malliin k\u00e4yv\u00e4t 210x22x1,8mm ter\u00e4t (6 rei\u00e4ll\u00e4), toiseen taas 210\u00d716,5\u00d71,5mm ter\u00e4t (kahdella rei\u00e4ll\u00e4).<\/span><\/p>\n","protected":false},"featured_media":23034,"template":"","meta":[],"product_brand":[],"product_cat":[2496,1004,820],"product_tag":[4318],"class_list":{"0":"post-9338","1":"product","2":"type-product","3":"status-publish","4":"has-post-thumbnail","6":"product_cat-oiko-tasohoyla-gude-gadh-204","7":"product_cat-hoylan-terat-gude-hoylaan","8":"product_cat-hoylanterat-tuottemerkkien-mukaan","9":"product_tag-210x22-fi","11":"first","12":"instock","13":"taxable","14":"shipping-taxable","15":"purchasable","16":"product-type-simple"},"jetpack_sharing_enabled":true,"_links":{"self":[{"href":"https:\/\/helliston.eu\/fi\/wp-json\/wp\/v2\/product\/9338","targetHints":{"allow":["GET"]}}],"collection":[{"href":"https:\/\/helliston.eu\/fi\/wp-json\/wp\/v2\/product"}],"about":[{"href":"https:\/\/helliston.eu\/fi\/wp-json\/wp\/v2\/types\/product"}],"wp:featuredmedia":[{"embeddable":true,"href":"https:\/\/helliston.eu\/fi\/wp-json\/wp\/v2\/media\/23034"}],"wp:attachment":[{"href":"https:\/\/helliston.eu\/fi\/wp-json\/wp\/v2\/media?parent=9338"}],"wp:term":[{"taxonomy":"product_brand","embeddable":true,"href":"https:\/\/helliston.eu\/fi\/wp-json\/wp\/v2\/product_brand?post=9338"},{"taxonomy":"product_cat","embeddable":true,"href":"https:\/\/helliston.eu\/fi\/wp-json\/wp\/v2\/product_cat?post=9338"},{"taxonomy":"product_tag","embeddable":true,"href":"https:\/\/helliston.eu\/fi\/wp-json\/wp\/v2\/product_tag?post=9338"}],"curies":[{"name":"wp","href":"https:\/\/api.w.org\/{rel}","templated":true}]}}