{"id":9055,"date":"2021-08-20T13:24:51","date_gmt":"2021-08-20T13:24:52","guid":{"rendered":"https:\/\/helliston.eu\/?post_type=product&#038;p=9055"},"modified":"2022-01-21T19:40:59","modified_gmt":"2022-01-21T19:40:59","slug":"hss-hoylanterat-50mm-makita-1051dw-1050dw-hoyliin-50x8x2mm-2-kpl","status":"publish","type":"product","link":"https:\/\/helliston.eu\/fi\/tuote\/hss-hoylanterat-50mm-makita-1051dw-1050dw-hoyliin-50x8x2mm-2-kpl\/","title":{"rendered":"HSS H\u00f6yl\u00e4nter\u00e4t 50mm Makita 1051DW, 1050DW -h\u00f6yliin, 50x8x2mm, 2 kpl"},"content":{"rendered":"","protected":false},"excerpt":{"rendered":"<p><span class=\"_5yl5\"><strong>HSS H\u00f6yl\u00e4nter\u00e4t 50mm Makita 1051DW ja 1050DW -h\u00f6yliin.<\/strong> 2 ter\u00e4\u00e4\/pkt. Valmistettu kest\u00e4v\u00e4st\u00e4 HSS pikater\u00e4ksest\u00e4. Lis\u00e4tietoja l\u00f6ytyy alempana.<\/span><\/p>\n","protected":false},"featured_media":9061,"template":"","meta":[],"product_brand":[],"product_cat":[510,272,1019],"product_tag":[],"class_list":{"0":"post-9055","1":"product","2":"type-product","3":"status-publish","4":"has-post-thumbnail","6":"product_cat-50mm-hoylaan-ryobi-pb50a2","7":"product_cat-hoylanterat","8":"product_cat-hoylan-terat-makita-hoylaan","10":"first","11":"instock","12":"taxable","13":"shipping-taxable","14":"purchasable","15":"product-type-simple"},"jetpack_sharing_enabled":true,"_links":{"self":[{"href":"https:\/\/helliston.eu\/fi\/wp-json\/wp\/v2\/product\/9055","targetHints":{"allow":["GET"]}}],"collection":[{"href":"https:\/\/helliston.eu\/fi\/wp-json\/wp\/v2\/product"}],"about":[{"href":"https:\/\/helliston.eu\/fi\/wp-json\/wp\/v2\/types\/product"}],"wp:featuredmedia":[{"embeddable":true,"href":"https:\/\/helliston.eu\/fi\/wp-json\/wp\/v2\/media\/9061"}],"wp:attachment":[{"href":"https:\/\/helliston.eu\/fi\/wp-json\/wp\/v2\/media?parent=9055"}],"wp:term":[{"taxonomy":"product_brand","embeddable":true,"href":"https:\/\/helliston.eu\/fi\/wp-json\/wp\/v2\/product_brand?post=9055"},{"taxonomy":"product_cat","embeddable":true,"href":"https:\/\/helliston.eu\/fi\/wp-json\/wp\/v2\/product_cat?post=9055"},{"taxonomy":"product_tag","embeddable":true,"href":"https:\/\/helliston.eu\/fi\/wp-json\/wp\/v2\/product_tag?post=9055"}],"curies":[{"name":"wp","href":"https:\/\/api.w.org\/{rel}","templated":true}]}}