{"id":8354,"date":"2021-01-02T16:51:39","date_gmt":"2021-01-02T16:51:41","guid":{"rendered":"https:\/\/helliston.eu\/?post_type=product&#038;p=8354"},"modified":"2021-03-28T16:23:51","modified_gmt":"2021-03-28T16:23:51","slug":"hss-hoylanterat-260mm-scheppach-hm0-hm1-hm2-hmt-hoyliin-2-kpl","status":"publish","type":"product","link":"https:\/\/helliston.eu\/fi\/tuote\/hss-hoylanterat-260mm-scheppach-hm0-hm1-hm2-hmt-hoyliin-2-kpl\/","title":{"rendered":"HSS H\u00f6yl\u00e4nter\u00e4t 260mm Scheppach HM0, HM1, HM2, HMT+ -h\u00f6yliin, 2 kpl"},"content":{"rendered":"","protected":false},"excerpt":{"rendered":"<p><strong>HSS H\u00f6yl\u00e4nter\u00e4t 260x18x3mm Scheppach Scheppach HM0, HM1, HM2, HMT+ -h\u00f6yliin, KAHDELLA ASENNUSREI\u00c4LL\u00c4.<\/strong> 2 ter\u00e4\u00e4\/pkt. Valmistettu kest\u00e4v\u00e4st\u00e4 HSS pikater\u00e4ksest\u00e4 (Rockwellin kovuus 63+HRC). Soveltuvat ennen kaikkea pehme\u00e4n puun k\u00e4sittelemiseksi, mutta my\u00f6s kovalle puulle. Ter\u00e4t ovat teroittetavat.\u00a0 Lis\u00e4tietoja l\u00f6ytyy alempana.<\/p>\n","protected":false},"featured_media":5997,"template":"","meta":[],"product_brand":[],"product_cat":[426,1738,1739,1740,1748,272,820,1032],"product_tag":[],"class_list":{"0":"post-8354","1":"product","2":"type-product","3":"status-publish","4":"has-post-thumbnail","6":"product_cat-260mm-for-scheppach-hms260-metabo-elektra-beckum-hc260-hc260m-hc260c-hc260e-hc260es-hc260k-fi","7":"product_cat-oiko-tasohoyla-scheppach-hm0-260mm","8":"product_cat-oiko-tasohoyla-scheppach-hm1-260mm","9":"product_cat-oiko-tasohoyla-scheppach-hm2-260mm","10":"product_cat-oiko-tasohoyla-scheppach-hmt-260-260mm","11":"product_cat-hoylanterat","12":"product_cat-hoylanterat-tuottemerkkien-mukaan","13":"product_cat-hoylan-terat-scheppach-hoylaan","15":"first","16":"outofstock","17":"taxable","18":"shipping-taxable","19":"product-type-simple"},"jetpack_sharing_enabled":true,"_links":{"self":[{"href":"https:\/\/helliston.eu\/fi\/wp-json\/wp\/v2\/product\/8354","targetHints":{"allow":["GET"]}}],"collection":[{"href":"https:\/\/helliston.eu\/fi\/wp-json\/wp\/v2\/product"}],"about":[{"href":"https:\/\/helliston.eu\/fi\/wp-json\/wp\/v2\/types\/product"}],"wp:featuredmedia":[{"embeddable":true,"href":"https:\/\/helliston.eu\/fi\/wp-json\/wp\/v2\/media\/5997"}],"wp:attachment":[{"href":"https:\/\/helliston.eu\/fi\/wp-json\/wp\/v2\/media?parent=8354"}],"wp:term":[{"taxonomy":"product_brand","embeddable":true,"href":"https:\/\/helliston.eu\/fi\/wp-json\/wp\/v2\/product_brand?post=8354"},{"taxonomy":"product_cat","embeddable":true,"href":"https:\/\/helliston.eu\/fi\/wp-json\/wp\/v2\/product_cat?post=8354"},{"taxonomy":"product_tag","embeddable":true,"href":"https:\/\/helliston.eu\/fi\/wp-json\/wp\/v2\/product_tag?post=8354"}],"curies":[{"name":"wp","href":"https:\/\/api.w.org\/{rel}","templated":true}]}}