{"id":8332,"date":"2021-01-02T14:38:02","date_gmt":"2021-01-02T14:38:03","guid":{"rendered":"https:\/\/helliston.eu\/?post_type=product&#038;p=8332"},"modified":"2022-01-22T14:01:23","modified_gmt":"2022-01-22T14:01:23","slug":"hss-wolfram-18-hoylanterat-260mm-scheppach-hm0-hm1-hm2-hmt-hoyliin-2-kpl","status":"publish","type":"product","link":"https:\/\/helliston.eu\/fi\/tuote\/hss-wolfram-18-hoylanterat-260mm-scheppach-hm0-hm1-hm2-hmt-hoyliin-2-kpl\/","title":{"rendered":"HSS Wolfram 18% H\u00f6yl\u00e4nter\u00e4t 260mm Scheppach HM0, HM1, HM2, HMT+ -h\u00f6yliin, KAHDELLA ASENNUSREI\u00c4LL\u00c4, 2 kpl"},"content":{"rendered":"","protected":false},"excerpt":{"rendered":"<p><strong>T1 HSS Wolfram 18% H\u00f6yl\u00e4nter\u00e4t 260x18x3mm\u00a0 <\/strong><strong>Scheppach HM0, HM1, HM2, HMT+<\/strong> <strong>-h\u00f6yliin, KAHDELLA ASENNUSREI\u00c4LL\u00c4.<\/strong> 2 ter\u00e4\u00e4\/pkt. Valmistettu ensiluokkaisesta T1 HSS W18% -pikater\u00e4ksest\u00e4 (Rockwellin kovuus 63-65 HRC). T1 HSS W18% ter\u00e4t ovat kest\u00e4v\u00e4mm\u00e4t verrattuna tavanomaiseen HSS:iin \u2013 loisatva valinta sek\u00e4 kovan ett\u00e4 pehme\u00e4n puun k\u00e4sittelyyn!\u00a0 Ter\u00e4t ovat teroittetavat.\u00a0 Lis\u00e4tietoja l\u00f6ytyy alempana.<\/p>\n","protected":false},"featured_media":9203,"template":"","meta":[],"product_brand":[],"product_cat":[426,1738,1739,1740,1748,272,820,1032],"product_tag":[],"class_list":{"0":"post-8332","1":"product","2":"type-product","3":"status-publish","4":"has-post-thumbnail","6":"product_cat-260mm-for-scheppach-hms260-metabo-elektra-beckum-hc260-hc260m-hc260c-hc260e-hc260es-hc260k-fi","7":"product_cat-oiko-tasohoyla-scheppach-hm0-260mm","8":"product_cat-oiko-tasohoyla-scheppach-hm1-260mm","9":"product_cat-oiko-tasohoyla-scheppach-hm2-260mm","10":"product_cat-oiko-tasohoyla-scheppach-hmt-260-260mm","11":"product_cat-hoylanterat","12":"product_cat-hoylanterat-tuottemerkkien-mukaan","13":"product_cat-hoylan-terat-scheppach-hoylaan","15":"first","16":"instock","17":"taxable","18":"shipping-taxable","19":"purchasable","20":"product-type-simple"},"jetpack_sharing_enabled":true,"_links":{"self":[{"href":"https:\/\/helliston.eu\/fi\/wp-json\/wp\/v2\/product\/8332","targetHints":{"allow":["GET"]}}],"collection":[{"href":"https:\/\/helliston.eu\/fi\/wp-json\/wp\/v2\/product"}],"about":[{"href":"https:\/\/helliston.eu\/fi\/wp-json\/wp\/v2\/types\/product"}],"wp:featuredmedia":[{"embeddable":true,"href":"https:\/\/helliston.eu\/fi\/wp-json\/wp\/v2\/media\/9203"}],"wp:attachment":[{"href":"https:\/\/helliston.eu\/fi\/wp-json\/wp\/v2\/media?parent=8332"}],"wp:term":[{"taxonomy":"product_brand","embeddable":true,"href":"https:\/\/helliston.eu\/fi\/wp-json\/wp\/v2\/product_brand?post=8332"},{"taxonomy":"product_cat","embeddable":true,"href":"https:\/\/helliston.eu\/fi\/wp-json\/wp\/v2\/product_cat?post=8332"},{"taxonomy":"product_tag","embeddable":true,"href":"https:\/\/helliston.eu\/fi\/wp-json\/wp\/v2\/product_tag?post=8332"}],"curies":[{"name":"wp","href":"https:\/\/api.w.org\/{rel}","templated":true}]}}