{"id":8308,"date":"2021-01-02T13:16:31","date_gmt":"2021-01-02T13:16:33","guid":{"rendered":"https:\/\/helliston.eu\/?post_type=product&#038;p=8308"},"modified":"2023-03-30T13:41:22","modified_gmt":"2023-03-30T13:41:22","slug":"hoylanterat-hoylaan-dewalt-dw733-dw7332-dw733-qs-tyyppi-2-hss-318x19x3mm","status":"publish","type":"product","link":"https:\/\/helliston.eu\/fi\/tuote\/hoylanterat-hoylaan-dewalt-dw733-dw7332-dw733-qs-tyyppi-2-hss-318x19x3mm\/","title":{"rendered":"H\u00f6yl\u00e4nter\u00e4t h\u00f6yl\u00e4\u00e4n Dewalt DW733, DW7332, DW733-QS TYYPPI 2, HSS, 318x19x3mm"},"content":{"rendered":"","protected":false},"excerpt":{"rendered":"<p>HSS h\u00f6yl\u00e4nter\u00e4t tasoh\u00f6yl\u00e4\u00e4n Dewalt DW733, DW7332, DW733-QS TYYPPI 2, 318 x 19 x 3mm. 2 ter\u00e4\u00e4\/pkt. Valmistettu kest\u00e4v\u00e4st\u00e4 HSS-nopeater\u00e4ksest\u00e4 (Rockwellin kovuus 63+HRC). Ter\u00e4t ovat teroittetavat. Lis\u00e4tietoja on Lis\u00e4tietoja l\u00f6ytyy alempana.<\/p>\n<p><span style=\"color: #0000ff;\">Ennen tilausta tarkista tuotekuvat ja vanhat h\u00f6yl\u00e4nter\u00e4t! Dewalt DW733 -h\u00f6yl\u00e4ll\u00e4 on 2 erilaista tyyppi\u00e4. Toiseen h\u00f6yl\u00e4koneeseen tarvitaan 317x25x3 mm:n h\u00f6yl\u00e4ter\u00e4t (8 reik\u00e4\u00e4) ja toiseen 318x19x3 mm:n h\u00f6yl\u00e4ter\u00e4t (2 reik\u00e4\u00e4).<\/span><\/p>\n","protected":false},"featured_media":9476,"template":"","meta":[],"product_brand":[],"product_cat":[3443,514,992,1516,272],"product_tag":[],"class_list":{"0":"post-8308","1":"product","2":"type-product","3":"status-publish","4":"has-post-thumbnail","6":"product_cat-dw733-qs-fi","7":"product_cat-318-mm-hoyliin-dewalt-dw733-dw7332-qs-ryobi-rap-1500g-etc","8":"product_cat-hoylan-terat-dewalt-hoylaan","9":"product_cat-oiko-tasohoyla-dw733-dw7332-dw7330-dw733s-260-317-318mm","10":"product_cat-hoylanterat","12":"first","13":"outofstock","14":"taxable","15":"shipping-taxable","16":"purchasable","17":"product-type-simple"},"jetpack_sharing_enabled":true,"_links":{"self":[{"href":"https:\/\/helliston.eu\/fi\/wp-json\/wp\/v2\/product\/8308","targetHints":{"allow":["GET"]}}],"collection":[{"href":"https:\/\/helliston.eu\/fi\/wp-json\/wp\/v2\/product"}],"about":[{"href":"https:\/\/helliston.eu\/fi\/wp-json\/wp\/v2\/types\/product"}],"wp:featuredmedia":[{"embeddable":true,"href":"https:\/\/helliston.eu\/fi\/wp-json\/wp\/v2\/media\/9476"}],"wp:attachment":[{"href":"https:\/\/helliston.eu\/fi\/wp-json\/wp\/v2\/media?parent=8308"}],"wp:term":[{"taxonomy":"product_brand","embeddable":true,"href":"https:\/\/helliston.eu\/fi\/wp-json\/wp\/v2\/product_brand?post=8308"},{"taxonomy":"product_cat","embeddable":true,"href":"https:\/\/helliston.eu\/fi\/wp-json\/wp\/v2\/product_cat?post=8308"},{"taxonomy":"product_tag","embeddable":true,"href":"https:\/\/helliston.eu\/fi\/wp-json\/wp\/v2\/product_tag?post=8308"}],"curies":[{"name":"wp","href":"https:\/\/api.w.org\/{rel}","templated":true}]}}