{"id":8147,"date":"2020-11-20T14:36:46","date_gmt":"2020-11-20T14:36:48","guid":{"rendered":"https:\/\/helliston.eu\/?post_type=product&#038;p=8147"},"modified":"2023-03-31T09:48:05","modified_gmt":"2023-03-31T09:48:05","slug":"hoylanterat-hoylaan-hoffmann-bh-556-56x55x11mm-56x55x11mm","status":"publish","type":"product","link":"https:\/\/helliston.eu\/fi\/tuote\/hoylanterat-hoylaan-hoffmann-bh-556-56x55x11mm-56x55x11mm\/","title":{"rendered":"H\u00f6yl\u00e4nter\u00e4t h\u00f6yl\u00e4\u00e4n Hoffmann BH 556, 56&#215;5,5&#215;1,1mm, 56&#215;5,5&#215;1,1mm."},"content":{"rendered":"","protected":false},"excerpt":{"rendered":"<p>H\u00f6yl\u00e4nter\u00e4t h\u00f6yl\u00e4\u00e4n <span id=\"productTitle\" class=\"a-size-large product-title-word-break\">Hoffmann BH 556<\/span>, 56 x 5,5 x 1,1mm. 5 paria = 10 h\u00f6yl\u00e4nter\u00e4\u00e4.<\/p>\n<ul>\n<li>HSS = pehme\u00e4lle puulle, tasaisempi pintak\u00e4sittely ja ter\u00e4v\u00e4mpi\u00e4 kuin TCT-ter\u00e4t<\/li>\n<li>TCT = pehme\u00e4lle ja kovalle puulle ja kest\u00e4\u00e4 jopa 5 kertaa pidemp\u00e4\u00e4n kuin perinteiset HSS-h\u00f6yl\u00e4nter\u00e4t<\/li>\n<\/ul>\n<p>Lis\u00e4tietoja on Lis\u00e4tietoja l\u00f6ytyy alempana.<\/p>\n<p>***Pakkaukset on valmistettu kovasta kartongista, eiv\u00e4tk\u00e4 sis\u00e4ll\u00e4 muovia.***<\/p>\n","protected":false},"featured_media":15481,"template":"","meta":[],"product_brand":[],"product_cat":[1579,1008,820],"product_tag":[],"class_list":{"0":"post-8147","1":"product","2":"type-product","3":"status-publish","4":"has-post-thumbnail","6":"product_cat-hoovel-hoffmann-adler-bh-556-56mm-fi","7":"product_cat-hoylan-terat-hoffmann-hoylaan","8":"product_cat-hoylanterat-tuottemerkkien-mukaan","10":"first","11":"instock","12":"taxable","13":"shipping-taxable","14":"purchasable","15":"product-type-variable"},"jetpack_sharing_enabled":true,"_links":{"self":[{"href":"https:\/\/helliston.eu\/fi\/wp-json\/wp\/v2\/product\/8147","targetHints":{"allow":["GET"]}}],"collection":[{"href":"https:\/\/helliston.eu\/fi\/wp-json\/wp\/v2\/product"}],"about":[{"href":"https:\/\/helliston.eu\/fi\/wp-json\/wp\/v2\/types\/product"}],"wp:featuredmedia":[{"embeddable":true,"href":"https:\/\/helliston.eu\/fi\/wp-json\/wp\/v2\/media\/15481"}],"wp:attachment":[{"href":"https:\/\/helliston.eu\/fi\/wp-json\/wp\/v2\/media?parent=8147"}],"wp:term":[{"taxonomy":"product_brand","embeddable":true,"href":"https:\/\/helliston.eu\/fi\/wp-json\/wp\/v2\/product_brand?post=8147"},{"taxonomy":"product_cat","embeddable":true,"href":"https:\/\/helliston.eu\/fi\/wp-json\/wp\/v2\/product_cat?post=8147"},{"taxonomy":"product_tag","embeddable":true,"href":"https:\/\/helliston.eu\/fi\/wp-json\/wp\/v2\/product_tag?post=8147"}],"curies":[{"name":"wp","href":"https:\/\/api.w.org\/{rel}","templated":true}]}}