{"id":7989,"date":"2020-11-11T14:01:39","date_gmt":"2020-11-17T20:44:42","guid":{"rendered":"https:\/\/helliston.eu\/?post_type=product&#038;p=7989"},"modified":"2023-03-18T07:48:35","modified_gmt":"2023-03-18T07:48:35","slug":"hoylanterat-hoylaan-scheppach-hms1070-tyyppi-2-hss-261x165x15mm","status":"publish","type":"product","link":"https:\/\/helliston.eu\/fi\/tuote\/hoylanterat-hoylaan-scheppach-hms1070-tyyppi-2-hss-261x165x15mm\/","title":{"rendered":"H\u00f6yl\u00e4nter\u00e4t h\u00f6yl\u00e4\u00e4n Scheppach HMS1070 TYYPPI 2, HSS, 261&#215;16,5&#215;1,5mm"},"content":{"rendered":"","protected":false},"excerpt":{"rendered":"<p>HSS h\u00f6yl\u00e4nter\u00e4t oiko-tasoh\u00f6yl\u00e4\u00e4n <strong>SCHEPPACH HMS1070 TYYPPI 2<\/strong>, 261 x 16,5 x 1,5 mm. 2 ter\u00e4\u00e4\/pkt. Valmistettu kest\u00e4v\u00e4st\u00e4 HSS-nopeater\u00e4ksest\u00e4 (Rockwellin kovuus 63+HRC). Ter\u00e4t ovat teroittetavat. Lis\u00e4tietoja l\u00f6ytyy alempana.<\/p>\n<p><span style=\"color: #0000ff;\">Ennen tilausta tarkista tuotekuvat ja vanhat h\u00f6yl\u00e4nter\u00e4t! Scheppach HMS1070 -h\u00f6yl\u00e4koneita on 2 erilaista. Toiseen h\u00f6yl\u00e4koneeseen tarvitaan 258x22x1,8 mm:n h\u00f6yl\u00e4ter\u00e4t, joissa on 7 reik\u00e4\u00e4 (5 py\u00f6re\u00e4\u00e4, 2 suorakulmaista), toiseen h\u00f6yl\u00e4koneeseen tarvitaan 261&#215;16,5&#215;1,5 mm:n h\u00f6yl\u00e4ter\u00e4t, joissa on 2 reik\u00e4\u00e4.<\/span><\/p>\n","protected":false},"featured_media":12467,"template":"","meta":[],"product_brand":[],"product_cat":[1745,820,1032],"product_tag":[],"class_list":{"0":"post-7989","1":"product","2":"type-product","3":"status-publish","4":"has-post-thumbnail","6":"product_cat-oiko-tasohoyla-scheppach-hms-1070-261-254-mm","7":"product_cat-hoylanterat-tuottemerkkien-mukaan","8":"product_cat-hoylan-terat-scheppach-hoylaan","10":"first","11":"instock","12":"sale","13":"taxable","14":"shipping-taxable","15":"purchasable","16":"product-type-simple"},"jetpack_sharing_enabled":true,"_links":{"self":[{"href":"https:\/\/helliston.eu\/fi\/wp-json\/wp\/v2\/product\/7989","targetHints":{"allow":["GET"]}}],"collection":[{"href":"https:\/\/helliston.eu\/fi\/wp-json\/wp\/v2\/product"}],"about":[{"href":"https:\/\/helliston.eu\/fi\/wp-json\/wp\/v2\/types\/product"}],"wp:featuredmedia":[{"embeddable":true,"href":"https:\/\/helliston.eu\/fi\/wp-json\/wp\/v2\/media\/12467"}],"wp:attachment":[{"href":"https:\/\/helliston.eu\/fi\/wp-json\/wp\/v2\/media?parent=7989"}],"wp:term":[{"taxonomy":"product_brand","embeddable":true,"href":"https:\/\/helliston.eu\/fi\/wp-json\/wp\/v2\/product_brand?post=7989"},{"taxonomy":"product_cat","embeddable":true,"href":"https:\/\/helliston.eu\/fi\/wp-json\/wp\/v2\/product_cat?post=7989"},{"taxonomy":"product_tag","embeddable":true,"href":"https:\/\/helliston.eu\/fi\/wp-json\/wp\/v2\/product_tag?post=7989"}],"curies":[{"name":"wp","href":"https:\/\/api.w.org\/{rel}","templated":true}]}}