{"id":7884,"date":"2020-11-15T18:18:56","date_gmt":"2020-11-15T18:18:58","guid":{"rendered":"https:\/\/helliston.eu\/?post_type=product&#038;p=7884"},"modified":"2021-03-28T17:56:59","modified_gmt":"2021-03-28T17:56:59","slug":"hss-wolfram-18-hoylanterat-260x20x3mm-metabo-hc-260-c-hc-260-m-hc-260-k-hoyliin-kahdella-kiinnitys-kololla-2-kpl","status":"publish","type":"product","link":"https:\/\/helliston.eu\/fi\/tuote\/hss-wolfram-18-hoylanterat-260x20x3mm-metabo-hc-260-c-hc-260-m-hc-260-k-hoyliin-kahdella-kiinnitys-kololla-2-kpl\/","title":{"rendered":"HSS Wolfram 18% H\u00f6yl\u00e4nter\u00e4t 260x20x3mm Metabo HC 260 C, HC 260 M, HC 260 K -h\u00f6yliin, KAHDELLA KIINNITYSAVAUKSELLA, 2 kpl"},"content":{"rendered":"","protected":false},"excerpt":{"rendered":"<p><strong>T1 HSS Wolfram 18%\u00a0 H\u00f6yl\u00e4nter\u00e4t 260x20x3mm Metabo HC 260 C, HC 260 M, HC 260 K -h\u00f6yliin, KAHDELLA KIINNITYSAVAUKSELLA<\/strong>. 2 ter\u00e4\u00e4\/pkt. Valmistettu ensiluokkaisesta T1 HSS W18% -pikater\u00e4ksest\u00e4 (Rockwellin kovuus 63-65 HRC). T1 HSS W18% ter\u00e4t ovat kest\u00e4v\u00e4mm\u00e4t verrattuna tavanomaiseen HSS:iin \u2013 loisatva valinta sek\u00e4 kovan ett\u00e4 pehme\u00e4n puun k\u00e4sittelyyn!\u00a0 Ter\u00e4t ovat teroittetavat.\u00a0 Lis\u00e4tietoja l\u00f6ytyy alempana.<\/p>\n","protected":false},"featured_media":7427,"template":"","meta":[],"product_brand":[],"product_cat":[1025,1678],"product_tag":[],"class_list":{"0":"post-7884","1":"product","2":"type-product","3":"status-publish","4":"has-post-thumbnail","6":"product_cat-hoylan-terat-metabo-hoylaan","7":"product_cat-oiko-tasohoyla-hc260c-hc260m-hc260k-260-mm","9":"first","10":"outofstock","11":"taxable","12":"shipping-taxable","13":"purchasable","14":"product-type-simple"},"jetpack_sharing_enabled":true,"_links":{"self":[{"href":"https:\/\/helliston.eu\/fi\/wp-json\/wp\/v2\/product\/7884","targetHints":{"allow":["GET"]}}],"collection":[{"href":"https:\/\/helliston.eu\/fi\/wp-json\/wp\/v2\/product"}],"about":[{"href":"https:\/\/helliston.eu\/fi\/wp-json\/wp\/v2\/types\/product"}],"wp:featuredmedia":[{"embeddable":true,"href":"https:\/\/helliston.eu\/fi\/wp-json\/wp\/v2\/media\/7427"}],"wp:attachment":[{"href":"https:\/\/helliston.eu\/fi\/wp-json\/wp\/v2\/media?parent=7884"}],"wp:term":[{"taxonomy":"product_brand","embeddable":true,"href":"https:\/\/helliston.eu\/fi\/wp-json\/wp\/v2\/product_brand?post=7884"},{"taxonomy":"product_cat","embeddable":true,"href":"https:\/\/helliston.eu\/fi\/wp-json\/wp\/v2\/product_cat?post=7884"},{"taxonomy":"product_tag","embeddable":true,"href":"https:\/\/helliston.eu\/fi\/wp-json\/wp\/v2\/product_tag?post=7884"}],"curies":[{"name":"wp","href":"https:\/\/api.w.org\/{rel}","templated":true}]}}