{"id":7864,"date":"2020-11-15T18:09:32","date_gmt":"2020-11-15T18:09:33","guid":{"rendered":"https:\/\/helliston.eu\/?post_type=product&#038;p=7864"},"modified":"2021-03-28T17:59:54","modified_gmt":"2021-03-28T17:59:54","slug":"hm-tct-hoylanterat-260x20x3mm-metabo-hc-260-c-hc-260-m-hc-260-k-hoyliin-2-kpl","status":"publish","type":"product","link":"https:\/\/www.helliston.eu\/fi\/tuote\/hm-tct-hoylanterat-260x20x3mm-metabo-hc-260-c-hc-260-m-hc-260-k-hoyliin-2-kpl\/","title":{"rendered":"HM\/TCT H\u00f6yl\u00e4nter\u00e4t 260x20x3mm Metabo HC 260 C, HC 260 M, HC 260 K -h\u00f6yliin, ILMAN KIINNITYSAVAUKSIA, 2 kpl"},"content":{"rendered":"","protected":false},"excerpt":{"rendered":"<p><strong>HM\/TCT H\u00f6yl\u00e4nter\u00e4t\u00a0260x20x3mm Metabo HC 260 C, HC 260 M, HC 260 K -h\u00f6yliin, ILMAN KIINNITYSAVAUKSIA.<\/strong> 2 ter\u00e4\u00e4\/ pkt. Valmistettu kest\u00e4v\u00e4st\u00e4 kovametallista\/ volframkarbidista (Rockwellin kovuus 90+HRA). Optimaalinen jokaiselle puutyypille ja puumateriaalille. HM\/TCT ter\u00e4d kest\u00e4v\u00e4t jopa 5 kertaa kauemmin ter\u00e4vin\u00e4 verrattuna HSS:\u00e4\u00e4n. Ter\u00e4t ovat teroittetavat. Lis\u00e4tietoja l\u00f6ytyy alempana.<\/p>\n<p><span class=\"_5yl5\">\u00a0<\/span><\/p>\n","protected":false},"featured_media":7535,"template":"","meta":[],"product_brand":[],"product_cat":[1025,1678],"product_tag":[],"class_list":{"0":"post-7864","1":"product","2":"type-product","3":"status-publish","4":"has-post-thumbnail","6":"product_cat-hoylan-terat-metabo-hoylaan","7":"product_cat-oiko-tasohoyla-hc260c-hc260m-hc260k-260-mm","9":"first","10":"instock","11":"taxable","12":"shipping-taxable","13":"purchasable","14":"product-type-simple"},"jetpack_sharing_enabled":true,"_links":{"self":[{"href":"https:\/\/www.helliston.eu\/fi\/wp-json\/wp\/v2\/product\/7864","targetHints":{"allow":["GET"]}}],"collection":[{"href":"https:\/\/www.helliston.eu\/fi\/wp-json\/wp\/v2\/product"}],"about":[{"href":"https:\/\/www.helliston.eu\/fi\/wp-json\/wp\/v2\/types\/product"}],"wp:featuredmedia":[{"embeddable":true,"href":"https:\/\/www.helliston.eu\/fi\/wp-json\/wp\/v2\/media\/7535"}],"wp:attachment":[{"href":"https:\/\/www.helliston.eu\/fi\/wp-json\/wp\/v2\/media?parent=7864"}],"wp:term":[{"taxonomy":"product_brand","embeddable":true,"href":"https:\/\/www.helliston.eu\/fi\/wp-json\/wp\/v2\/product_brand?post=7864"},{"taxonomy":"product_cat","embeddable":true,"href":"https:\/\/www.helliston.eu\/fi\/wp-json\/wp\/v2\/product_cat?post=7864"},{"taxonomy":"product_tag","embeddable":true,"href":"https:\/\/www.helliston.eu\/fi\/wp-json\/wp\/v2\/product_tag?post=7864"}],"curies":[{"name":"wp","href":"https:\/\/api.w.org\/{rel}","templated":true}]}}