{"id":7851,"date":"2020-11-15T17:52:17","date_gmt":"2020-11-15T17:52:17","guid":{"rendered":"https:\/\/helliston.eu\/?post_type=product&#038;p=7851"},"modified":"2023-03-29T18:25:19","modified_gmt":"2023-03-29T18:25:19","slug":"hoylanterat-hoylaan-metabo-hc260c-hc260-m-hc260-k-hss-260x186x15-mm","status":"publish","type":"product","link":"https:\/\/www.helliston.eu\/fi\/tuote\/hoylanterat-hoylaan-metabo-hc260c-hc260-m-hc260-k-hss-260x186x15-mm\/","title":{"rendered":"H\u00f6yl\u00e4nter\u00e4t h\u00f6yl\u00e4\u00e4n Metabo HC260C, HC260\/M, HC260\/K, HSS, 260&#215;18,6&#215;1,5 mm"},"content":{"rendered":"","protected":false},"excerpt":{"rendered":"<p>HSS h\u00f6yl\u00e4nter\u00e4t oiko-tasoh\u00f6yl\u00e4\u00e4n Metabo HC260\/C, HC260\/M, HC260\/K, 260 x 18,6 x 1,5 mm, K\u00c4\u00c4NT\u00d6TER\u00c4T. 2 ter\u00e4\u00e4\/pkt. Valmistettu kest\u00e4v\u00e4st\u00e4 HSS-nopeater\u00e4ksest\u00e4 (Rockwellin kovuus 63+HRC). Ter\u00e4t ovat teroittetavat. Lis\u00e4tietoja on Lis\u00e4tietoja l\u00f6ytyy alempana.<\/p>\n","protected":false},"featured_media":12877,"template":"","meta":[],"product_brand":[],"product_cat":[820,1025,1678],"product_tag":[4341],"class_list":{"0":"post-7851","1":"product","2":"type-product","3":"status-publish","4":"has-post-thumbnail","6":"product_cat-hoylanterat-tuottemerkkien-mukaan","7":"product_cat-hoylan-terat-metabo-hoylaan","8":"product_cat-oiko-tasohoyla-hc260c-hc260m-hc260k-260-mm","9":"product_tag-260-18-fi-2","11":"first","12":"outofstock","13":"taxable","14":"shipping-taxable","15":"purchasable","16":"product-type-simple"},"jetpack_sharing_enabled":true,"_links":{"self":[{"href":"https:\/\/www.helliston.eu\/fi\/wp-json\/wp\/v2\/product\/7851","targetHints":{"allow":["GET"]}}],"collection":[{"href":"https:\/\/www.helliston.eu\/fi\/wp-json\/wp\/v2\/product"}],"about":[{"href":"https:\/\/www.helliston.eu\/fi\/wp-json\/wp\/v2\/types\/product"}],"wp:featuredmedia":[{"embeddable":true,"href":"https:\/\/www.helliston.eu\/fi\/wp-json\/wp\/v2\/media\/12877"}],"wp:attachment":[{"href":"https:\/\/www.helliston.eu\/fi\/wp-json\/wp\/v2\/media?parent=7851"}],"wp:term":[{"taxonomy":"product_brand","embeddable":true,"href":"https:\/\/www.helliston.eu\/fi\/wp-json\/wp\/v2\/product_brand?post=7851"},{"taxonomy":"product_cat","embeddable":true,"href":"https:\/\/www.helliston.eu\/fi\/wp-json\/wp\/v2\/product_cat?post=7851"},{"taxonomy":"product_tag","embeddable":true,"href":"https:\/\/www.helliston.eu\/fi\/wp-json\/wp\/v2\/product_tag?post=7851"}],"curies":[{"name":"wp","href":"https:\/\/api.w.org\/{rel}","templated":true}]}}