{"id":6284,"date":"2020-01-16T18:12:28","date_gmt":"2020-01-17T09:11:39","guid":{"rendered":"https:\/\/helliston.eu\/?post_type=product&#038;p=6284"},"modified":"2020-01-17T09:11:39","modified_gmt":"2020-01-17T09:11:39","slug":"hm-tct-hoylanterat-260x18x3mm-scheppach-hm1-hm2-hms260-hms2600-hmc2600-hm260ci-hms2600ci-hoyliin-2-kpl","status":"publish","type":"product","link":"https:\/\/helliston.eu\/fi\/tuote\/hm-tct-hoylanterat-260x18x3mm-scheppach-hm1-hm2-hms260-hms2600-hmc2600-hm260ci-hms2600ci-hoyliin-2-kpl\/","title":{"rendered":"HM\/TCT H\u00f6yl\u00e4nter\u00e4t 260x18x3mm Scheppach HM1, HM2, HMS260, HMS2600, HMC2600, HM260Ci, HMS2600Ci h\u00f6yliin (2 kpl)"},"content":{"rendered":"","protected":false},"excerpt":{"rendered":"","protected":false},"featured_media":5997,"template":"","meta":[],"product_brand":[],"product_cat":[426,272],"product_tag":[],"class_list":{"0":"post-6284","1":"product","2":"type-product","3":"status-publish","4":"has-post-thumbnail","6":"product_cat-260mm-for-scheppach-hms260-metabo-elektra-beckum-hc260-hc260m-hc260c-hc260e-hc260es-hc260k-fi","7":"product_cat-hoylanterat","9":"first","10":"outofstock","11":"taxable","12":"shipping-taxable","13":"product-type-simple"},"jetpack_sharing_enabled":true,"_links":{"self":[{"href":"https:\/\/helliston.eu\/fi\/wp-json\/wp\/v2\/product\/6284","targetHints":{"allow":["GET"]}}],"collection":[{"href":"https:\/\/helliston.eu\/fi\/wp-json\/wp\/v2\/product"}],"about":[{"href":"https:\/\/helliston.eu\/fi\/wp-json\/wp\/v2\/types\/product"}],"wp:featuredmedia":[{"embeddable":true,"href":"https:\/\/helliston.eu\/fi\/wp-json\/wp\/v2\/media\/5997"}],"wp:attachment":[{"href":"https:\/\/helliston.eu\/fi\/wp-json\/wp\/v2\/media?parent=6284"}],"wp:term":[{"taxonomy":"product_brand","embeddable":true,"href":"https:\/\/helliston.eu\/fi\/wp-json\/wp\/v2\/product_brand?post=6284"},{"taxonomy":"product_cat","embeddable":true,"href":"https:\/\/helliston.eu\/fi\/wp-json\/wp\/v2\/product_cat?post=6284"},{"taxonomy":"product_tag","embeddable":true,"href":"https:\/\/helliston.eu\/fi\/wp-json\/wp\/v2\/product_tag?post=6284"}],"curies":[{"name":"wp","href":"https:\/\/api.w.org\/{rel}","templated":true}]}}