{"id":6282,"date":"2020-01-05T18:48:49","date_gmt":"2020-01-17T09:04:13","guid":{"rendered":"https:\/\/helliston.eu\/?post_type=product&#038;p=6282"},"modified":"2020-01-17T09:04:14","modified_gmt":"2020-01-17T09:04:14","slug":"hss-wolfram-18-hoylanterat-260x20x3mm-2-kpl","status":"publish","type":"product","link":"https:\/\/helliston.eu\/fi\/tuote\/hss-wolfram-18-hoylanterat-260x20x3mm-2-kpl\/","title":{"rendered":"HSS Wolfram 18% H\u00f6yl\u00e4nter\u00e4t 260x20x3mm (2 kpl)"},"content":{"rendered":"","protected":false},"excerpt":{"rendered":"","protected":false},"featured_media":7549,"template":"","meta":[],"product_brand":[],"product_cat":[426,272],"product_tag":[],"class_list":{"0":"post-6282","1":"product","2":"type-product","3":"status-publish","4":"has-post-thumbnail","6":"product_cat-260mm-for-scheppach-hms260-metabo-elektra-beckum-hc260-hc260m-hc260c-hc260e-hc260es-hc260k-fi","7":"product_cat-hoylanterat","9":"first","10":"instock","11":"taxable","12":"shipping-taxable","13":"purchasable","14":"product-type-simple"},"jetpack_sharing_enabled":true,"_links":{"self":[{"href":"https:\/\/helliston.eu\/fi\/wp-json\/wp\/v2\/product\/6282","targetHints":{"allow":["GET"]}}],"collection":[{"href":"https:\/\/helliston.eu\/fi\/wp-json\/wp\/v2\/product"}],"about":[{"href":"https:\/\/helliston.eu\/fi\/wp-json\/wp\/v2\/types\/product"}],"wp:featuredmedia":[{"embeddable":true,"href":"https:\/\/helliston.eu\/fi\/wp-json\/wp\/v2\/media\/7549"}],"wp:attachment":[{"href":"https:\/\/helliston.eu\/fi\/wp-json\/wp\/v2\/media?parent=6282"}],"wp:term":[{"taxonomy":"product_brand","embeddable":true,"href":"https:\/\/helliston.eu\/fi\/wp-json\/wp\/v2\/product_brand?post=6282"},{"taxonomy":"product_cat","embeddable":true,"href":"https:\/\/helliston.eu\/fi\/wp-json\/wp\/v2\/product_cat?post=6282"},{"taxonomy":"product_tag","embeddable":true,"href":"https:\/\/helliston.eu\/fi\/wp-json\/wp\/v2\/product_tag?post=6282"}],"curies":[{"name":"wp","href":"https:\/\/api.w.org\/{rel}","templated":true}]}}