{"id":6280,"date":"2020-01-05T18:25:42","date_gmt":"2020-01-17T09:02:53","guid":{"rendered":"https:\/\/helliston.eu\/?post_type=product&#038;p=6280"},"modified":"2023-03-30T18:35:02","modified_gmt":"2023-03-30T18:35:02","slug":"hoylanterat-hoylaan-triton-tpl180-hss-180x8x2mm","status":"publish","type":"product","link":"https:\/\/helliston.eu\/fi\/tuote\/hoylanterat-hoylaan-triton-tpl180-hss-180x8x2mm\/","title":{"rendered":"H\u00f6yl\u00e4nter\u00e4t h\u00f6yl\u00e4\u00e4n Triton TPL180, HSS, 180x8x2mm"},"content":{"rendered":"","protected":false},"excerpt":{"rendered":"<p>HSS h\u00f6yl\u00e4nter\u00e4t h\u00f6yl\u00e4\u00e4nTriton TPL 180, 180x8x2mm. 3 h\u00f6yl\u00e4nter\u00e4\u00e4\/pakkaus. Valmistettu kest\u00e4v\u00e4st\u00e4 HSS-nopeater\u00e4ksest\u00e4 (Rockwellin kovuus 63+HRC). Ter\u00e4t ovat teroittetavat. Lis\u00e4tietoja on Lis\u00e4tietoja l\u00f6ytyy alempana.<\/p>\n<p>*** N\u00e4m\u00e4 ter\u00e4t kest\u00e4v\u00e4t paljon kauemmin kuin alkuper\u00e4iset ter\u00e4t. Alkuper\u00e4iset ter\u00e4t on valmistettu 65Mn ter\u00e4ksest\u00e4.***<\/p>\n","protected":false},"featured_media":7507,"template":"","meta":[],"product_brand":[],"product_cat":[418,1041,1790],"product_tag":[],"class_list":{"0":"post-6280","1":"product","2":"type-product","3":"status-publish","4":"has-post-thumbnail","6":"product_cat-180mm-triton-tpl180-hoylaan","7":"product_cat-hoylan-terat-triton-hoylaan","8":"product_cat-hoyla-triton-tpl-180-180mm","10":"first","11":"instock","12":"taxable","13":"shipping-taxable","14":"purchasable","15":"product-type-simple"},"jetpack_sharing_enabled":true,"_links":{"self":[{"href":"https:\/\/helliston.eu\/fi\/wp-json\/wp\/v2\/product\/6280","targetHints":{"allow":["GET"]}}],"collection":[{"href":"https:\/\/helliston.eu\/fi\/wp-json\/wp\/v2\/product"}],"about":[{"href":"https:\/\/helliston.eu\/fi\/wp-json\/wp\/v2\/types\/product"}],"wp:featuredmedia":[{"embeddable":true,"href":"https:\/\/helliston.eu\/fi\/wp-json\/wp\/v2\/media\/7507"}],"wp:attachment":[{"href":"https:\/\/helliston.eu\/fi\/wp-json\/wp\/v2\/media?parent=6280"}],"wp:term":[{"taxonomy":"product_brand","embeddable":true,"href":"https:\/\/helliston.eu\/fi\/wp-json\/wp\/v2\/product_brand?post=6280"},{"taxonomy":"product_cat","embeddable":true,"href":"https:\/\/helliston.eu\/fi\/wp-json\/wp\/v2\/product_cat?post=6280"},{"taxonomy":"product_tag","embeddable":true,"href":"https:\/\/helliston.eu\/fi\/wp-json\/wp\/v2\/product_tag?post=6280"}],"curies":[{"name":"wp","href":"https:\/\/api.w.org\/{rel}","templated":true}]}}