{"id":6279,"date":"2020-01-05T18:20:20","date_gmt":"2020-01-17T09:01:57","guid":{"rendered":"https:\/\/helliston.eu\/?post_type=product&#038;p=6279"},"modified":"2021-03-29T11:23:30","modified_gmt":"2021-03-29T11:23:30","slug":"hm-tct-hoylanterat-320-x-18-x-3mm-scheppach-hmc3200-hmc3200ci-hoyliin-2-kpl","status":"publish","type":"product","link":"https:\/\/helliston.eu\/fi\/tuote\/hm-tct-hoylanterat-320-x-18-x-3mm-scheppach-hmc3200-hmc3200ci-hoyliin-2-kpl\/","title":{"rendered":"HM\/TCT H\u00f6yl\u00e4nter\u00e4t 320 x 18 x 3mm Scheppach HMC3200, HMC3200CI -h\u00f6yliin, 2 kpl"},"content":{"rendered":"","protected":false},"excerpt":{"rendered":"<p><strong>HM\/TCT H\u00f6yl\u00e4nter\u00e4t 320x18x3mm Scheppach HMC3200, HMC3200CI -h\u00f6yl\u00e4\u00e4n.<\/strong> 2 ter\u00e4\u00e4\/ pkt. Valmistettu kest\u00e4v\u00e4st\u00e4 kovametallista\/ volframkarbidista (Rockwellin kovuus 90+HRA). Optimaalinen jokaiselle puutyypille ja puumateriaalille. HM\/TCT ter\u00e4d kest\u00e4v\u00e4t jopa 5 kertaa kauemmin ter\u00e4vin\u00e4 verrattuna HSS:\u00e4\u00e4n. Ter\u00e4t ovat teroittetavat. Lis\u00e4tietoja l\u00f6ytyy alempana.<\/p>\n","protected":false},"featured_media":7571,"template":"","meta":[],"product_brand":[],"product_cat":[437,1743,272,1032],"product_tag":[],"class_list":{"0":"post-6279","1":"product","2":"type-product","3":"status-publish","4":"has-post-thumbnail","6":"product_cat-320-scheppach-hmc-3200-3200-ci-hoyliin","7":"product_cat-oiko-tasohoyla-scheppach-hms-hmc-3200-ci-320mm","8":"product_cat-hoylanterat","9":"product_cat-hoylan-terat-scheppach-hoylaan","11":"first","12":"instock","13":"taxable","14":"shipping-taxable","15":"purchasable","16":"product-type-simple"},"jetpack_sharing_enabled":true,"_links":{"self":[{"href":"https:\/\/helliston.eu\/fi\/wp-json\/wp\/v2\/product\/6279","targetHints":{"allow":["GET"]}}],"collection":[{"href":"https:\/\/helliston.eu\/fi\/wp-json\/wp\/v2\/product"}],"about":[{"href":"https:\/\/helliston.eu\/fi\/wp-json\/wp\/v2\/types\/product"}],"wp:featuredmedia":[{"embeddable":true,"href":"https:\/\/helliston.eu\/fi\/wp-json\/wp\/v2\/media\/7571"}],"wp:attachment":[{"href":"https:\/\/helliston.eu\/fi\/wp-json\/wp\/v2\/media?parent=6279"}],"wp:term":[{"taxonomy":"product_brand","embeddable":true,"href":"https:\/\/helliston.eu\/fi\/wp-json\/wp\/v2\/product_brand?post=6279"},{"taxonomy":"product_cat","embeddable":true,"href":"https:\/\/helliston.eu\/fi\/wp-json\/wp\/v2\/product_cat?post=6279"},{"taxonomy":"product_tag","embeddable":true,"href":"https:\/\/helliston.eu\/fi\/wp-json\/wp\/v2\/product_tag?post=6279"}],"curies":[{"name":"wp","href":"https:\/\/api.w.org\/{rel}","templated":true}]}}