{"id":6273,"date":"2019-12-25T13:09:53","date_gmt":"2020-01-17T08:29:33","guid":{"rendered":"https:\/\/helliston.eu\/?post_type=product&#038;p=6273"},"modified":"2021-03-28T17:10:06","modified_gmt":"2021-03-28T17:10:06","slug":"hss-wolfram-18-hoylanterat-320-x-18-x-3mm-scheppach-hmc3200-hmc3200ci-hoyliin-2-kpl","status":"publish","type":"product","link":"https:\/\/helliston.eu\/fi\/tuote\/hss-wolfram-18-hoylanterat-320-x-18-x-3mm-scheppach-hmc3200-hmc3200ci-hoyliin-2-kpl\/","title":{"rendered":"HSS Wolfram 18% H\u00f6yl\u00e4nter\u00e4t 320 x 18 x 3mm Scheppach HMC3200, HMC3200CI -h\u00f6yliin, 2 kpl"},"content":{"rendered":"","protected":false},"excerpt":{"rendered":"<p><strong>T1 HSS Wolfram 18%\u00a0 h\u00f6yl\u00e4nter\u00e4t\u00a0 320x18x3mm Scheppach HMC3200, HMC3200CI -h\u00f6yl\u00e4\u00e4n<\/strong>. 2 ter\u00e4\u00e4\/pkt. Valmistettu ensiluokkaisesta T1 HSS W18% -pikater\u00e4ksest\u00e4 (Rockwellin kovuus 63-65 HRC). T1 HSS W18% ter\u00e4t ovat kest\u00e4v\u00e4mm\u00e4t verrattuna tavanomaiseen HSS:iin \u2013 loisatva valinta sek\u00e4 kovan ett\u00e4 pehme\u00e4n puun k\u00e4sittelyyn!\u00a0 Ter\u00e4t ovat teroittetavat.\u00a0 Lis\u00e4tietoja l\u00f6ytyy alempana.<\/p>\n","protected":false},"featured_media":7585,"template":"","meta":[],"product_brand":[],"product_cat":[437,1743,272,1032],"product_tag":[],"class_list":{"0":"post-6273","1":"product","2":"type-product","3":"status-publish","4":"has-post-thumbnail","6":"product_cat-320-scheppach-hmc-3200-3200-ci-hoyliin","7":"product_cat-oiko-tasohoyla-scheppach-hms-hmc-3200-ci-320mm","8":"product_cat-hoylanterat","9":"product_cat-hoylan-terat-scheppach-hoylaan","11":"first","12":"instock","13":"sale","14":"taxable","15":"shipping-taxable","16":"purchasable","17":"product-type-simple"},"jetpack_sharing_enabled":true,"_links":{"self":[{"href":"https:\/\/helliston.eu\/fi\/wp-json\/wp\/v2\/product\/6273","targetHints":{"allow":["GET"]}}],"collection":[{"href":"https:\/\/helliston.eu\/fi\/wp-json\/wp\/v2\/product"}],"about":[{"href":"https:\/\/helliston.eu\/fi\/wp-json\/wp\/v2\/types\/product"}],"wp:featuredmedia":[{"embeddable":true,"href":"https:\/\/helliston.eu\/fi\/wp-json\/wp\/v2\/media\/7585"}],"wp:attachment":[{"href":"https:\/\/helliston.eu\/fi\/wp-json\/wp\/v2\/media?parent=6273"}],"wp:term":[{"taxonomy":"product_brand","embeddable":true,"href":"https:\/\/helliston.eu\/fi\/wp-json\/wp\/v2\/product_brand?post=6273"},{"taxonomy":"product_cat","embeddable":true,"href":"https:\/\/helliston.eu\/fi\/wp-json\/wp\/v2\/product_cat?post=6273"},{"taxonomy":"product_tag","embeddable":true,"href":"https:\/\/helliston.eu\/fi\/wp-json\/wp\/v2\/product_tag?post=6273"}],"curies":[{"name":"wp","href":"https:\/\/api.w.org\/{rel}","templated":true}]}}