{"id":25666,"date":"2024-07-08T16:52:43","date_gmt":"2024-07-08T17:15:54","guid":{"rendered":"https:\/\/helliston.eu\/?post_type=product&#038;p=25666"},"modified":"2024-07-08T17:27:58","modified_gmt":"2024-07-08T17:27:58","slug":"maalijyrsimen-terat-metabo-lf-724-s-lf-714-s-lf-850-s-jyrsimeen-kovametalli","status":"publish","type":"product","link":"https:\/\/helliston.eu\/fi\/tuote\/maalijyrsimen-terat-metabo-lf-724-s-lf-714-s-lf-850-s-jyrsimeen-kovametalli\/","title":{"rendered":"Maalijyrsimen ter\u00e4t Metabo LF 724 S, LF 714 S, LF 850 S -jyrsimeen, kovametalli, 10 kpl"},"content":{"rendered":"","protected":false},"excerpt":{"rendered":"<p>Kovametalli-ter\u00e4t 14x14x2,0 maalijyrsimeen Metabo LF 724 S, LF 714 S, LF 850 S. 10 kpl\/pakkauksessa. Vaihtoter\u00e4t on valmistettu eritt\u00e4in hienosta kovametallista (kovuus Rockwellin asteikolla on 93,6 HRA). Ter\u00e4t Metabo LF 724 S, LF 714 S, LF 850 S -maalijyrsimeen ovat \u00e4\u00e4rimm\u00e4isen kest\u00e4vi\u00e4 ja suorituskykyisi\u00e4. Nelj\u00e4 leikkuureunaa, jotka on teroitettu Ra0.2-tarkkuuteen, takaavat optimaalisen ter\u00e4vyyden ja t\u00e4ydellisen viimeistelyn jokaisella k\u00e4ytt\u00f6kerralla.<\/p>\n","protected":false},"featured_media":25546,"template":"","meta":[],"product_brand":[],"product_cat":[273],"product_tag":[],"class_list":{"0":"post-25666","1":"product","2":"type-product","3":"status-publish","4":"has-post-thumbnail","6":"product_cat-maalikaapimen-terat","8":"first","9":"instock","10":"taxable","11":"shipping-taxable","12":"purchasable","13":"product-type-simple"},"jetpack_sharing_enabled":true,"_links":{"self":[{"href":"https:\/\/helliston.eu\/fi\/wp-json\/wp\/v2\/product\/25666","targetHints":{"allow":["GET"]}}],"collection":[{"href":"https:\/\/helliston.eu\/fi\/wp-json\/wp\/v2\/product"}],"about":[{"href":"https:\/\/helliston.eu\/fi\/wp-json\/wp\/v2\/types\/product"}],"wp:featuredmedia":[{"embeddable":true,"href":"https:\/\/helliston.eu\/fi\/wp-json\/wp\/v2\/media\/25546"}],"wp:attachment":[{"href":"https:\/\/helliston.eu\/fi\/wp-json\/wp\/v2\/media?parent=25666"}],"wp:term":[{"taxonomy":"product_brand","embeddable":true,"href":"https:\/\/helliston.eu\/fi\/wp-json\/wp\/v2\/product_brand?post=25666"},{"taxonomy":"product_cat","embeddable":true,"href":"https:\/\/helliston.eu\/fi\/wp-json\/wp\/v2\/product_cat?post=25666"},{"taxonomy":"product_tag","embeddable":true,"href":"https:\/\/helliston.eu\/fi\/wp-json\/wp\/v2\/product_tag?post=25666"}],"curies":[{"name":"wp","href":"https:\/\/api.w.org\/{rel}","templated":true}]}}