{"id":24996,"date":"2024-05-03T14:35:02","date_gmt":"2024-05-04T14:06:49","guid":{"rendered":"https:\/\/helliston.eu\/product\/maalikaapimeen-anza-maalikaavin-vara-vaihto-tera-kovametalli-volframkarbidi\/"},"modified":"2024-05-04T14:39:39","modified_gmt":"2024-05-04T14:39:39","slug":"maalikaapimeen-anza-maalikaavin-vara-vaihto-tera-kovametalli-volframkarbidi","status":"publish","type":"product","link":"https:\/\/helliston.eu\/fi\/tuote\/maalikaapimeen-anza-maalikaavin-vara-vaihto-tera-kovametalli-volframkarbidi\/","title":{"rendered":"Kovametalliter\u00e4 Anza :n maalikaapimeen, volframkarbid"},"content":{"rendered":"","protected":false},"excerpt":{"rendered":"<p>Kovametalli-varater\u00e4 maalikaapimeen Anza. Valmistettu korkealaatuisesta mikro-volframikarbidista. Varater\u00e4t ovat eritt\u00e4in ter\u00e4vi\u00e4 ja ihanteellisia maalin, ruosteen ja lakkojen, antifoulingin poistamiseen. Kovametalli takaa pitk\u00e4n k\u00e4ytt\u00f6i\u00e4n, my\u00f6s vaativissa projekteissa. Listauksestamme l\u00f6yd\u00e4t: 50 mm, 25 mm (kolmio), p\u00e4\u00e4ryn\u00e4nmuotoiset, pisaranmuotoiset ja py\u00f6re\u00e4t vaihtoter\u00e4t. 50 mm:n ter\u00e4t ovat k\u00e4\u00e4nnett\u00e4vi\u00e4 ja voidaan k\u00e4ytt\u00e4\u00e4 molemilla puolella.<\/p>\n<p><strong>Huomaa, ett\u00e4 50 mm:n kovametalliter\u00e4t:<\/strong><\/p>\n<ul>\n<li><strong>myyd\u00e4\u00e4n pareittain, eli yksi pakkaus sis\u00e4lt\u00e4\u00e4 2 varater\u00e4\u00e4!<\/strong><\/li>\n<li><strong>ovat Anzan vasarap\u00e4iseen ja kaksik\u00e4tiseen kaapimeen!<\/strong><\/li>\n<\/ul>\n","protected":false},"featured_media":24857,"template":"","meta":[],"product_brand":[],"product_cat":[3651,273],"product_tag":[],"class_list":{"0":"post-24996","1":"product","2":"type-product","3":"status-publish","4":"has-post-thumbnail","6":"product_cat-vaihtoterat-varatera-maalikaapimeen-maalikaavin-anza","7":"product_cat-maalikaapimen-terat","9":"first","10":"instock","11":"taxable","12":"shipping-taxable","13":"purchasable","14":"product-type-variable"},"jetpack_sharing_enabled":true,"_links":{"self":[{"href":"https:\/\/helliston.eu\/fi\/wp-json\/wp\/v2\/product\/24996","targetHints":{"allow":["GET"]}}],"collection":[{"href":"https:\/\/helliston.eu\/fi\/wp-json\/wp\/v2\/product"}],"about":[{"href":"https:\/\/helliston.eu\/fi\/wp-json\/wp\/v2\/types\/product"}],"wp:featuredmedia":[{"embeddable":true,"href":"https:\/\/helliston.eu\/fi\/wp-json\/wp\/v2\/media\/24857"}],"wp:attachment":[{"href":"https:\/\/helliston.eu\/fi\/wp-json\/wp\/v2\/media?parent=24996"}],"wp:term":[{"taxonomy":"product_brand","embeddable":true,"href":"https:\/\/helliston.eu\/fi\/wp-json\/wp\/v2\/product_brand?post=24996"},{"taxonomy":"product_cat","embeddable":true,"href":"https:\/\/helliston.eu\/fi\/wp-json\/wp\/v2\/product_cat?post=24996"},{"taxonomy":"product_tag","embeddable":true,"href":"https:\/\/helliston.eu\/fi\/wp-json\/wp\/v2\/product_tag?post=24996"}],"curies":[{"name":"wp","href":"https:\/\/api.w.org\/{rel}","templated":true}]}}