{"id":24983,"date":"2024-05-03T14:15:04","date_gmt":"2024-05-04T10:40:23","guid":{"rendered":"https:\/\/helliston.eu\/product\/kaapimen-gelplane-vacuum-pro-scraper-vaihto-vara-tera-kovametalli-imu-maali-kaavin-volframkarbidi\/"},"modified":"2024-05-04T15:03:42","modified_gmt":"2024-05-04T15:03:42","slug":"kaapimen-gelplane-vacuum-pro-scraper-vaihto-vara-tera-kovametalli-imu-maali-kaavin-volframkarbidi","status":"publish","type":"product","link":"https:\/\/helliston.eu\/fi\/tuote\/kaapimen-gelplane-vacuum-pro-scraper-vaihto-vara-tera-kovametalli-imu-maali-kaavin-volframkarbidi\/","title":{"rendered":"Kovametalliter\u00e4t Gelplane Vacuum Pro Scraper -imukaapimeen, volframkarbidi"},"content":{"rendered":"","protected":false},"excerpt":{"rendered":"<p>Kovametallist\u00e4 vaihtoter\u00e4t Gelplane Pro Scraper Vacuum -imukaapimeen. Valmistettu korkealaatuisesta mikro-volframikarbidista. Varater\u00e4t ovat eritt\u00e4in ter\u00e4vi\u00e4 ja ihanteellisia antifouling:in, maalin, ruosteen ja lakkojen poistamiseen. Kovametalli takaa pitk\u00e4n k\u00e4ytt\u00f6i\u00e4n, my\u00f6s vaativissa projekteissa. Lis\u00e4ksi, kaapimen Gelplane Vacuum Pro Scrape:in vaihtoter\u00e4t ovat k\u00e4\u00e4nnett\u00e4vi\u00e4 ja voidaan k\u00e4ytt\u00e4\u00e4 molemilla puolella.<\/p>\n<p><strong>Huomaa, ett\u00e4 kovametalliter\u00e4t kaapimeen Gelplane <\/strong><strong style=\"color: #333333;\">myyd\u00e4\u00e4n pareittain, eli yksi pakkaus sis\u00e4lt\u00e4\u00e4 2 varater\u00e4\u00e4!<\/strong><\/p>\n","protected":false},"featured_media":24821,"template":"","meta":[],"product_brand":[],"product_cat":[3652,273],"product_tag":[],"class_list":{"0":"post-24983","1":"product","2":"type-product","3":"status-publish","4":"has-post-thumbnail","6":"product_cat-vaihtoterat-varatera-maalikaapimeen-maalikaavin-gelplane-proscraper-vacuum","7":"product_cat-maalikaapimen-terat","9":"first","10":"instock","11":"taxable","12":"shipping-taxable","13":"purchasable","14":"product-type-simple"},"jetpack_sharing_enabled":true,"_links":{"self":[{"href":"https:\/\/helliston.eu\/fi\/wp-json\/wp\/v2\/product\/24983","targetHints":{"allow":["GET"]}}],"collection":[{"href":"https:\/\/helliston.eu\/fi\/wp-json\/wp\/v2\/product"}],"about":[{"href":"https:\/\/helliston.eu\/fi\/wp-json\/wp\/v2\/types\/product"}],"wp:featuredmedia":[{"embeddable":true,"href":"https:\/\/helliston.eu\/fi\/wp-json\/wp\/v2\/media\/24821"}],"wp:attachment":[{"href":"https:\/\/helliston.eu\/fi\/wp-json\/wp\/v2\/media?parent=24983"}],"wp:term":[{"taxonomy":"product_brand","embeddable":true,"href":"https:\/\/helliston.eu\/fi\/wp-json\/wp\/v2\/product_brand?post=24983"},{"taxonomy":"product_cat","embeddable":true,"href":"https:\/\/helliston.eu\/fi\/wp-json\/wp\/v2\/product_cat?post=24983"},{"taxonomy":"product_tag","embeddable":true,"href":"https:\/\/helliston.eu\/fi\/wp-json\/wp\/v2\/product_tag?post=24983"}],"curies":[{"name":"wp","href":"https:\/\/api.w.org\/{rel}","templated":true}]}}