{"id":24027,"date":"2024-02-25T11:33:21","date_gmt":"2024-05-04T19:13:07","guid":{"rendered":"https:\/\/helliston.eu\/?post_type=product&#038;p=24027"},"modified":"2024-05-04T19:13:07","modified_gmt":"2024-05-04T19:13:07","slug":"t1-w18-hoylan-terat-hoylalle-kity-635-hss-wolfram-volframi-18-200x35x3mm","status":"publish","type":"product","link":"https:\/\/helliston.eu\/fi\/tuote\/t1-w18-hoylan-terat-hoylalle-kity-635-hss-wolfram-volframi-18-200x35x3mm\/","title":{"rendered":"T1 W18% h\u00f6yl\u00e4nter\u00e4t Kity 635 -h\u00f6yl\u00e4\u00e4n, HSS Volframi 18%, 200x35x3mm"},"content":{"rendered":"<p>Helliston HSS W18% h\u00f6yl\u00e4nter\u00e4t oikotasoh\u00f6yl\u00e4\u00e4n Kity 635. Ter\u00e4mme ovat poikkeuksellisen ter\u00e4vi\u00e4 (0,2RA) ja kest\u00e4v\u00e4t. 18% volframipitoisuus ja metallin kovuus 66 HRC Rockwellin mukaan takaavat pitk\u00e4n k\u00e4ytt\u00f6i\u00e4n ja erinomaisen leikkaustehokkuuden, jopa vaativissa projekteissa.<\/p>\n<ol>\n<li><strong>M\u00e4\u00e4r\u00e4 ja mitat:<\/strong>\n<ul>\n<li>1 pari h\u00f6yl\u00e4nteri\u00e4 200 x 35 x 3 mm oikotasoh\u00f6yl\u00e4\u00e4n Kity 635.<\/li>\n<\/ul>\n<\/li>\n<li><strong>Ter\u00e4v\u00e4t ja kest\u00e4v\u00e4t ter\u00e4t:<\/strong>\n<ul>\n<li>H\u00f6yl\u00e4ter\u00e4mme ovat poikkeuksellisen ter\u00e4v\u00e4t (teroitus 0.2Ra).<\/li>\n<li>HSS Volframi 18% varmistaa pitk\u00e4n k\u00e4ytt\u00f6i\u00e4n ja erinomaisen leikkaustehokkuuden.<\/li>\n<li>Meid\u00e4n h\u00f6yl\u00e4nter\u00e4t oiko-tasoh\u00f6yl\u00e4\u00e4n Kity 635 ovat karkaistu Rockwell-kovuuteen 66HRC, mik\u00e4 lis\u00e4\u00e4 niiden kest\u00e4vyytt\u00e4 entisest\u00e4\u00e4n..<\/li>\n<\/ul>\n<\/li>\n<li><strong>Ymp\u00e4rist\u00f6yst\u00e4v\u00e4llinen pakkaus:<br \/>\n<\/strong><div class=\"row\"  id=\"row-123909327\">\n\t<div id=\"col-1087110849\" class=\"col medium-1\/4 large-3\"  >\n\t\t\t\t<div class=\"col-inner\"  >\n\t\t\t\n\t\t\t<img loading=\"lazy\" decoding=\"async\" class=\"alignnone size-medium wp-image-22538\" src=\"https:\/\/helliston.eu\/wp-content\/uploads\/2022\/01\/symbols-188x300.jpg\" alt=\"\" width=\"188\" height=\"300\" srcset=\"https:\/\/helliston.eu\/wp-content\/uploads\/2022\/01\/symbols-188x300.jpg 188w, https:\/\/helliston.eu\/wp-content\/uploads\/2022\/01\/symbols-642x1024.jpg 642w, https:\/\/helliston.eu\/wp-content\/uploads\/2022\/01\/symbols-768x1226.jpg 768w, https:\/\/helliston.eu\/wp-content\/uploads\/2022\/01\/symbols-510x814.jpg 510w, https:\/\/helliston.eu\/wp-content\/uploads\/2022\/01\/symbols.jpg 797w\" sizes=\"auto, (max-width: 188px) 100vw, 188px\" \/>\t\t<\/div>\n\t\t\t\t\t<\/div>\n\n\t\n\n\t<div id=\"col-450944691\" class=\"col medium-3\/4 large-9\"  >\n\t\t\t\t<div class=\"col-inner\"  >\n\t\t\t\n\t\t\t\n<ul>\n<li>H\u00f6yl\u00e4nter\u00e4settis\u00e4mme h\u00f6yl\u00e4\u00e4n Kity 635 toimitetaan ymp\u00e4rist\u00f6yst\u00e4v\u00e4llisess\u00e4 pakkaamossa: 95% kovaa kartonkia ja 5% biohajoavaa muovia..<\/li>\n<li>Koska ter\u00e4t ovat \u00f6ljyttyj\u00e4, k\u00e4yt\u00e4mme pieni\u00e4 biohajoavia muovipusseja, jotka on helppo erottaa muusta tuotepakkauksesta. Ne voi laittaa kompostiastiaan, tai jos se ei ole mahdollista, ne voidaan helposti kierr\u00e4tt\u00e4\u00e4.<\/li>\n<li>Jopa kartonkikuoret, joissa toimitamme tuotteitamme, on kehitetty erityisesti teri\u00e4 varten materiaalin k\u00e4yt\u00f6n minimoimiseksi ja ylim\u00e4\u00e4r\u00e4isen tyhj\u00e4n tilan v\u00e4ltt\u00e4miseksi pakkauksessa.<\/li>\n<\/ul>\n\t\t<\/div>\n\t\t\t\t\t<\/div>\n\n\t\n<\/div><\/li>\n<li><strong>Erilaisia \u200b\u200bpuita:<\/strong>\n<ul>\n<li>Meiden h\u00f6yl\u00e4nter\u00e4t oikotasoh\u00f6yl\u00e4\u00e4n Kity 635 sopivat erinomaisesti sek\u00e4 pehme\u00e4n ett\u00e4 kovan puun k\u00e4sittelyyn, tammiosta m\u00e4ntyyn.<\/li>\n<\/ul>\n<\/li>\n<li><strong>Asiakastuki:<\/strong>\n<ul>\n<li>Ole rohkeasti yhteydess\u00e4 s\u00e4hk\u00f6postitse, jos sinulla on kysytt\u00e4v\u00e4\u00e4; olemme valmiina auttamaan sinua.<\/li>\n<\/ul>\n<\/li>\n<\/ol>\n","protected":false},"excerpt":{"rendered":"<p>T1 HSS W18% h\u00f6yl\u00e4nter\u00e4t oikotasoh\u00f6yl\u00e4\u00e4n Kity 635, 200x35x3mm. 2 h\u00f6yl\u00e4ter\u00e4\u00e4\/pakkaus. Valmistettu kest\u00e4v\u00e4st\u00e4 HSS-pikater\u00e4ksest\u00e4, jossa on 18% volframipitoisuus (Rockwell-kovuus: 66HRC). Ter\u00e4t on teroitettu 0,2RA:han ja niit\u00e4 voi teroittaa toistuvasti. Ymp\u00e4rist\u00f6yst\u00e4v\u00e4llinen pakkaus (kova kartonki ja biohajoava muovi). Katso lis\u00e4tietoja j\u00e4ljemp\u00e4n\u00e4.<\/p>\n","protected":false},"featured_media":22387,"template":"","meta":[],"product_brand":[],"product_cat":[4187,820,2741],"product_tag":[],"class_list":{"0":"post-24027","1":"product","2":"type-product","3":"status-publish","4":"has-post-thumbnail","6":"product_cat-kity-635-fi","7":"product_cat-hoylanterat-tuottemerkkien-mukaan","8":"product_cat-hoylanterat-kity-hoylaan","10":"first","11":"instock","12":"taxable","13":"shipping-taxable","14":"purchasable","15":"product-type-simple"},"jetpack_sharing_enabled":true,"_links":{"self":[{"href":"https:\/\/helliston.eu\/fi\/wp-json\/wp\/v2\/product\/24027","targetHints":{"allow":["GET"]}}],"collection":[{"href":"https:\/\/helliston.eu\/fi\/wp-json\/wp\/v2\/product"}],"about":[{"href":"https:\/\/helliston.eu\/fi\/wp-json\/wp\/v2\/types\/product"}],"wp:featuredmedia":[{"embeddable":true,"href":"https:\/\/helliston.eu\/fi\/wp-json\/wp\/v2\/media\/22387"}],"wp:attachment":[{"href":"https:\/\/helliston.eu\/fi\/wp-json\/wp\/v2\/media?parent=24027"}],"wp:term":[{"taxonomy":"product_brand","embeddable":true,"href":"https:\/\/helliston.eu\/fi\/wp-json\/wp\/v2\/product_brand?post=24027"},{"taxonomy":"product_cat","embeddable":true,"href":"https:\/\/helliston.eu\/fi\/wp-json\/wp\/v2\/product_cat?post=24027"},{"taxonomy":"product_tag","embeddable":true,"href":"https:\/\/helliston.eu\/fi\/wp-json\/wp\/v2\/product_tag?post=24027"}],"curies":[{"name":"wp","href":"https:\/\/api.w.org\/{rel}","templated":true}]}}