{"id":17048,"date":"2023-03-31T16:24:15","date_gmt":"2023-03-31T21:09:59","guid":{"rendered":"https:\/\/helliston.eu\/product\/hoylanterat-hoylaan-redstone-rs-3110r-110mm\/"},"modified":"2023-03-31T21:18:40","modified_gmt":"2023-03-31T21:18:40","slug":"hoylanterat-hoylaan-redstone-rs-3110r-110mm","status":"publish","type":"product","link":"https:\/\/helliston.eu\/fi\/tuote\/hoylanterat-hoylaan-redstone-rs-3110r-110mm\/","title":{"rendered":"H\u00f6yl\u00e4nter\u00e4t h\u00f6yl\u00e4\u00e4n Redstone RS 3110R, 110mm"},"content":{"rendered":"","protected":false},"excerpt":{"rendered":"<p>H\u00f6yl\u00e4nter\u00e4t h\u00f6yl\u00e4\u00e4n Redstone RS 3110R, 110 x 5,5 x 1,1mm.<\/p>\n<ul>\n<li>HSS = pehme\u00e4lle puulle, tasaisempi pintak\u00e4sittely ja ter\u00e4v\u00e4mpi\u00e4 kuin TCT-ter\u00e4t<\/li>\n<li>TCT = pehme\u00e4lle ja kovalle puulle ja kest\u00e4\u00e4 jopa 5 kertaa pidemp\u00e4\u00e4n kuin perinteiset HSS-h\u00f6yl\u00e4nter\u00e4t<\/li>\n<\/ul>\n<p>Lis\u00e4tietoja on Lis\u00e4tietoja l\u00f6ytyy alempana.<\/p>\n<p>***Pakkaukset on valmistettu kovasta kartongista, eiv\u00e4tk\u00e4 sis\u00e4ll\u00e4 muovia.***<\/p>\n","protected":false},"featured_media":16988,"template":"","meta":[],"product_brand":[],"product_cat":[214,820,2420,2421],"product_tag":[],"class_list":{"0":"post-17048","1":"product","2":"type-product","3":"status-publish","4":"has-post-thumbnail","6":"product_cat-110mm-155mm-170mm-makita-1911b-1002ba-1805-1805b-1805n-1806-1806b-fi","7":"product_cat-hoylanterat-tuottemerkkien-mukaan","8":"product_cat-hoylanterat-redstone-hoylaan","9":"product_cat-redstone-rs-3110r-hoylaan","11":"first","12":"instock","13":"taxable","14":"shipping-taxable","15":"purchasable","16":"product-type-variable"},"jetpack_sharing_enabled":true,"_links":{"self":[{"href":"https:\/\/helliston.eu\/fi\/wp-json\/wp\/v2\/product\/17048","targetHints":{"allow":["GET"]}}],"collection":[{"href":"https:\/\/helliston.eu\/fi\/wp-json\/wp\/v2\/product"}],"about":[{"href":"https:\/\/helliston.eu\/fi\/wp-json\/wp\/v2\/types\/product"}],"wp:featuredmedia":[{"embeddable":true,"href":"https:\/\/helliston.eu\/fi\/wp-json\/wp\/v2\/media\/16988"}],"wp:attachment":[{"href":"https:\/\/helliston.eu\/fi\/wp-json\/wp\/v2\/media?parent=17048"}],"wp:term":[{"taxonomy":"product_brand","embeddable":true,"href":"https:\/\/helliston.eu\/fi\/wp-json\/wp\/v2\/product_brand?post=17048"},{"taxonomy":"product_cat","embeddable":true,"href":"https:\/\/helliston.eu\/fi\/wp-json\/wp\/v2\/product_cat?post=17048"},{"taxonomy":"product_tag","embeddable":true,"href":"https:\/\/helliston.eu\/fi\/wp-json\/wp\/v2\/product_tag?post=17048"}],"curies":[{"name":"wp","href":"https:\/\/api.w.org\/{rel}","templated":true}]}}