{"id":15405,"date":"2023-03-30T15:01:14","date_gmt":"2023-03-30T17:59:47","guid":{"rendered":"https:\/\/helliston.eu\/product\/hoylanterat-hoylaan-makita-2012-2012nb-hm-tct-306x32x3mm\/"},"modified":"2023-03-30T18:02:27","modified_gmt":"2023-03-30T18:02:27","slug":"hoylanterat-hoylaan-makita-2012-2012nb-hm-tct-306x32x3mm","status":"publish","type":"product","link":"https:\/\/helliston.eu\/fi\/tuote\/hoylanterat-hoylaan-makita-2012-2012nb-hm-tct-306x32x3mm\/","title":{"rendered":"H\u00f6yl\u00e4nter\u00e4t h\u00f6yl\u00e4\u00e4n Makita 2012, 2012NB, HM\/TCT, 306x32x3mm"},"content":{"rendered":"","protected":false},"excerpt":{"rendered":"<p>HM\/TCT h\u00f6yl\u00e4nter\u00e4t tasoh\u00f6yl\u00e4\u00e4n Makita 2012NB, 306x32x3mm. 2 ter\u00e4\u00e4\/pkt. Valmistettu kest\u00e4v\u00e4st\u00e4 kovametallista\/volframikarbidista (TCT). Kovametalliter\u00e4t kest\u00e4v\u00e4t 5 kertaa kauemmin kuin perinteiset HSS-h\u00f6yl\u00e4nter\u00e4t. Ter\u00e4t ovat teroittetavat. Lis\u00e4tietoja on Lis\u00e4tietoja l\u00f6ytyy alempana.<\/p>\n","protected":false},"featured_media":15364,"template":"","meta":[],"product_brand":[],"product_cat":[1641,1019],"product_tag":[],"class_list":{"0":"post-15405","1":"product","2":"type-product","3":"status-publish","4":"has-post-thumbnail","6":"product_cat-oiko-tasohoyla-makita-2012-nb-306mm","7":"product_cat-hoylan-terat-makita-hoylaan","9":"first","10":"instock","11":"taxable","12":"shipping-taxable","13":"purchasable","14":"product-type-simple"},"jetpack_sharing_enabled":true,"_links":{"self":[{"href":"https:\/\/helliston.eu\/fi\/wp-json\/wp\/v2\/product\/15405","targetHints":{"allow":["GET"]}}],"collection":[{"href":"https:\/\/helliston.eu\/fi\/wp-json\/wp\/v2\/product"}],"about":[{"href":"https:\/\/helliston.eu\/fi\/wp-json\/wp\/v2\/types\/product"}],"wp:featuredmedia":[{"embeddable":true,"href":"https:\/\/helliston.eu\/fi\/wp-json\/wp\/v2\/media\/15364"}],"wp:attachment":[{"href":"https:\/\/helliston.eu\/fi\/wp-json\/wp\/v2\/media?parent=15405"}],"wp:term":[{"taxonomy":"product_brand","embeddable":true,"href":"https:\/\/helliston.eu\/fi\/wp-json\/wp\/v2\/product_brand?post=15405"},{"taxonomy":"product_cat","embeddable":true,"href":"https:\/\/helliston.eu\/fi\/wp-json\/wp\/v2\/product_cat?post=15405"},{"taxonomy":"product_tag","embeddable":true,"href":"https:\/\/helliston.eu\/fi\/wp-json\/wp\/v2\/product_tag?post=15405"}],"curies":[{"name":"wp","href":"https:\/\/api.w.org\/{rel}","templated":true}]}}