{"id":15266,"date":"2023-03-30T14:44:04","date_gmt":"2023-03-30T16:23:53","guid":{"rendered":"https:\/\/helliston.eu\/product\/hoylanterat-hoylaan-makita-1911b-1911bj-1002ba-hm-tct-110x29x3mm\/"},"modified":"2023-03-30T17:56:30","modified_gmt":"2023-03-30T17:56:30","slug":"hoylanterat-hoylaan-makita-1911b-1911bj-1002ba-hm-tct-110x29x3mm","status":"publish","type":"product","link":"https:\/\/helliston.eu\/fi\/tuote\/hoylanterat-hoylaan-makita-1911b-1911bj-1002ba-hm-tct-110x29x3mm\/","title":{"rendered":"H\u00f6yl\u00e4nter\u00e4t h\u00f6yl\u00e4\u00e4n Makita 1911B, 1911BJ 1002BA, HM\/TCT, 110x29x3mm"},"content":{"rendered":"","protected":false},"excerpt":{"rendered":"<p>HM\/TCT h\u00f6yl\u00e4nter\u00e4t h\u00f6yl\u00e4\u00e4n Makita 1991B &amp; 1002BA, 110 x 29 x 3 mm. 2 ter\u00e4\u00e4\/pkt. Valmistettu kest\u00e4v\u00e4st\u00e4 kovametallista\/volframikarbidista (TCT). Kovametalliter\u00e4t kest\u00e4v\u00e4t 5 kertaa kauemmin kuin perinteiset HSS-h\u00f6yl\u00e4nter\u00e4t. Ter\u00e4t ovat teroittetavat. Lis\u00e4tietoja on Lis\u00e4tietoja l\u00f6ytyy alempana.<\/p>\n","protected":false},"featured_media":15238,"template":"","meta":[],"product_brand":[],"product_cat":[1637,1640,1019],"product_tag":[],"class_list":{"0":"post-15266","1":"product","2":"type-product","3":"status-publish","4":"has-post-thumbnail","6":"product_cat-hoyla-makita-1002-ba-110mm","7":"product_cat-hoyla-makita-1911-b-110mm","8":"product_cat-hoylan-terat-makita-hoylaan","10":"first","11":"instock","12":"taxable","13":"shipping-taxable","14":"purchasable","15":"product-type-variable"},"jetpack_sharing_enabled":true,"_links":{"self":[{"href":"https:\/\/helliston.eu\/fi\/wp-json\/wp\/v2\/product\/15266","targetHints":{"allow":["GET"]}}],"collection":[{"href":"https:\/\/helliston.eu\/fi\/wp-json\/wp\/v2\/product"}],"about":[{"href":"https:\/\/helliston.eu\/fi\/wp-json\/wp\/v2\/types\/product"}],"wp:featuredmedia":[{"embeddable":true,"href":"https:\/\/helliston.eu\/fi\/wp-json\/wp\/v2\/media\/15238"}],"wp:attachment":[{"href":"https:\/\/helliston.eu\/fi\/wp-json\/wp\/v2\/media?parent=15266"}],"wp:term":[{"taxonomy":"product_brand","embeddable":true,"href":"https:\/\/helliston.eu\/fi\/wp-json\/wp\/v2\/product_brand?post=15266"},{"taxonomy":"product_cat","embeddable":true,"href":"https:\/\/helliston.eu\/fi\/wp-json\/wp\/v2\/product_cat?post=15266"},{"taxonomy":"product_tag","embeddable":true,"href":"https:\/\/helliston.eu\/fi\/wp-json\/wp\/v2\/product_tag?post=15266"}],"curies":[{"name":"wp","href":"https:\/\/api.w.org\/{rel}","templated":true}]}}