{"id":15023,"date":"2023-03-30T14:24:24","date_gmt":"2023-03-30T15:36:52","guid":{"rendered":"https:\/\/helliston.eu\/product\/hoylanterat-hoylaan-makita-2012-2012nb-hss-306x8x2mm\/"},"modified":"2024-05-02T10:48:05","modified_gmt":"2024-05-02T10:48:05","slug":"hoylanterat-hoylaan-makita-2012-2012nb-hss-306x8x2mm","status":"publish","type":"product","link":"https:\/\/helliston.eu\/fi\/tuote\/hoylanterat-hoylaan-makita-2012-2012nb-hss-306x8x2mm\/","title":{"rendered":"H\u00f6yl\u00e4nter\u00e4t h\u00f6yl\u00e4\u00e4n Makita 2012, 2012NB, HSS, 306x8x2mm"},"content":{"rendered":"","protected":false},"excerpt":{"rendered":"<p>HSS h\u00f6yl\u00e4nter\u00e4t tasoh\u00f6yl\u00e4\u00e4n Makita 2012 &amp; 2012NB, 306 x 8 x 2 mm. 2 ter\u00e4\u00e4\/pkt. Valmistettu kest\u00e4v\u00e4st\u00e4 HSS-nopeater\u00e4ksest\u00e4 (Rockwellin kovuus 63+HRC). Ter\u00e4t ovat teroittetavat. Lis\u00e4tietoja on Lis\u00e4tietoja l\u00f6ytyy alempana.<\/p>\n<p>*** Uusi! Pakkaus on valmistettu kovasta pahvista eik\u00e4 sis\u00e4ll\u00e4 muovia.***<\/p>\n","protected":false},"featured_media":24806,"template":"","meta":[],"product_brand":[],"product_cat":[1641,1019],"product_tag":[],"class_list":{"0":"post-15023","1":"product","2":"type-product","3":"status-publish","4":"has-post-thumbnail","6":"product_cat-oiko-tasohoyla-makita-2012-nb-306mm","7":"product_cat-hoylan-terat-makita-hoylaan","9":"first","10":"instock","11":"sale","12":"taxable","13":"shipping-taxable","14":"purchasable","15":"product-type-simple"},"jetpack_sharing_enabled":true,"_links":{"self":[{"href":"https:\/\/helliston.eu\/fi\/wp-json\/wp\/v2\/product\/15023","targetHints":{"allow":["GET"]}}],"collection":[{"href":"https:\/\/helliston.eu\/fi\/wp-json\/wp\/v2\/product"}],"about":[{"href":"https:\/\/helliston.eu\/fi\/wp-json\/wp\/v2\/types\/product"}],"wp:featuredmedia":[{"embeddable":true,"href":"https:\/\/helliston.eu\/fi\/wp-json\/wp\/v2\/media\/24806"}],"wp:attachment":[{"href":"https:\/\/helliston.eu\/fi\/wp-json\/wp\/v2\/media?parent=15023"}],"wp:term":[{"taxonomy":"product_brand","embeddable":true,"href":"https:\/\/helliston.eu\/fi\/wp-json\/wp\/v2\/product_brand?post=15023"},{"taxonomy":"product_cat","embeddable":true,"href":"https:\/\/helliston.eu\/fi\/wp-json\/wp\/v2\/product_cat?post=15023"},{"taxonomy":"product_tag","embeddable":true,"href":"https:\/\/helliston.eu\/fi\/wp-json\/wp\/v2\/product_tag?post=15023"}],"curies":[{"name":"wp","href":"https:\/\/api.w.org\/{rel}","templated":true}]}}