{"id":14874,"date":"2023-03-29T17:35:26","date_gmt":"2023-03-29T17:35:27","guid":{"rendered":"https:\/\/helliston.eu\/?post_type=product&#038;p=14874"},"modified":"2023-03-29T18:34:30","modified_gmt":"2023-03-29T18:34:30","slug":"hoylanterat-hoylaan-mophorn-1500w-hss-318x182x32mm","status":"publish","type":"product","link":"https:\/\/www.helliston.eu\/fi\/tuote\/hoylanterat-hoylaan-mophorn-1500w-hss-318x182x32mm\/","title":{"rendered":"H\u00f6yl\u00e4nter\u00e4t h\u00f6yl\u00e4\u00e4n Mophorn 1500W, HSS, 318&#215;18,2&#215;3,2mm"},"content":{"rendered":"","protected":false},"excerpt":{"rendered":"<p>HSS h\u00f6yl\u00e4nter\u00e4t tasoh\u00f6yl\u00e4\u00e4n Mophorn 1500W, 318 x 18,2 x 3,2 mm, K\u00c4\u00c4NT\u00d6TER\u00c4T. 2 ter\u00e4\u00e4\/pkt. Valmistettu kest\u00e4v\u00e4st\u00e4 HSS-nopeater\u00e4ksest\u00e4 (Rockwellin kovuus 63+HRC). Ter\u00e4t ovat teroittetavat. Lis\u00e4tietoja on Lis\u00e4tietoja l\u00f6ytyy alempana.<\/p>\n","protected":false},"featured_media":17886,"template":"","meta":[],"product_brand":[],"product_cat":[514,272,820,2930],"product_tag":[],"class_list":{"0":"post-14874","1":"product","2":"type-product","3":"status-publish","4":"has-post-thumbnail","6":"product_cat-318-mm-hoyliin-dewalt-dw733-dw7332-qs-ryobi-rap-1500g-etc","7":"product_cat-hoylanterat","8":"product_cat-hoylanterat-tuottemerkkien-mukaan","9":"product_cat-hoylan-terat-mophorn-hoylaan","11":"first","12":"instock","13":"taxable","14":"shipping-taxable","15":"purchasable","16":"product-type-simple"},"jetpack_sharing_enabled":true,"_links":{"self":[{"href":"https:\/\/www.helliston.eu\/fi\/wp-json\/wp\/v2\/product\/14874","targetHints":{"allow":["GET"]}}],"collection":[{"href":"https:\/\/www.helliston.eu\/fi\/wp-json\/wp\/v2\/product"}],"about":[{"href":"https:\/\/www.helliston.eu\/fi\/wp-json\/wp\/v2\/types\/product"}],"wp:featuredmedia":[{"embeddable":true,"href":"https:\/\/www.helliston.eu\/fi\/wp-json\/wp\/v2\/media\/17886"}],"wp:attachment":[{"href":"https:\/\/www.helliston.eu\/fi\/wp-json\/wp\/v2\/media?parent=14874"}],"wp:term":[{"taxonomy":"product_brand","embeddable":true,"href":"https:\/\/www.helliston.eu\/fi\/wp-json\/wp\/v2\/product_brand?post=14874"},{"taxonomy":"product_cat","embeddable":true,"href":"https:\/\/www.helliston.eu\/fi\/wp-json\/wp\/v2\/product_cat?post=14874"},{"taxonomy":"product_tag","embeddable":true,"href":"https:\/\/www.helliston.eu\/fi\/wp-json\/wp\/v2\/product_tag?post=14874"}],"curies":[{"name":"wp","href":"https:\/\/api.w.org\/{rel}","templated":true}]}}