{"id":14420,"date":"2021-03-03T13:35:12","date_gmt":"2023-03-18T05:20:26","guid":{"rendered":"https:\/\/helliston.eu\/product\/hoylanterat-hoylaan-gude-gadh-254-p-tyyppi-2een-hss-261x165x15mm\/"},"modified":"2023-03-18T07:49:23","modified_gmt":"2023-03-18T07:49:23","slug":"hoylanterat-hoylaan-gude-gadh-254-p-tyyppi-2-hss-261x165x15mm","status":"publish","type":"product","link":"https:\/\/helliston.eu\/fi\/tuote\/hoylanterat-hoylaan-gude-gadh-254-p-tyyppi-2-hss-261x165x15mm\/","title":{"rendered":"H\u00f6yl\u00e4nter\u00e4t h\u00f6yl\u00e4\u00e4n G\u00dcDE GADH 254\/P TYYPPI 2, HSS, 261&#215;16,5&#215;1,5mm"},"content":{"rendered":"","protected":false},"excerpt":{"rendered":"<p>HSS h\u00f6yl\u00e4nter\u00e4t oiko-tasoh\u00f6yl\u00e4\u00e4n G\u00dcDE GADH 254\/P TYYPPI 2, 261 x 16,5 x 1,5 mm. 2 ter\u00e4\u00e4\/pkt. Valmistettu kest\u00e4v\u00e4st\u00e4 HSS-nopeater\u00e4ksest\u00e4 (Rockwellin kovuus 63+HRC). Ter\u00e4t ovat teroittetavat. Lis\u00e4tietoja l\u00f6ytyy alempana.<\/p>\n<p><span style=\"color: #0000ff;\">Ennen tilausta tarkista tuotekuvat ja vanhat h\u00f6yl\u00e4nter\u00e4t! G\u00dcDE GADH 254\/P -h\u00f6yl\u00e4koneissa on 2 eri tyyppi\u00e4. Toiseen h\u00f6yl\u00e4koneeseen tarvitaan 258x22x1,8 mm:n h\u00f6yl\u00e4ter\u00e4t, joissa on 7 reik\u00e4\u00e4 (5 py\u00f6re\u00e4\u00e4, 2 suorakulmaista), toiseen h\u00f6yl\u00e4koneeseen tarvitaan 261\u00d716,5\u00d71,5 mm:n h\u00f6yl\u00e4ter\u00e4t, joissa on 2 reik\u00e4\u00e4.<\/span><\/p>\n","protected":false},"featured_media":12488,"template":"","meta":[],"product_brand":[],"product_cat":[1576,1004,820],"product_tag":[],"class_list":{"0":"post-14420","1":"product","2":"type-product","3":"status-publish","4":"has-post-thumbnail","6":"product_cat-oiko-tasohoyla-gude-gadh-254","7":"product_cat-hoylan-terat-gude-hoylaan","8":"product_cat-hoylanterat-tuottemerkkien-mukaan","10":"first","11":"instock","12":"sale","13":"taxable","14":"shipping-taxable","15":"purchasable","16":"product-type-simple"},"jetpack_sharing_enabled":true,"_links":{"self":[{"href":"https:\/\/helliston.eu\/fi\/wp-json\/wp\/v2\/product\/14420","targetHints":{"allow":["GET"]}}],"collection":[{"href":"https:\/\/helliston.eu\/fi\/wp-json\/wp\/v2\/product"}],"about":[{"href":"https:\/\/helliston.eu\/fi\/wp-json\/wp\/v2\/types\/product"}],"wp:featuredmedia":[{"embeddable":true,"href":"https:\/\/helliston.eu\/fi\/wp-json\/wp\/v2\/media\/12488"}],"wp:attachment":[{"href":"https:\/\/helliston.eu\/fi\/wp-json\/wp\/v2\/media?parent=14420"}],"wp:term":[{"taxonomy":"product_brand","embeddable":true,"href":"https:\/\/helliston.eu\/fi\/wp-json\/wp\/v2\/product_brand?post=14420"},{"taxonomy":"product_cat","embeddable":true,"href":"https:\/\/helliston.eu\/fi\/wp-json\/wp\/v2\/product_cat?post=14420"},{"taxonomy":"product_tag","embeddable":true,"href":"https:\/\/helliston.eu\/fi\/wp-json\/wp\/v2\/product_tag?post=14420"}],"curies":[{"name":"wp","href":"https:\/\/api.w.org\/{rel}","templated":true}]}}