{"id":14344,"date":"2023-03-16T19:31:15","date_gmt":"2023-03-16T19:31:15","guid":{"rendered":"https:\/\/helliston.eu\/?post_type=product&#038;p=14344"},"modified":"2023-03-18T08:49:14","modified_gmt":"2023-03-18T08:49:14","slug":"hoylanterat-hoylaan-scheppach-pms1090-hss-258x22x18mm","status":"publish","type":"product","link":"https:\/\/helliston.eu\/fi\/tuote\/hoylanterat-hoylaan-scheppach-pms1090-hss-258x22x18mm\/","title":{"rendered":"H\u00f6yl\u00e4nter\u00e4t h\u00f6yl\u00e4\u00e4n Scheppach PMS1090, HSS, 258x22x1,8mm"},"content":{"rendered":"","protected":false},"excerpt":{"rendered":"<p>H\u00f6yl\u00e4nter\u00e4t oiko-tasoh\u00f6yl\u00e4\u00e4n Scheppach PMS1090, 258 x 22 x 1,8 mm. 2 ter\u00e4\u00e4\/pkt. Valmistettu kest\u00e4v\u00e4st\u00e4 HSS pikater\u00e4ksest\u00e4 (Rockwellin kovuus 63+HRC). Ter\u00e4t ovat teroittetavat. Lis\u00e4tietoja l\u00f6ytyy alempana.<\/p>\n","protected":false},"featured_media":9187,"template":"","meta":[],"product_brand":[],"product_cat":[820,3346,1032],"product_tag":[4328],"class_list":{"0":"post-14344","1":"product","2":"type-product","3":"status-publish","4":"has-post-thumbnail","6":"product_cat-hoylanterat-tuottemerkkien-mukaan","7":"product_cat-pms1090-fi","8":"product_cat-hoylan-terat-scheppach-hoylaan","9":"product_tag-258x22-fi","11":"first","12":"instock","13":"taxable","14":"shipping-taxable","15":"purchasable","16":"product-type-simple"},"jetpack_sharing_enabled":true,"_links":{"self":[{"href":"https:\/\/helliston.eu\/fi\/wp-json\/wp\/v2\/product\/14344","targetHints":{"allow":["GET"]}}],"collection":[{"href":"https:\/\/helliston.eu\/fi\/wp-json\/wp\/v2\/product"}],"about":[{"href":"https:\/\/helliston.eu\/fi\/wp-json\/wp\/v2\/types\/product"}],"wp:featuredmedia":[{"embeddable":true,"href":"https:\/\/helliston.eu\/fi\/wp-json\/wp\/v2\/media\/9187"}],"wp:attachment":[{"href":"https:\/\/helliston.eu\/fi\/wp-json\/wp\/v2\/media?parent=14344"}],"wp:term":[{"taxonomy":"product_brand","embeddable":true,"href":"https:\/\/helliston.eu\/fi\/wp-json\/wp\/v2\/product_brand?post=14344"},{"taxonomy":"product_cat","embeddable":true,"href":"https:\/\/helliston.eu\/fi\/wp-json\/wp\/v2\/product_cat?post=14344"},{"taxonomy":"product_tag","embeddable":true,"href":"https:\/\/helliston.eu\/fi\/wp-json\/wp\/v2\/product_tag?post=14344"}],"curies":[{"name":"wp","href":"https:\/\/api.w.org\/{rel}","templated":true}]}}