{"id":13053,"date":"2022-08-22T11:48:33","date_gmt":"2022-08-22T11:48:33","guid":{"rendered":"https:\/\/helliston.eu\/?post_type=product&#038;p=13053"},"modified":"2023-03-11T18:15:46","modified_gmt":"2023-03-11T18:15:46","slug":"hss-hoylanterat-blackdecker-dn75-hoylaan-75x12x15mm-2-kpl","status":"publish","type":"product","link":"https:\/\/helliston.eu\/fi\/tuote\/hss-hoylanterat-blackdecker-dn75-hoylaan-75x12x15mm-2-kpl\/","title":{"rendered":"HSS H\u00f6yl\u00e4nter\u00e4t Black&#038;Decker DN75-h\u00f6yl\u00e4\u00e4n, 75x12x1,5mm, 2 kpl"},"content":{"rendered":"","protected":false},"excerpt":{"rendered":"<p><strong>HSS H\u00f6yl\u00e4nter\u00e4t Black&amp;Decker DN75-h\u00f6yl\u00e4\u00e4n, 75x12x1,5mm.<\/strong>\u00a02 ter\u00e4\u00e4\/pkt. Valmistettu kest\u00e4v\u00e4st\u00e4 HSS pikater\u00e4ksest\u00e4 (Rockwellin kovuus 63+HRC. Ter\u00e4t ovat teroittetavat. Lis\u00e4tietoja l\u00f6ytyy alempana.<\/p>\n","protected":false},"featured_media":25467,"template":"","meta":[],"product_brand":[],"product_cat":[199,982,1427],"product_tag":[],"class_list":{"0":"post-13053","1":"product","2":"type-product","3":"status-publish","4":"has-post-thumbnail","6":"product_cat-56mm-755mm-805mm-bosch-gho-12v-20-adler-bh-556-hoffmann-bh-556-wegoma-ap98-aeg-450-dewalt-dw676k-elu-mff40-mf8f80-mff81-fi","7":"product_cat-hoylan-terat-black-decker-hoylaan","8":"product_cat-hoyla-black-decker-dn75","10":"first","11":"instock","12":"taxable","13":"shipping-taxable","14":"purchasable","15":"product-type-simple"},"jetpack_sharing_enabled":true,"_links":{"self":[{"href":"https:\/\/helliston.eu\/fi\/wp-json\/wp\/v2\/product\/13053","targetHints":{"allow":["GET"]}}],"collection":[{"href":"https:\/\/helliston.eu\/fi\/wp-json\/wp\/v2\/product"}],"about":[{"href":"https:\/\/helliston.eu\/fi\/wp-json\/wp\/v2\/types\/product"}],"wp:featuredmedia":[{"embeddable":true,"href":"https:\/\/helliston.eu\/fi\/wp-json\/wp\/v2\/media\/25467"}],"wp:attachment":[{"href":"https:\/\/helliston.eu\/fi\/wp-json\/wp\/v2\/media?parent=13053"}],"wp:term":[{"taxonomy":"product_brand","embeddable":true,"href":"https:\/\/helliston.eu\/fi\/wp-json\/wp\/v2\/product_brand?post=13053"},{"taxonomy":"product_cat","embeddable":true,"href":"https:\/\/helliston.eu\/fi\/wp-json\/wp\/v2\/product_cat?post=13053"},{"taxonomy":"product_tag","embeddable":true,"href":"https:\/\/helliston.eu\/fi\/wp-json\/wp\/v2\/product_tag?post=13053"}],"curies":[{"name":"wp","href":"https:\/\/api.w.org\/{rel}","templated":true}]}}