{"id":1121,"date":"2019-03-07T21:20:45","date_gmt":"2019-03-07T21:20:45","guid":{"rendered":"https:\/\/helliston.eu\/product\/hm-kaantoterat-kutterin-terat-12x12x1-5-10-kpl\/"},"modified":"2024-07-08T16:07:31","modified_gmt":"2024-07-08T16:07:31","slug":"kovametalli-kaantotera-vaihtoterapala-12x12x15-mm-35-10-kpl","status":"publish","type":"product","link":"https:\/\/helliston.eu\/fi\/tuote\/kovametalli-kaantotera-vaihtoterapala-12x12x15-mm-35-10-kpl\/","title":{"rendered":"Kovametalli-k\u00e4\u00e4nt\u00f6ter\u00e4 12x12x1,5 mm, 35\u00b0, 10 kpl"},"content":{"rendered":"","protected":false},"excerpt":{"rendered":"<p>Kovametalli-vaihtopala 12x12x1,5, 35\u00b0, 4 leikkuureunaa. 10 kpl\/ pakkauksessa. Eritt\u00e4in hienosta kovametallista valmistetut vaihtoter\u00e4t, joiden kovuus Rockwellin asteikolla on 93,6 HRA, ovat \u00e4\u00e4rimm\u00e4isen kest\u00e4vi\u00e4 ja suorituskykyisi\u00e4. Vaihtoter\u00e4palat 12x12x1,5 mm soveltuvat erinomaisesti eri materiaalien, kuten lastulevyn, HDF, MDF, pehme\u00e4n puun, kovan puun ja jopa v\u00e4rimetallien, ty\u00f6st\u00e4miseen. Nelj\u00e4 leikkuureunaa, jotka on teroitettu Ra0.2-tarkkuuteen, takaavat optimaalisen ter\u00e4vyyden ja t\u00e4ydellisen viimeistelyn jokaisella k\u00e4ytt\u00f6kerralla.<\/p>\n","protected":false},"featured_media":25525,"template":"","meta":[],"product_brand":[],"product_cat":[271],"product_tag":[],"class_list":{"0":"post-1121","1":"product","2":"type-product","3":"status-publish","4":"has-post-thumbnail","6":"product_cat-kaantoterat","8":"first","9":"instock","10":"sale","11":"taxable","12":"shipping-taxable","13":"purchasable","14":"product-type-simple"},"jetpack_sharing_enabled":true,"_links":{"self":[{"href":"https:\/\/helliston.eu\/fi\/wp-json\/wp\/v2\/product\/1121","targetHints":{"allow":["GET"]}}],"collection":[{"href":"https:\/\/helliston.eu\/fi\/wp-json\/wp\/v2\/product"}],"about":[{"href":"https:\/\/helliston.eu\/fi\/wp-json\/wp\/v2\/types\/product"}],"wp:featuredmedia":[{"embeddable":true,"href":"https:\/\/helliston.eu\/fi\/wp-json\/wp\/v2\/media\/25525"}],"wp:attachment":[{"href":"https:\/\/helliston.eu\/fi\/wp-json\/wp\/v2\/media?parent=1121"}],"wp:term":[{"taxonomy":"product_brand","embeddable":true,"href":"https:\/\/helliston.eu\/fi\/wp-json\/wp\/v2\/product_brand?post=1121"},{"taxonomy":"product_cat","embeddable":true,"href":"https:\/\/helliston.eu\/fi\/wp-json\/wp\/v2\/product_cat?post=1121"},{"taxonomy":"product_tag","embeddable":true,"href":"https:\/\/helliston.eu\/fi\/wp-json\/wp\/v2\/product_tag?post=1121"}],"curies":[{"name":"wp","href":"https:\/\/api.w.org\/{rel}","templated":true}]}}