{"id":1120,"date":"2019-03-07T21:20:14","date_gmt":"2019-03-07T21:20:14","guid":{"rendered":"https:\/\/helliston.eu\/product\/hm-kaantoterat-kutterin-terat-14x14x2-0mm-10-kpl-sopivat-myos-metabon-lf-724-s-maalijyrsimeen-tai-festool-ct-hk-hw\/"},"modified":"2024-07-08T16:25:33","modified_gmt":"2024-07-08T16:25:33","slug":"kovametalli-kaantoterat-14x14x20-mm-10-kpl","status":"publish","type":"product","link":"https:\/\/helliston.eu\/fi\/tuote\/kovametalli-kaantoterat-14x14x20-mm-10-kpl\/","title":{"rendered":"Kovametalli-k\u00e4\u00e4nt\u00f6ter\u00e4t 14x14x2,0 mm, 10 kpl"},"content":{"rendered":"","protected":false},"excerpt":{"rendered":"<p>Kovametalli-vaihtopala 14x14x2,0 mm, 35\u00b0, 4 leikkuureunaa. 10 kpl\/ pakkauksessa. Eritt\u00e4in hienosta kovametallista valmistetut vaihtoter\u00e4t, joiden kovuus Rockwellin asteikolla on 93,6 HRA, ovat \u00e4\u00e4rimm\u00e4isen kest\u00e4vi\u00e4 ja suorituskykyisi\u00e4. Vaihtoter\u00e4palat 14 x 14 x 2.0 mm soveltuvat erinomaisesti eri materiaalien, kuten lastulevyn, HDF, MDF, pehme\u00e4n puun, kovan puun ja jopa v\u00e4rimetallien, ty\u00f6st\u00e4miseen. Nelj\u00e4 leikkuureunaa, jotka on teroitettu Ra0.2-tarkkuuteen, takaavat optimaalisen ter\u00e4vyyden ja t\u00e4ydellisen viimeistelyn jokaisella k\u00e4ytt\u00f6kerralla.<\/p>\n<p>(Ter\u00e4t sobivad \u00a0my\u00f6s maalijyrsimeen: Metabo LF 724 S tai Festool CT-HK HW)<\/p>\n","protected":false},"featured_media":25560,"template":"","meta":[],"product_brand":[],"product_cat":[271],"product_tag":[],"class_list":{"0":"post-1120","1":"product","2":"type-product","3":"status-publish","4":"has-post-thumbnail","6":"product_cat-kaantoterat","8":"first","9":"instock","10":"sale","11":"taxable","12":"shipping-taxable","13":"purchasable","14":"product-type-simple"},"jetpack_sharing_enabled":true,"_links":{"self":[{"href":"https:\/\/helliston.eu\/fi\/wp-json\/wp\/v2\/product\/1120","targetHints":{"allow":["GET"]}}],"collection":[{"href":"https:\/\/helliston.eu\/fi\/wp-json\/wp\/v2\/product"}],"about":[{"href":"https:\/\/helliston.eu\/fi\/wp-json\/wp\/v2\/types\/product"}],"wp:featuredmedia":[{"embeddable":true,"href":"https:\/\/helliston.eu\/fi\/wp-json\/wp\/v2\/media\/25560"}],"wp:attachment":[{"href":"https:\/\/helliston.eu\/fi\/wp-json\/wp\/v2\/media?parent=1120"}],"wp:term":[{"taxonomy":"product_brand","embeddable":true,"href":"https:\/\/helliston.eu\/fi\/wp-json\/wp\/v2\/product_brand?post=1120"},{"taxonomy":"product_cat","embeddable":true,"href":"https:\/\/helliston.eu\/fi\/wp-json\/wp\/v2\/product_cat?post=1120"},{"taxonomy":"product_tag","embeddable":true,"href":"https:\/\/helliston.eu\/fi\/wp-json\/wp\/v2\/product_tag?post=1120"}],"curies":[{"name":"wp","href":"https:\/\/api.w.org\/{rel}","templated":true}]}}