{"id":1116,"date":"2019-03-07T22:25:44","date_gmt":"2019-03-07T22:25:44","guid":{"rendered":"https:\/\/helliston.eu\/product\/hm-kaantoterat-40x12x1-5mm-10-kpl\/"},"modified":"2024-07-08T16:26:51","modified_gmt":"2024-07-08T16:26:51","slug":"kovametalli-kaantoterat-40x12x15mm","status":"publish","type":"product","link":"https:\/\/helliston.eu\/fi\/tuote\/kovametalli-kaantoterat-40x12x15mm\/","title":{"rendered":"Kovametalli-k\u00e4\u00e4nt\u00f6ter\u00e4t 40x12x1,5mm"},"content":{"rendered":"","protected":false},"excerpt":{"rendered":"<p>Kovametalli-vaihtopala 40x12x1,5 mm, 35\u00b0, 2 leikkuureunaa. Eritt\u00e4in hienosta kovametallista valmistetut vaihtoter\u00e4t, joiden kovuus Rockwellin asteikolla on 93,6 HRA, ovat \u00e4\u00e4rimm\u00e4isen kest\u00e4vi\u00e4 ja suorituskykyisi\u00e4. Vaihtoter\u00e4palat 40 x 12 x 1,5 mm soveltuvat erinomaisesti eri materiaalien, kuten lastulevyn, HDF, MDF, pehme\u00e4n puun, kovan puun ja jopa v\u00e4rimetallien, ty\u00f6st\u00e4miseen. Nelj\u00e4 leikkuureunaa, jotka on teroitettu Ra0.2-tarkkuuteen, takaavat optimaalisen ter\u00e4vyyden ja t\u00e4ydellisen viimeistelyn jokaisella k\u00e4ytt\u00f6kerralla.<\/p>\n","protected":false},"featured_media":25631,"template":"","meta":[],"product_brand":[],"product_cat":[271],"product_tag":[],"class_list":{"0":"post-1116","1":"product","2":"type-product","3":"status-publish","4":"has-post-thumbnail","6":"product_cat-kaantoterat","8":"first","9":"instock","10":"taxable","11":"shipping-taxable","12":"purchasable","13":"product-type-variable"},"jetpack_sharing_enabled":true,"_links":{"self":[{"href":"https:\/\/helliston.eu\/fi\/wp-json\/wp\/v2\/product\/1116","targetHints":{"allow":["GET"]}}],"collection":[{"href":"https:\/\/helliston.eu\/fi\/wp-json\/wp\/v2\/product"}],"about":[{"href":"https:\/\/helliston.eu\/fi\/wp-json\/wp\/v2\/types\/product"}],"wp:featuredmedia":[{"embeddable":true,"href":"https:\/\/helliston.eu\/fi\/wp-json\/wp\/v2\/media\/25631"}],"wp:attachment":[{"href":"https:\/\/helliston.eu\/fi\/wp-json\/wp\/v2\/media?parent=1116"}],"wp:term":[{"taxonomy":"product_brand","embeddable":true,"href":"https:\/\/helliston.eu\/fi\/wp-json\/wp\/v2\/product_brand?post=1116"},{"taxonomy":"product_cat","embeddable":true,"href":"https:\/\/helliston.eu\/fi\/wp-json\/wp\/v2\/product_cat?post=1116"},{"taxonomy":"product_tag","embeddable":true,"href":"https:\/\/helliston.eu\/fi\/wp-json\/wp\/v2\/product_tag?post=1116"}],"curies":[{"name":"wp","href":"https:\/\/api.w.org\/{rel}","templated":true}]}}