{"id":1111,"date":"2019-03-07T15:14:35","date_gmt":"2019-03-07T15:14:35","guid":{"rendered":"https:\/\/helliston.eu\/product\/varaterat-handy-handy-mk2-triumph-ikkunakaapimen-maalikaapimen-lasikaapimen-lasikaavi-ikkunakaavi-maalikaavi-tera-10-kpl\/"},"modified":"2020-12-10T14:31:26","modified_gmt":"2020-12-10T14:31:26","slug":"varaterat-handy-handy-mk2-triumph-ikkunakaapimen-maalikaapimen-lasikaapimen-lasikaavi-ikkunakaavi-maalikaavi-tera-10-kpl","status":"publish","type":"product","link":"https:\/\/helliston.eu\/fi\/tuote\/varaterat-handy-handy-mk2-triumph-ikkunakaapimen-maalikaapimen-lasikaapimen-lasikaavi-ikkunakaavi-maalikaavi-tera-10-kpl\/","title":{"rendered":"Varater\u00e4t Handy, Handy MK2, Triumph ikkunakaapimen,maalikaapimen, lasikaapimen, 1 pakk. (10 ter\u00e4\u00e4)"},"content":{"rendered":"","protected":false},"excerpt":{"rendered":"<p><b>Tekniset teidot:<\/b><\/p>\n<ul>\n<li><b>Mitat:<\/b> 80 x 22 mm<\/li>\n<li><strong>Terity:<\/strong> kaksipuolinen<\/li>\n<li><strong>Materiaali: <\/strong>hiiliter\u00e4s<\/li>\n<li><strong>M\u00e4\u00e4r\u00e4:<\/strong> 10 kpl pakkauksessa<\/li>\n<\/ul>\n","protected":false},"featured_media":4991,"template":"","meta":[],"product_brand":[],"product_cat":[461,273],"product_tag":[],"class_list":{"0":"post-1111","1":"product","2":"type-product","3":"status-publish","4":"has-post-thumbnail","6":"product_cat-80-mm-handy-scraper-mk2-triumph-kaapimiin","7":"product_cat-maalikaapimen-terat","9":"first","10":"instock","11":"taxable","12":"shipping-taxable","13":"purchasable","14":"product-type-simple"},"jetpack_sharing_enabled":true,"_links":{"self":[{"href":"https:\/\/helliston.eu\/fi\/wp-json\/wp\/v2\/product\/1111","targetHints":{"allow":["GET"]}}],"collection":[{"href":"https:\/\/helliston.eu\/fi\/wp-json\/wp\/v2\/product"}],"about":[{"href":"https:\/\/helliston.eu\/fi\/wp-json\/wp\/v2\/types\/product"}],"wp:featuredmedia":[{"embeddable":true,"href":"https:\/\/helliston.eu\/fi\/wp-json\/wp\/v2\/media\/4991"}],"wp:attachment":[{"href":"https:\/\/helliston.eu\/fi\/wp-json\/wp\/v2\/media?parent=1111"}],"wp:term":[{"taxonomy":"product_brand","embeddable":true,"href":"https:\/\/helliston.eu\/fi\/wp-json\/wp\/v2\/product_brand?post=1111"},{"taxonomy":"product_cat","embeddable":true,"href":"https:\/\/helliston.eu\/fi\/wp-json\/wp\/v2\/product_cat?post=1111"},{"taxonomy":"product_tag","embeddable":true,"href":"https:\/\/helliston.eu\/fi\/wp-json\/wp\/v2\/product_tag?post=1111"}],"curies":[{"name":"wp","href":"https:\/\/api.w.org\/{rel}","templated":true}]}}