{"id":1109,"date":"2019-03-07T14:03:36","date_gmt":"2019-03-07T14:03:36","guid":{"rendered":"https:\/\/helliston.eu\/product\/maalikaapimen-tera-pyorea-kolmio-kovametalli-bahco-ergo-625-sandvik-maalikaapimeen-maalikaavin-tera-1-kpl\/"},"modified":"2020-01-12T21:05:06","modified_gmt":"2020-01-12T21:05:06","slug":"maalikaapimen-tera-pyorea-kolmio-kovametalli-bahco-ergo-625-sandvik-maalikaapimeen-maalikaavin-tera-1-kpl","status":"publish","type":"product","link":"https:\/\/helliston.eu\/fi\/tuote\/maalikaapimen-tera-pyorea-kolmio-kovametalli-bahco-ergo-625-sandvik-maalikaapimeen-maalikaavin-tera-1-kpl\/","title":{"rendered":"Py\u00f6re\u00e4 maalikaapimen ter\u00e4, kovametalli, (Bahco, Sandvik maalikaapimeen), 1 kpl"},"content":{"rendered":"","protected":false},"excerpt":{"rendered":"<p><strong>Py\u00f6r\u00e4t maalikaapimen (eli skraban) ter\u00e4t\u00a0<\/strong> sopivat erinomaisesti Bahco Ergo 625 ja Sandvik maalikaapimeen. Valmistettu <strong>hienolaatuisesta kovametallista <\/strong>(volframikarbidi, 92+HRA), <strong>kiillotetut peilisileiksi. <\/strong>Sopivat erinomaisesti <strong>maalin, lakan ja ruosten<\/strong> poistamiseksi materiaalien pinnoilta (<strong>puu, betoni, metalli, muovi<\/strong> jne). Lis\u00e4tietoja l\u00f6ytyy alempana.<\/p>\n","protected":false},"featured_media":24906,"template":"","meta":[],"product_brand":[],"product_cat":[3378,273],"product_tag":[],"class_list":{"0":"post-1109","1":"product","2":"type-product","3":"status-publish","4":"has-post-thumbnail","6":"product_cat-maalikaapimeen-bahco-ergo-650-665-625","7":"product_cat-maalikaapimen-terat","9":"first","10":"instock","11":"taxable","12":"shipping-taxable","13":"purchasable","14":"product-type-simple"},"jetpack_sharing_enabled":true,"_links":{"self":[{"href":"https:\/\/helliston.eu\/fi\/wp-json\/wp\/v2\/product\/1109","targetHints":{"allow":["GET"]}}],"collection":[{"href":"https:\/\/helliston.eu\/fi\/wp-json\/wp\/v2\/product"}],"about":[{"href":"https:\/\/helliston.eu\/fi\/wp-json\/wp\/v2\/types\/product"}],"wp:featuredmedia":[{"embeddable":true,"href":"https:\/\/helliston.eu\/fi\/wp-json\/wp\/v2\/media\/24906"}],"wp:attachment":[{"href":"https:\/\/helliston.eu\/fi\/wp-json\/wp\/v2\/media?parent=1109"}],"wp:term":[{"taxonomy":"product_brand","embeddable":true,"href":"https:\/\/helliston.eu\/fi\/wp-json\/wp\/v2\/product_brand?post=1109"},{"taxonomy":"product_cat","embeddable":true,"href":"https:\/\/helliston.eu\/fi\/wp-json\/wp\/v2\/product_cat?post=1109"},{"taxonomy":"product_tag","embeddable":true,"href":"https:\/\/helliston.eu\/fi\/wp-json\/wp\/v2\/product_tag?post=1109"}],"curies":[{"name":"wp","href":"https:\/\/api.w.org\/{rel}","templated":true}]}}