{"id":1104,"date":"2019-03-07T22:54:43","date_gmt":"2019-03-07T22:54:43","guid":{"rendered":"https:\/\/helliston.eu\/product\/hiomanauha-30x533mm-k40-zirkonium-makita-9031-metabo-rbe-suhner-utc-jne-hiomakoneen10-kpl\/"},"modified":"2019-10-06T19:19:01","modified_gmt":"2019-10-06T19:19:01","slug":"hiomanauha-30x533mm-k40-zirkonium-makita-9031-metabo-rbe-suhner-utc-jne-hiomakoneen-30-kpl","status":"publish","type":"product","link":"https:\/\/helliston.eu\/fi\/tuote\/hiomanauha-30x533mm-k40-zirkonium-makita-9031-metabo-rbe-suhner-utc-jne-hiomakoneen-30-kpl\/","title":{"rendered":"Hiomanauha 30x533mm, K40, zirkonium, (Makita 9031, Metabo RBE, Suhner UTC jne hiomakoneen), 30 kpl"},"content":{"rendered":"","protected":false},"excerpt":{"rendered":"<p>Hiomanauhat <strong>30 x 533 mm<\/strong> sopivat <strong>Makita<\/strong> 9031, <strong>Fein:<\/strong>\u00a0RS 10-70E, <strong>Flex:<\/strong> LBS 1105 VE, LBS 1105 VE Set, <strong>Metabo:<\/strong>\u00a0RBE 9-60, RB 18 LTX 60, <strong>Suhner:<\/strong> UTC 7-R jne nauhahiomakoneen. L<span class=\"_5yl5\">is\u00e4tietoja l\u00f6ytyy alempana.<\/span><\/p>\n<hr \/>\n<p><strong>Tekniset tiedot:<\/strong><\/p>\n<ul>\n<li><strong>M\u00e4\u00e4r\u00e4:<\/strong> 30 kpl<\/li>\n<li><strong>Mitat:<\/strong> 30 x 533 mm<\/li>\n<li><strong>Karkeus:<\/strong> K40<\/li>\n<li><strong>Hiomajyv\u00e4:<\/strong> Zirkonium<\/li>\n<li><strong>Sidos:<\/strong> Tekohartsi<\/li>\n<li><strong>Selk\u00e4materiaali:<\/strong> Raskas YY-polyesterikangas<\/li>\n<li><strong>V\u00e4ri:<\/strong> sininen<\/li>\n<\/ul>\n","protected":false},"featured_media":2621,"template":"","meta":[],"product_brand":[],"product_cat":[276,275],"product_tag":[],"class_list":{"0":"post-1104","1":"product","2":"type-product","3":"status-publish","4":"has-post-thumbnail","6":"product_cat-hiomanauhat-30x533-makita-9031-fein-rs-10-70e-flex-lbs-1105-1105-ve-set-metabo-rbe-9-60-rb-18-ltx-60-suhner-utc-7-r","7":"product_cat-hiomapaperit","9":"first","10":"outofstock","11":"taxable","12":"shipping-taxable","13":"purchasable","14":"product-type-simple"},"jetpack_sharing_enabled":true,"_links":{"self":[{"href":"https:\/\/helliston.eu\/fi\/wp-json\/wp\/v2\/product\/1104","targetHints":{"allow":["GET"]}}],"collection":[{"href":"https:\/\/helliston.eu\/fi\/wp-json\/wp\/v2\/product"}],"about":[{"href":"https:\/\/helliston.eu\/fi\/wp-json\/wp\/v2\/types\/product"}],"wp:featuredmedia":[{"embeddable":true,"href":"https:\/\/helliston.eu\/fi\/wp-json\/wp\/v2\/media\/2621"}],"wp:attachment":[{"href":"https:\/\/helliston.eu\/fi\/wp-json\/wp\/v2\/media?parent=1104"}],"wp:term":[{"taxonomy":"product_brand","embeddable":true,"href":"https:\/\/helliston.eu\/fi\/wp-json\/wp\/v2\/product_brand?post=1104"},{"taxonomy":"product_cat","embeddable":true,"href":"https:\/\/helliston.eu\/fi\/wp-json\/wp\/v2\/product_cat?post=1104"},{"taxonomy":"product_tag","embeddable":true,"href":"https:\/\/helliston.eu\/fi\/wp-json\/wp\/v2\/product_tag?post=1104"}],"curies":[{"name":"wp","href":"https:\/\/api.w.org\/{rel}","templated":true}]}}