{"id":1099,"date":"2019-03-07T22:39:30","date_gmt":"2019-03-07T22:39:30","guid":{"rendered":"https:\/\/helliston.eu\/product\/hss-wolfram-18-hoylanterat-210x35x3mm-2-kpl\/"},"modified":"2022-01-27T14:04:24","modified_gmt":"2022-01-27T14:04:24","slug":"hss-wolfram-18-hoylanterat-210x35x3mm-2-kpl","status":"publish","type":"product","link":"https:\/\/www.helliston.eu\/fi\/tuote\/hss-wolfram-18-hoylanterat-210x35x3mm-2-kpl\/","title":{"rendered":"HSS Wolfram 18% H\u00f6yl\u00e4nter\u00e4t 210x35x3mm, 2 kpl"},"content":{"rendered":"","protected":false},"excerpt":{"rendered":"<p><strong>T1 HSS Wolfram 18% H\u00f6yl\u00e4nter\u00e4t 210x35x3mm.<\/strong> 2 ter\u00e4\u00e4\/pkt. Valmistettu ensiluokkaisesta T1 HSS W18% -pikater\u00e4ksest\u00e4 (Rockwellin kovuus 63-65 HRC). T1 HSS W18% ter\u00e4t ovat kest\u00e4v\u00e4mm\u00e4t verrattuna tavanomaiseen HSS:iin \u2013 loisatva valinta sek\u00e4 kovan ett\u00e4 pehme\u00e4n puun k\u00e4sittelyyn! Ter\u00e4t ovat teroittetavat. Lis\u00e4tietoja l\u00f6ytyy alempana.<\/p>\n","protected":false},"featured_media":4706,"template":"","meta":[],"product_brand":[],"product_cat":[244,272,233],"product_tag":[],"class_list":{"0":"post-1099","1":"product","2":"type-product","3":"status-publish","4":"has-post-thumbnail","6":"product_cat-210x35x3mm-fi","7":"product_cat-hoylanterat","8":"product_cat-x35x3mm-planer-blades-fi","10":"first","11":"instock","12":"taxable","13":"shipping-taxable","14":"purchasable","15":"product-type-simple"},"jetpack_sharing_enabled":true,"_links":{"self":[{"href":"https:\/\/www.helliston.eu\/fi\/wp-json\/wp\/v2\/product\/1099","targetHints":{"allow":["GET"]}}],"collection":[{"href":"https:\/\/www.helliston.eu\/fi\/wp-json\/wp\/v2\/product"}],"about":[{"href":"https:\/\/www.helliston.eu\/fi\/wp-json\/wp\/v2\/types\/product"}],"wp:featuredmedia":[{"embeddable":true,"href":"https:\/\/www.helliston.eu\/fi\/wp-json\/wp\/v2\/media\/4706"}],"wp:attachment":[{"href":"https:\/\/www.helliston.eu\/fi\/wp-json\/wp\/v2\/media?parent=1099"}],"wp:term":[{"taxonomy":"product_brand","embeddable":true,"href":"https:\/\/www.helliston.eu\/fi\/wp-json\/wp\/v2\/product_brand?post=1099"},{"taxonomy":"product_cat","embeddable":true,"href":"https:\/\/www.helliston.eu\/fi\/wp-json\/wp\/v2\/product_cat?post=1099"},{"taxonomy":"product_tag","embeddable":true,"href":"https:\/\/www.helliston.eu\/fi\/wp-json\/wp\/v2\/product_tag?post=1099"}],"curies":[{"name":"wp","href":"https:\/\/api.w.org\/{rel}","templated":true}]}}