{"id":1098,"date":"2019-03-07T22:38:27","date_gmt":"2019-03-07T22:38:27","guid":{"rendered":"https:\/\/helliston.eu\/product\/hss-wolfram-18-hoylanterat-110x35x3mm-2-kpl\/"},"modified":"2022-01-27T14:04:32","modified_gmt":"2022-01-27T14:04:32","slug":"hss-wolfram-18-hoylanterat-110x35x3mm-2-kpl","status":"publish","type":"product","link":"https:\/\/helliston.eu\/fi\/tuote\/hss-wolfram-18-hoylanterat-110x35x3mm-2-kpl\/","title":{"rendered":"HSS Wolfram 18% H\u00f6yl\u00e4nter\u00e4t 110x35x3mm, 2 kpl"},"content":{"rendered":"","protected":false},"excerpt":{"rendered":"<p><strong>HSS Wolfram 18% h\u00f6yl\u00e4nter\u00e4t 110x35x3mm<\/strong>\u00a0 ovat valmistettu eritt\u00e4in k<span class=\"_5yl5\">est\u00e4v\u00e4st\u00e4<\/span>\u00a0<strong>T1 HSS Wolfram 18% pikater\u00e4ksest\u00e4<\/strong>. <strong>2 kpl pakkauksessa.<\/strong> L<span class=\"_5yl5\">is\u00e4tietoja l\u00f6ytyy alempana.<\/span><\/p>\n","protected":false},"featured_media":4688,"template":"","meta":[],"product_brand":[],"product_cat":[239,272,233],"product_tag":[],"class_list":{"0":"post-1098","1":"product","2":"type-product","3":"status-publish","4":"has-post-thumbnail","6":"product_cat-110x35x3mm-fi","7":"product_cat-hoylanterat","8":"product_cat-x35x3mm-planer-blades-fi","10":"first","11":"instock","12":"taxable","13":"shipping-taxable","14":"purchasable","15":"product-type-simple"},"jetpack_sharing_enabled":true,"_links":{"self":[{"href":"https:\/\/helliston.eu\/fi\/wp-json\/wp\/v2\/product\/1098","targetHints":{"allow":["GET"]}}],"collection":[{"href":"https:\/\/helliston.eu\/fi\/wp-json\/wp\/v2\/product"}],"about":[{"href":"https:\/\/helliston.eu\/fi\/wp-json\/wp\/v2\/types\/product"}],"wp:featuredmedia":[{"embeddable":true,"href":"https:\/\/helliston.eu\/fi\/wp-json\/wp\/v2\/media\/4688"}],"wp:attachment":[{"href":"https:\/\/helliston.eu\/fi\/wp-json\/wp\/v2\/media?parent=1098"}],"wp:term":[{"taxonomy":"product_brand","embeddable":true,"href":"https:\/\/helliston.eu\/fi\/wp-json\/wp\/v2\/product_brand?post=1098"},{"taxonomy":"product_cat","embeddable":true,"href":"https:\/\/helliston.eu\/fi\/wp-json\/wp\/v2\/product_cat?post=1098"},{"taxonomy":"product_tag","embeddable":true,"href":"https:\/\/helliston.eu\/fi\/wp-json\/wp\/v2\/product_tag?post=1098"}],"curies":[{"name":"wp","href":"https:\/\/api.w.org\/{rel}","templated":true}]}}