{"id":10880,"date":"2022-01-30T10:26:26","date_gmt":"2022-01-30T10:26:28","guid":{"rendered":"https:\/\/helliston.eu\/?post_type=product&#038;p=10880"},"modified":"2023-03-31T14:52:17","modified_gmt":"2023-03-31T14:52:17","slug":"hoylanterat-hoylaan-bosch-pho-2000-pho-2100-82mm","status":"publish","type":"product","link":"https:\/\/helliston.eu\/fi\/tuote\/hoylanterat-hoylaan-bosch-pho-2000-pho-2100-82mm\/","title":{"rendered":"H\u00f6yl\u00e4nter\u00e4t h\u00f6yl\u00e4\u00e4n Bosch PHO 2000, PHO 2100, 82mm"},"content":{"rendered":"","protected":false},"excerpt":{"rendered":"<p>H\u00f6yl\u00e4nter\u00e4t h\u00f6yl\u00e4\u00e4n Bosch PHO 2000, PHO 2100, 82 x 5,5 x 1,1mm. 5 paria = 10 h\u00f6yl\u00e4nter\u00e4\u00e4.<\/p>\n<ul>\n<li>HSS = pehme\u00e4lle puulle, tasaisempi pintak\u00e4sittely ja ter\u00e4v\u00e4mpi\u00e4 kuin TCT-ter\u00e4t<\/li>\n<li>TCT = pehme\u00e4lle ja kovalle puulle ja kest\u00e4\u00e4 jopa 5 kertaa pidemp\u00e4\u00e4n kuin perinteiset HSS-h\u00f6yl\u00e4nter\u00e4t<\/li>\n<\/ul>\n<p>Lis\u00e4tietoja on Lis\u00e4tietoja l\u00f6ytyy alempana.<\/p>\n<p>***Pakkaukset on valmistettu kovasta kartongista, eiv\u00e4tk\u00e4 sis\u00e4ll\u00e4 muovia.***<\/p>\n","protected":false},"featured_media":11017,"template":"","meta":[],"product_brand":[],"product_cat":[984,820,1445,2966,1441],"product_tag":[],"class_list":{"0":"post-10880","1":"product","2":"type-product","3":"status-publish","4":"has-post-thumbnail","6":"product_cat-hoylan-terat-bosch-hoylaan","7":"product_cat-hoylanterat-tuottemerkkien-mukaan","8":"product_cat-hoyla-bosch-pho-2000","9":"product_cat-bosch-pho-2100-hoylaan","10":"product_cat-hoyla-bosch-pho-2000-1500-3100-15-2-82","12":"first","13":"instock","14":"taxable","15":"shipping-taxable","16":"product-type-variable"},"jetpack_sharing_enabled":true,"_links":{"self":[{"href":"https:\/\/helliston.eu\/fi\/wp-json\/wp\/v2\/product\/10880","targetHints":{"allow":["GET"]}}],"collection":[{"href":"https:\/\/helliston.eu\/fi\/wp-json\/wp\/v2\/product"}],"about":[{"href":"https:\/\/helliston.eu\/fi\/wp-json\/wp\/v2\/types\/product"}],"wp:featuredmedia":[{"embeddable":true,"href":"https:\/\/helliston.eu\/fi\/wp-json\/wp\/v2\/media\/11017"}],"wp:attachment":[{"href":"https:\/\/helliston.eu\/fi\/wp-json\/wp\/v2\/media?parent=10880"}],"wp:term":[{"taxonomy":"product_brand","embeddable":true,"href":"https:\/\/helliston.eu\/fi\/wp-json\/wp\/v2\/product_brand?post=10880"},{"taxonomy":"product_cat","embeddable":true,"href":"https:\/\/helliston.eu\/fi\/wp-json\/wp\/v2\/product_cat?post=10880"},{"taxonomy":"product_tag","embeddable":true,"href":"https:\/\/helliston.eu\/fi\/wp-json\/wp\/v2\/product_tag?post=10880"}],"curies":[{"name":"wp","href":"https:\/\/api.w.org\/{rel}","templated":true}]}}