{"id":2932,"date":"2019-03-03T18:06:38","date_gmt":"2019-03-03T18:06:38","guid":{"rendered":"https:\/\/helliston.eu\/shipping-delivery\/"},"modified":"2023-04-08T17:47:34","modified_gmt":"2023-04-08T17:47:34","slug":"toimitusehdot","status":"publish","type":"page","link":"https:\/\/helliston.eu\/fi\/toimitusehdot\/","title":{"rendered":"Toimitusehdot"},"content":{"rendered":"\n\t<section class=\"section\" id=\"section_357068504\">\n\t\t<div class=\"section-bg fill\" >\n\t\t\t\t\t\t\t\t\t\n\t\t\t\n\n\t\t<\/div>\n\n\t\t\n\n\t\t<div class=\"section-content relative\">\n\t\t\t\n<div class=\"row align-center\"  id=\"row-848198347\">\n\n\n\t<div id=\"col-1244442935\" class=\"col medium-7 small-12 large-7\"  >\n\t\t\t\t<div class=\"col-inner text-center\"  >\n\t\t\t\n\t\t\t\n\n<div class=\"ux-logo has-hover align-middle ux_logo inline-block\" style=\"max-width: 100%!important; width: 137.142857143px!important\"><div class=\"ux-logo-link block image-\" title=\"\" href=\"\" style=\"padding: 15px;\"><img decoding=\"async\" src=\"https:\/\/helliston.eu\/wp-content\/uploads\/2020\/01\/Posti-Logo.jpg\" title=\"\" alt=\"\" class=\"ux-logo-image block\" style=\"height:50px;\" \/><\/div><\/div>\n\n<div class=\"ux-logo has-hover align-middle ux_logo inline-block\" style=\"max-width: 100%!important; width: 187.894736842px!important\"><div class=\"ux-logo-link block image-\" title=\"\" href=\"\" style=\"padding: 15px;\"><img decoding=\"async\" src=\"https:\/\/helliston.eu\/wp-content\/uploads\/2020\/01\/Postnord-Logo.jpg\" title=\"\" alt=\"\" class=\"ux-logo-image block\" style=\"height:30px;\" \/><\/div><\/div>\n\n<div class=\"ux-logo has-hover align-middle ux_logo inline-block\" style=\"max-width: 100%!important; width: 193.043478261px!important\"><div class=\"ux-logo-link block image-\" title=\"\" href=\"\" style=\"padding: 15px;\"><img decoding=\"async\" src=\"https:\/\/helliston.eu\/wp-content\/uploads\/2020\/01\/Posten-Logo.jpg\" title=\"\" alt=\"\" class=\"ux-logo-image block\" style=\"height:50px;\" \/><\/div><\/div>\n\n\n\t\t<\/div>\n\t\t\t\t\t<\/div>\n\n\t\n\n\t<div id=\"col-206853260\" class=\"col medium-7 small-12 large-7\"  >\n\t\t\t\t<div class=\"col-inner text-center\"  >\n\t\t\t\n\t\t\t\n\n<div class=\"ux-logo has-hover align-middle ux_logo inline-block\" style=\"max-width: 100%!important; width: 81.3698630137px!important\"><div class=\"ux-logo-link block image-\" title=\"\" href=\"\" style=\"padding: 15px;\"><img decoding=\"async\" src=\"https:\/\/helliston.eu\/wp-content\/uploads\/2020\/01\/logo_717x696.jpg\" title=\"\" alt=\"\" class=\"ux-logo-image block\" style=\"height:50px;\" \/><\/div><\/div>\n\n<div class=\"ux-logo has-hover align-middle ux_logo inline-block\" style=\"max-width: 100%!important; width: 83.1914893617px!important\"><div class=\"ux-logo-link block image-\" title=\"\" href=\"\" style=\"padding: 15px;\"><img decoding=\"async\" src=\"https:\/\/helliston.eu\/wp-content\/uploads\/2020\/01\/Itella-Logo.jpg\" title=\"\" alt=\"\" class=\"ux-logo-image block\" style=\"height:50px;\" \/><\/div><\/div>\n\n<div class=\"ux-logo has-hover align-middle ux_logo inline-block\" style=\"max-width: 100%!important; width: 141.940298507px!important\"><div class=\"ux-logo-link block image-\" title=\"\" href=\"\" style=\"padding: 15px;\"><img decoding=\"async\" src=\"https:\/\/helliston.eu\/wp-content\/uploads\/2020\/01\/DPD-Logo.jpg\" title=\"\" alt=\"\" class=\"ux-logo-image block\" style=\"height:50px;\" \/><\/div><\/div>\n\n<div class=\"ux-logo has-hover align-middle ux_logo inline-block\" style=\"max-width: 100%!important; width: 161.818181818px!important\"><div class=\"ux-logo-link block image-\" title=\"\" href=\"\" style=\"padding: 15px;\"><img decoding=\"async\" src=\"https:\/\/helliston.eu\/wp-content\/uploads\/2020\/01\/DHL-Logo.jpg\" title=\"\" alt=\"\" class=\"ux-logo-image block\" style=\"height:29px;\" \/><\/div><\/div>\n\n\n\t\t<\/div>\n\t\t\t\t\t<\/div>\n\n\t\n\n<\/div>\n<div class=\"row\"  id=\"row-190398871\">\n\n\t<div id=\"col-313792636\" class=\"col medium-2 small-12 large-2\"  >\n\t\t\t\t<div class=\"col-inner\"  >\n\t\t\t\n\t\t\t\n\t\t<\/div>\n\t\t\t\t\t<\/div>\n\n\t\n\n\t<div id=\"col-1464764588\" class=\"col medium-8 small-12 large-8\"  >\n\t\t\t\t<div class=\"col-inner\"  >\n\t\t\t\n\t\t\t\n<h4><strong>SUOMI<\/strong><\/h4>\n<ul>\n<li>Kaikki l\u00e4hetetyt tilaukset ovat j\u00e4ljitett\u00e4viss\u00e4 <a href=\"http:\/\/www.posti.fi\">posti.fi<\/a>:n kautta<br \/>(jos tiedot eiv\u00e4t n\u00e4y heti, odota hetki, voi kest\u00e4\u00e4 jonkin aikaa ennen kuin Posti.fi saa tiedon saapuvasta paketista)<\/li>\n<li>Pienemm\u00e4t l\u00e4hetykset toimitetaan k\u00e4tev\u00e4sti postilaatikkoosi.<\/li>\n<li>Normaali toimitusaika Virosta Suomeen on noin 3-7 p\u00e4iv\u00e4\u00e4 (riippuu toimitustavasta)<\/li>\n<\/ul>\n<p><strong>Toimitusvaihtoehtoja on kaksi:<\/strong><\/p>\n<ol>\n<li>postilaatikkoon tai paikalliseen postitoimistoon \u2013<br \/>Toimitusaika: noin <span data-text-color=\"primary\"><strong>3-7 p\u00e4iv\u00e4\u00e4<\/strong><\/span><br \/>Toimituskulut: <span data-text-color=\"primary\"><strong>4,90 \u20ac (sis. ALV)<\/strong><\/span>\n<\/li>\n<li>Postin pakettiautomaattiin (<span data-text-color=\"primary\"><strong>nopea ja k\u00e4tev\u00e4<\/strong><\/span>)<br \/>Toimitusaika: noin <span data-text-color=\"primary\"><strong>2-4 p\u00e4iv\u00e4\u00e4<\/strong><\/span><br \/>Toimituskulut: <span data-text-color=\"primary\"><strong>9,90 \u20ac (sis. ALV)<\/strong><\/span><\/li>\n<\/ol>\n\t\t<\/div>\n\t\t\t\t\t<\/div>\n\n\t\n\n\t<div id=\"col-524655979\" class=\"col medium-2 small-12 large-2\"  >\n\t\t\t\t<div class=\"col-inner\"  >\n\t\t\t\n\t\t\t\n\t\t<\/div>\n\t\t\t\t\t<\/div>\n\n\t\n<\/div>\n<div class=\"row\"  id=\"row-1340031545\">\n\n\t<div id=\"col-1067282473\" class=\"col medium-2 small-12 large-2\"  >\n\t\t\t\t<div class=\"col-inner\"  >\n\t\t\t\n\t\t\t\n\t\t<\/div>\n\t\t\t\t\t<\/div>\n\n\t\n\n\t<div id=\"col-1262296726\" class=\"col medium-8 small-12 large-8\"  >\n\t\t\t\t<div class=\"col-inner\"  >\n\t\t\t\n\t\t\t\n<h4><strong>1. YLEISET EHDOT<\/strong><\/h4>\n<p>1.1. Kaikki paketit l\u00e4hetet\u00e4\u00e4n seurantanumerolla.<\/p>\n<p>1.2. Toimitamme Eurooppaan, merentakaisiin Ranskaan, Yhdysvaltoihin, Kanadaan ja Australiaan.<\/p>\n<p>1.3. Tarkat toimituskulut lasketaan kassalla.<\/p>\n<p>1.4. L\u00e4het\u00e4mme tilauksen 24 tunnin sis\u00e4ll\u00e4 maanantaista perjantaiaamuun maksun vastaanottamisesta.<\/p>\n<p>1.5. Toimituspaikka on Viro, Baltian maat, Euroopan unioni.<\/p>\n<h4><strong>2. TOIMITUSKULUT<\/strong><\/h4>\n<p>2.1. Tarkat toimituskulut lasketaan kassalla.<\/p>\n<p>2.2. Tarkka hinta riippuu kohdemaasta ja kohdemaan ALV:sta (jos tilaus toimitetaan Euroopan unionin sis\u00e4ll\u00e4).<\/p>\n<p>2.3. Toimituskulut alkavat pienest\u00e4 2,90 \u20ac:n maksusta (sis\u00e4lt\u00e4\u00e4 Viron ALV:n).<\/p>\n<h4><strong>3. TOIMITUSTAVAT<\/strong><\/h4>\n<p>3.1. Tarkat toimitustavat n\u00e4kyv\u00e4t kassalla.<\/p>\n<p>3.2. Normaali toimitustapa on paikallinen postiyhti\u00f6 (tilaukset ovat seurattavissa paikallisten postien, kuten USPS, PostNord, La Poste, Royal Mail, Poste Italene, Correos, Posti jne., verkkosivustojen kautta).<\/p>\n<p>3.3. Muita toimitustapoja ovat DHL, Fedex, GLS, Itella.<\/p>\n<h4><strong>4. TOIMITUSAIKA<\/strong><\/h4>\n<p>4.1. Tilattujen tuotteiden toimitusaika riippuu kuljetuspalveluntarjoajista sek\u00e4 asiakkaan osoitteesta ja sijainnista.<\/p>\n<p>4.2. EU ja Eurooppa = noin 3-7 p\u00e4iv\u00e4\u00e4.<\/p>\n<p>4.3. Euroopan ulkopuolella = noin 5-14 p\u00e4iv\u00e4\u00e4.<\/p>\n<h4><strong>5. TOIMITUKSEN PERUUTTAMINEN<\/strong><\/h4>\n<p>5.1. Kun tilaus on l\u00e4hetetty postitse, emme voi taata toimituksen peruuttamista (jos otat meihin yhteytt\u00e4 suoraan yhden p\u00e4iv\u00e4n kuluessa tilauksen l\u00e4hett\u00e4misest\u00e4, tilaus pit\u00e4isi olla mahdollista peruuttaa, mutta emme voi taata sit\u00e4. Riippuu kuinka nopeasti kuljetusyritys l\u00e4hett\u00e4\u00e4 paketin ulkomaille).<\/p>\n<p>5.2 Jos tilaus on jo l\u00e4hetetty, voit hyl\u00e4t\u00e4 paketin, jos postiyritys yritt\u00e4\u00e4 toimittaa sen. Paketin hylk\u00e4\u00e4misen j\u00e4lkeen postiyhti\u00f6 on velvollinen palauttamaan paketin meille. Sen vastaanottamisen j\u00e4lkeen hyvit\u00e4mme tilauksen.<\/p>\n<h4><strong>6. VAURIOITTUNEET TAI KADONNITTEET PAKKEET<\/strong><\/h4>\n<p>6.1. Jos tilaus on vaurioitunut eik\u00e4 sit\u00e4 voi en\u00e4\u00e4 k\u00e4ytt\u00e4\u00e4 tai se on kadonnut reitill\u00e4, ota meihin yhteytt\u00e4 suoraan.<\/p>\n<p>6.2. Joko hyvit\u00e4mme kaikki kulut tai l\u00e4het\u00e4mme sen uudelleen (asiakkaiden toiveiden mukaan).<\/p>\n<h4><strong>7. TOIMITUKSIEN VIIVYTTYMINEN<\/strong><\/h4>\n<p>7.1. Emme ota vastuuta toimituksen viiv\u00e4stymisest\u00e4, jos se pysyy 7 p\u00e4iv\u00e4n sis\u00e4ll\u00e4 luvatun toimitusajan j\u00e4lkeen.<\/p>\n<p>7.2. Emme ota vastuuta ylivoimaisen esteen aiheuttamasta toimituksen viiv\u00e4stymisest\u00e4.<\/p>\n<p>7.3. Emme ota vastuuta toimituksen viiv\u00e4stymisest\u00e4, jos asiakkaan antama osoite oli v\u00e4\u00e4r\u00e4.<\/p>\n<h4><strong>8. TOIMITUS VIRON SIS\u00c4LL\u00c4<\/strong><\/h4>\n<p>8.1. Toimituskulut alkaen 2,90 \u20ac.<\/p>\n<p>8.2. Toimitustavat:<\/p>\n<p>8.2.1. Pakettiautomaatit: Omniva, Itella<\/p>\n<p>8.2.3. Kuriiri: Itella<\/p>\n<p>8.3 Toimitusaika: 1-3 p\u00e4iv\u00e4n sis\u00e4ll\u00e4 paketin postittamisesta.<\/p>\n\t\t<\/div>\n\t\t\t\t\t<\/div>\n\n\t\n\n\t<div id=\"col-1954871724\" class=\"col medium-2 small-12 large-2\"  >\n\t\t\t\t<div class=\"col-inner\"  >\n\t\t\t\n\t\t\t\n\t\t<\/div>\n\t\t\t\t\t<\/div>\n\n\t\n<\/div>\n\t\t<\/div>\n\n\t\t\n<style>\n#section_357068504 {\n  padding-top: 30px;\n  padding-bottom: 30px;\n}\n<\/style>\n\t<\/section>\n\t\n\n\t<section class=\"section\" id=\"section_1299740890\">\n\t\t<div class=\"section-bg fill\" >\n\t\t\t\t\t\t\t\t\t\n\t\t\t\n\n\t\t<\/div>\n\n\t\t\n\n\t\t<div class=\"section-content relative\">\n\t\t\t\n<div class=\"row row-small align-center row-divided\"  id=\"row-837954522\">\n\n\t<div id=\"col-767023771\" class=\"col medium-3 small-12 large-3\"  >\n\t\t\t\t<div class=\"col-inner\"  >\n\t\t\t\n\t\t\t\n<div class=\"container section-title-container\" ><h3 class=\"section-title section-title-center\"><b aria-hidden=\"true\"><\/b><span class=\"section-title-main\" >Yleisehdot<\/span><b aria-hidden=\"true\"><\/b><\/h3><\/div>\n\t\t<\/div>\n\t\t\t\t\t<\/div>\n\n\t\n\n\t<div id=\"col-582322764\" class=\"col medium-7 small-10 large-7\"  >\n\t\t\t\t<div class=\"col-inner\"  >\n\t\t\t\n\t\t\t\n<p>1.1. Maksun saapumisen j\u00e4lkeen pankkitilillemme tilaus hoidetaan ma-pe 24 tunnissa.<\/p>\n<p>1.2. Tarkat toimitushinnat lasketaan <strong>kassalla<\/strong>, koska toimitus riippuu monesta seikasta (maasta, yhti\u00f6st\u00e4, pakettien painosta, perushinnasta yms.)<\/p>\n\t\t<\/div>\n\t\t\t\t\t<\/div>\n\n\t\n<\/div>\n\t<div id=\"gap-428064891\" class=\"gap-element clearfix\" style=\"display:block; height:auto;\">\n\t\t\n<style>\n#gap-428064891 {\n  padding-top: 30px;\n}\n<\/style>\n\t<\/div>\n\t\n<div class=\"row row-small align-center row-divided\"  id=\"row-1538971775\">\n\n\t<div id=\"col-1322263088\" class=\"col medium-3 small-12 large-3\"  >\n\t\t\t\t<div class=\"col-inner\"  >\n\t\t\t\n\t\t\t\n<div class=\"container section-title-container\" ><h3 class=\"section-title section-title-center\"><b aria-hidden=\"true\"><\/b><span class=\"section-title-main\" style=\"color:rgb(0, 0, 240);\">Toimitus Suomeen<\/span><b aria-hidden=\"true\"><\/b><\/h3><\/div>\n\t\t<\/div>\n\t\t\t\t\t<\/div>\n\n\t\n\n\t<div id=\"col-301725478\" class=\"col medium-7 small-10 large-7\"  >\n\t\t\t\t<div class=\"col-inner\"  >\n\t\t\t\n\t\t\t\n<p><strong>1.3. Toimituskulut:<\/strong><br \/>1.3.1. Pienipaketti\/ maksikirje &#8211; ilmainen toimitus<br \/>1.3.2. Itellan pakettiautomaatteihin &#8211; alk. 7.99 \u20ac (sis. ALV)<br \/>1.3.3. DPD Pickup &#8211; alk. 11.99 \u20ac\u00a0 (sis.ALV)<\/p>\n<p><strong>1.4. Ilmainen toimitus<\/strong><br \/>1.4.1. Pienipaketti\/ maksikirje &#8211; ilmainen toimitus<br \/>1.4.2. Itellan pakettiautomaatteihin &#8211; alk. 150 \u20ac (sis.ALV)<br \/>1.4.3. DPD Pickup &#8211; alk. 170 \u20ac (sis.ALV)<\/p>\n<p><strong>1.5. Toimitusaika:<\/strong><br \/>1.5.1. Pienipaketti\/ maksikirje &#8211; 1-7 p\u00e4iv\u00e4n kuluessa <br \/>1.5.2. Itellan pakettiautomaatteihin:<br \/>1.5.2.1. Helsinkiin &#8211; 1-3 p\u00e4iv\u00e4n kuluessa<br \/>1.5.2.2. Muualle Suomeen &#8211; 3-5 p\u00e4iv\u00e4n kuluessa<br \/>1.5.3. DPD Pickup &#8211; 1-4 p\u00e4iv\u00e4n kuluessa<\/p>\n\t\t<\/div>\n\t\t\t\t\t<\/div>\n\n\t\n<\/div>\n\t<div id=\"gap-1149309331\" class=\"gap-element clearfix\" style=\"display:block; height:auto;\">\n\t\t\n<style>\n#gap-1149309331 {\n  padding-top: 30px;\n}\n<\/style>\n\t<\/div>\n\t\n<div class=\"row row-small align-center row-divided\"  id=\"row-329565500\">\n\n\t<div id=\"col-1156196517\" class=\"col medium-3 small-12 large-3\"  >\n\t\t\t\t<div class=\"col-inner\"  >\n\t\t\t\n\t\t\t\n<div class=\"container section-title-container\" ><h3 class=\"section-title section-title-center\"><b aria-hidden=\"true\"><\/b><span class=\"section-title-main\" >ilmainen toimitus<\/span><b aria-hidden=\"true\"><\/b><\/h3><\/div>\n\t\t<\/div>\n\t\t\t\t\t<\/div>\n\n\t\n\n\t<div id=\"col-1081675666\" class=\"col medium-7 small-10 large-7\"  >\n\t\t\t\t<div class=\"col-inner\"  >\n\t\t\t\n\t\t\t\n<p><strong>2.1. Pienipaketti\/ maksikirje:<\/strong><br \/>2.1.1 EU ja Eurooppa &#8211; ilmainen toimitus<br \/>2.1.2 Muualle maailmaan &#8211; alk. 89 \u20ac (ei sis. ALV)<br \/><strong>2.2. Itella ParcelConnect tai DPD:<\/strong><br \/>2.2.1 EU ja Eurooppa &#8211; alk. 190 \u20ac (sis. ALV)<br \/><strong>2.3. DHL Express<\/strong><br \/>2.3.1.<\/p>\n\t\t<\/div>\n\t\t\t\t\t<\/div>\n\n\t\n<\/div>\n\t<div id=\"gap-713967805\" class=\"gap-element clearfix\" style=\"display:block; height:auto;\">\n\t\t\n<style>\n#gap-713967805 {\n  padding-top: 30px;\n}\n<\/style>\n\t<\/div>\n\t\n<div class=\"row row-small align-center row-divided\"  id=\"row-456337974\">\n\n\t<div id=\"col-2023168114\" class=\"col medium-3 small-12 large-3\"  >\n\t\t\t\t<div class=\"col-inner\"  >\n\t\t\t\n\t\t\t\n<div class=\"container section-title-container\" ><h3 class=\"section-title section-title-center\"><b aria-hidden=\"true\"><\/b><span class=\"section-title-main\" >toimitusaika<\/span><b aria-hidden=\"true\"><\/b><\/h3><\/div>\n\t\t<\/div>\n\t\t\t\t\t<\/div>\n\n\t\n\n\t<div id=\"col-712336885\" class=\"col medium-7 small-10 large-7\"  >\n\t\t\t\t<div class=\"col-inner\"  >\n\t\t\t\n\t\t\t\n<p>3.1.\u00a0 Toimitusaika riippuu ostajan osoitteesta ja valitun yhti\u00f6n toimitusajoista.<\/p>\n<p><strong>3.2. Pienipaketti\/ maksikirje (Omniva)<\/strong><br \/>3.2.1. Yleispostipalvelussa paketti saapuu Eurooppaan <strong>1-7 p\u00e4iv\u00e4n<\/strong> kuluessa.<br \/>3.2.2. Muualle maailmaan saapuu paketti <strong>7-14 p\u00e4iv\u00e4n<\/strong> kuluessa:<br \/>3.2.2.1 USA &amp; Kanada &amp; Australia &#8211; <strong>~6-8 p\u00e4iv\u00e4\u00e4<\/strong><br \/>3.2.2.2 Uusi-Seelanti &#8211;\u00a0<strong> ~9-10 p\u00e4iv\u00e4\u00e4<br \/><\/strong><\/p>\n<p><strong>3.3. DPD Eurooppa<\/strong><br \/>3.3.1. Toimitusaika riippuu valtiosta:<br \/>3.3.1.1 Suomi, Ruotsi, Latvia, Liettua: 1-4 p\u00e4iv\u00e4\u00e4<br \/>3.3.1.2 Saksa, Belgia: 3-5 p\u00e4iv\u00e4\u00e4<br \/>3.3.1.3 It\u00e4valta, Tanska, Alankomaat, Englanti, Unkari: 4-6 p\u00e4iv\u00e4\u00e4<br \/>3.3.1.4 Maiden ja toimitusaikojen lista l\u00f6ytyy t\u00e4ss\u00e4: DPD <a href=\"https:\/\/www.dpd.com\/ee_en\/avaleht\/tooted_teenused\/tarneajad\">Delivery Times Europe<\/a><\/p>\n<p><strong>3.4. Itella Suomi<\/strong><br \/>3.4.1 Helsinki: 1-3 p\u00e4iv\u00e4\u00e4<br \/>3.4.2 Muualle Suomeen &#8211; 3-5 p\u00e4iv\u00e4\u00e4<\/p>\n<p><strong>3.5. DHL Express<\/strong><br \/>3.5.1 Kaikkialle maailmaan 7-14 p\u00e4iv\u00e4n kuluessa<\/p>\n\t\t<\/div>\n\t\t\t\t\t<\/div>\n\n\t\n<\/div>\n\t<div id=\"gap-368858715\" class=\"gap-element clearfix\" style=\"display:block; height:auto;\">\n\t\t\n<style>\n#gap-368858715 {\n  padding-top: 30px;\n}\n<\/style>\n\t<\/div>\n\t\n<div class=\"row row-small align-center row-divided\"  id=\"row-1965068655\">\n\n\t<div id=\"col-277758940\" class=\"col medium-3 small-12 large-3\"  >\n\t\t\t\t<div class=\"col-inner\"  >\n\t\t\t\n\t\t\t\n<div class=\"container section-title-container\" ><h3 class=\"section-title section-title-center\"><b aria-hidden=\"true\"><\/b><span class=\"section-title-main\" >toimituskulut<\/span><b aria-hidden=\"true\"><\/b><\/h3><\/div>\n\t\t<\/div>\n\t\t\t\t\t<\/div>\n\n\t\n\n\t<div id=\"col-1869768146\" class=\"col medium-7 small-10 large-7\"  >\n\t\t\t\t<div class=\"col-inner\"  >\n\t\t\t\n\t\t\t\n<p>4.1. Tarkat toimitushinnat lasketaan kassalla.<\/p>\n<p><strong>4.2. Pienipaketti\/ maksikirje:<br \/><\/strong>4.2.1 EU &amp; Eurooppa = ilmainen toimitus<br \/>4.2.2 Muualle maailmaan = alk. 5.99 \u20ac (ei sis.VAT)<\/p>\n<p><strong>4.3 DPD Europe<br \/><\/strong>4.3.1 Toimituskulut riippuvat valtioidesta ja paketin painosta. Tarkat toimitushinnat lasketaan kassalla.<br \/>4.3.2 Referenssihinnat:<br \/>4.3.2.1 Suomi &amp; Ruotsi &#8211; 1-3 kg = 11,6 \u20ac, 3-20 kg = 14.50 \u20ac + ALV (20%)<br \/>4.3.2.2 Saksa, Alankomaat, Belgia, Tanska, It\u00e4valta &#8211; 1-3 kg 15,5 \u20ac ; 3-20 kg = 21 \u20ac + ALV (20%)<br \/>4.3.2.3 Ranska, Enklanti, Luxemburg &#8211; 1 kg = 18,50 \u20ac; 3-20 kg = 27 \u20ac + ALV (20%)<\/p>\n<p><strong>4.4. Itella Suomi<\/strong><br \/>4.4.1 Alk. 7.99 \u20ac (sis.ALV) kaikkiin pakettiautomaatteihin Suomessa<\/p>\n<p><strong>4.5. Itella ParcelConnect:<br \/><\/strong>4.5.1 Toimituskulut riippuvat valtioidesta ja paketin painosta. Tarkat toimitushinnat lasketaan kassalla:<br \/>4.5.2 Referensshinnat:<br \/>4.5.3 Ruotsi: perushinta 9.30 \u20ac + 0,20 \u20ac kilolta<br \/>4.5.4 Saksa: perushinta 14 \u20ac + 0,30 \u20ac kilolta<br \/>4.5.5 It\u00e4valta, Belgia, Alankomaat: perushinta 15 \u20ac + 0,30 \u20ac kilolta<\/p>\n<p><strong>4.6. DHL Express<\/strong><br \/>4.6.1. Tarkka toimitushinta lasketaan kassalla.<\/p>\n\t\t<\/div>\n\t\t\t\t\t<\/div>\n\n\t\n<\/div>\n\t<div id=\"gap-1448832369\" class=\"gap-element clearfix\" style=\"display:block; height:auto;\">\n\t\t\n<style>\n#gap-1448832369 {\n  padding-top: 30px;\n}\n<\/style>\n\t<\/div>\n\t\n<div class=\"row row-small align-center row-divided\"  id=\"row-2145176925\">\n\n\t<div id=\"col-524419232\" class=\"col medium-3 small-12 large-3\"  >\n\t\t\t\t<div class=\"col-inner\"  >\n\t\t\t\n\t\t\t\n<div class=\"container section-title-container\" ><h3 class=\"section-title section-title-center\"><b aria-hidden=\"true\"><\/b><span class=\"section-title-main\" >TOIMITUS VIROON<\/span><b aria-hidden=\"true\"><\/b><\/h3><\/div>\n\t\t<\/div>\n\t\t\t\t\t<\/div>\n\n\t\n\n\t<div id=\"col-489433170\" class=\"col medium-7 small-10 large-7\"  >\n\t\t\t\t<div class=\"col-inner\"  >\n\t\t\t\n\t\t\t\n<p><strong>5.1. Ilmainen toimitus<\/strong><br \/>5.1.1 DPD pakettiautomaattiin &#8211; ilmainen toimitus<br \/>5.1.2 Omnivav &amp; Itellan pakettiautomaatteihin &#8211; alk. 25 \u20ac (sis.ALV)<br \/><strong>5.2. Toimituskulut<\/strong><br \/>5.2.1. DPD pakettiautomaattiin &#8211; ilmainen toimitus<br \/>5.2.2. Omnivav &amp; Itellan pakettiautomaatteihin &#8211; alk. 2.39 \u20ac (sis.ALV)<br \/><strong>5.3. Toimitusaika<\/strong><br \/>5.3.1. 1-3 p\u00e4iv\u00e4n kuluessa<\/p>\n\t\t<\/div>\n\t\t\t\t\t<\/div>\n\n\t\n<\/div>\n\t\t<\/div>\n\n\t\t\n<style>\n#section_1299740890 {\n  padding-top: 30px;\n  padding-bottom: 30px;\n}\n<\/style>\n\t<\/section>\n\t\n","protected":false},"excerpt":{"rendered":"","protected":false},"author":1,"featured_media":0,"parent":0,"menu_order":0,"comment_status":"closed","ping_status":"closed","template":"page-blank.php","meta":{"footnotes":""},"class_list":["post-2932","page","type-page","status-publish","hentry"],"jetpack_sharing_enabled":true,"_links":{"self":[{"href":"https:\/\/helliston.eu\/fi\/wp-json\/wp\/v2\/pages\/2932","targetHints":{"allow":["GET"]}}],"collection":[{"href":"https:\/\/helliston.eu\/fi\/wp-json\/wp\/v2\/pages"}],"about":[{"href":"https:\/\/helliston.eu\/fi\/wp-json\/wp\/v2\/types\/page"}],"author":[{"embeddable":true,"href":"https:\/\/helliston.eu\/fi\/wp-json\/wp\/v2\/users\/1"}],"replies":[{"embeddable":true,"href":"https:\/\/helliston.eu\/fi\/wp-json\/wp\/v2\/comments?post=2932"}],"version-history":[{"count":5,"href":"https:\/\/helliston.eu\/fi\/wp-json\/wp\/v2\/pages\/2932\/revisions"}],"predecessor-version":[{"id":21610,"href":"https:\/\/helliston.eu\/fi\/wp-json\/wp\/v2\/pages\/2932\/revisions\/21610"}],"wp:attachment":[{"href":"https:\/\/helliston.eu\/fi\/wp-json\/wp\/v2\/media?parent=2932"}],"curies":[{"name":"wp","href":"https:\/\/api.w.org\/{rel}","templated":true}]}}