{"id":2930,"date":"2019-03-03T18:21:55","date_gmt":"2019-03-03T18:21:55","guid":{"rendered":"https:\/\/helliston.eu\/return-refund\/"},"modified":"2020-07-01T11:31:29","modified_gmt":"2020-07-01T11:31:29","slug":"palautusoikeus","status":"publish","type":"page","link":"https:\/\/helliston.eu\/fi\/palautusoikeus\/","title":{"rendered":"Palautusoikeus"},"content":{"rendered":"\t<div id=\"gap-837548360\" class=\"gap-element clearfix\" style=\"display:block; height:auto;\">\n\t\t\n<style>\n#gap-837548360 {\n  padding-top: 30px;\n}\n<\/style>\n\t<\/div>\n\t\n<div class=\"row row-collapse row-full-width align-middle align-center\"  id=\"row-461264039\">\n\n\t<div id=\"col-1796735219\" class=\"col medium-8 large-8\"  >\n\t\t\t\t<div class=\"col-inner\"  >\n\t\t\t\n\t\t\t\n<div class=\"row row-large align-middle align-center\"  id=\"row-234601182\">\n\n\t<div id=\"col-382405878\" class=\"col small-12 large-12\"  >\n\t\t\t\t<div class=\"col-inner\"  >\n\t\t\t\n\t\t\t\n<p style=\"text-align: center;\">Panostamme kovasti tuotteiden laatuun taataksemme, ett\u00e4 voisit olla tyytyv\u00e4inen tilamaasi tuotteisiin. Jos sattuu, ett\u00e4 tilaamasi tuotteet eiv\u00e4t vasta odotuksiasi, niin sinulla on oikeus ilman mink\u00e4\u00e4nlaista perustelua tilauksen saamisen p\u00e4iv\u00e4st\u00e4 laskien palauttaa tilaus kolmestakymmenest\u00e4 p\u00e4iv\u00e4st\u00e4.<\/p>\n\t\t<\/div>\n\t\t\t\t\t<\/div>\n\n\t\n<\/div>\n\t\t<\/div>\n\t\t\t\t\t<\/div>\n\n\t\n<\/div>\n<div class=\"row row-collapse row-full-width align-center row-divided\"  id=\"row-709940006\">\n\n\t<div id=\"col-421136617\" class=\"col medium-4 small-12 large-4\"  >\n\t\t\t\t<div class=\"col-inner\"  >\n\t\t\t\n\t\t\t\n<div class=\"container section-title-container\" ><h3 class=\"section-title section-title-center\"><b aria-hidden=\"true\"><\/b><span class=\"section-title-main\" >Yleisehdot<\/span><b aria-hidden=\"true\"><\/b><\/h3><\/div>\n\t\t<\/div>\n\t\t\t\t\t<\/div>\n\n\t\n\n\t<div id=\"col-2067458108\" class=\"col medium-6 small-10 large-6\"  >\n\t\t\t\t<div class=\"col-inner\"  >\n\t\t\t\n\t\t\t\n<ul>\n<li>Tuotteiden saamisen j\u00e4lkeen sinulla on oikeus per\u00e4\u00e4nty\u00e4 kanssamme solmitusta sopimuksesta (katso <a href=\"https:\/\/helliston.eu\/fi\/myyntiehdot\/\">Myyntiehdot<\/a>) 30 p\u00e4iv\u00e4n kuluessa.<strong><br \/><\/strong><\/li>\n<li>Jos maksoit tuotteen tilauksen yhteydess\u00e4 my\u00f6s kuljetuksesta, niin my\u00f6s t\u00e4m\u00e4 summa kuuluu palautettavaksi (paitsi kuriirilla l\u00e4hett\u00e4ess\u00e4 \u2013 Itella Smart-kuriiri, DPD tai DHL Express -kuriiri).<\/li>\n<\/ul>\n\t\t<\/div>\n\t\t\t\t\t<\/div>\n\n\t\n<\/div>\n\t<div id=\"gap-2083829631\" class=\"gap-element clearfix\" style=\"display:block; height:auto;\">\n\t\t\n<style>\n#gap-2083829631 {\n  padding-top: 30px;\n}\n<\/style>\n\t<\/div>\n\t\n<div class=\"row row-collapse row-full-width align-center row-divided\"  id=\"row-2023760069\">\n\n\t<div id=\"col-1838877218\" class=\"col medium-4 small-12 large-4\"  >\n\t\t\t\t<div class=\"col-inner\"  >\n\t\t\t\n\t\t\t\n<div class=\"container section-title-container\" ><h3 class=\"section-title section-title-center\"><b aria-hidden=\"true\"><\/b><span class=\"section-title-main\" >Voimassaolevat s\u00e4\u00e4nn\u00f6t<\/span><b aria-hidden=\"true\"><\/b><\/h3><\/div>\n\t\t<\/div>\n\t\t\t\t\t<\/div>\n\n\t\n\n\t<div id=\"col-638581826\" class=\"col medium-6 small-10 large-6\"  >\n\t\t\t\t<div class=\"col-inner\"  >\n\t\t\t\n\t\t\t\n<ul>\n<li>Tuotteeseen tutustuessa, sen ominaisuuksista ja toimivuudesta varmistuessa pit\u00e4\u00e4 olla k\u00e4sitelty tuotteita juuri sill\u00e4 tavoin, kuten sit\u00e4 on sallittu tehd\u00e4 tavanomaisessa kaupassa.<\/li>\n<li>Tuotteiden arvon alentumisesta, joka on aiheutunut esimerkiksi tuotteiden k\u00e4ytt\u00e4misest\u00e4 tai k\u00e4sittelyst\u00e4 v\u00e4\u00e4rin, on vastuussa ostaja.<\/li>\n<li>Jos tuotteet ovat vahingoittuneet tai muulla tavoin rikottuja ja n\u00e4iden arvo on siten alentunut, meill\u00e4 on oikeus korvata tilaus ainoastaan osittain, tai tuotteen kunnosta johtuen olla korvaamatta tilaus.<\/li>\n<\/ul>\n\t\t<\/div>\n\t\t\t\t\t<\/div>\n\n\t\n<\/div>\n\t<div id=\"gap-112292689\" class=\"gap-element clearfix\" style=\"display:block; height:auto;\">\n\t\t\n<style>\n#gap-112292689 {\n  padding-top: 30px;\n}\n<\/style>\n\t<\/div>\n\t\n<div class=\"row row-collapse row-full-width align-center row-divided\"  id=\"row-1100830532\">\n\n\t<div id=\"col-1509974926\" class=\"col medium-4 small-12 large-4\"  >\n\t\t\t\t<div class=\"col-inner\"  >\n\t\t\t\n\t\t\t\n<div class=\"container section-title-container\" ><h3 class=\"section-title section-title-center\"><b aria-hidden=\"true\"><\/b><span class=\"section-title-main\" >Miten toimia?<\/span><b aria-hidden=\"true\"><\/b><\/h3><\/div>\n\t\t<\/div>\n\t\t\t\t\t<\/div>\n\n\t\n\n\t<div id=\"col-594683593\" class=\"col medium-6 small-10 large-6\"  >\n\t\t\t\t<div class=\"col-inner\"  >\n\t\t\t\n\t\t\t\n<ul>\n<li>Palauttaakseen tuotteita voit ottaa meihin yhteytt\u00e4 vapaamuotoisesti s\u00e4hk\u00f6postitse (info@helliston.eu) tai t\u00e4ytt\u00e4\u00e4 palautuslomakkeen, joka l\u00f6ytyy t\u00e4st\u00e4: <a href=\"https:\/\/helliston.eu\/fi\/palatuslomake\/\">https:\/\/helliston.eu\/fi\/palatuslomake\/ <\/a><\/li>\n<li>Osoita s\u00e4hk\u00f6postiviestiss\u00e4si my\u00f6s ostop\u00e4iv\u00e4m\u00e4\u00e4r\u00e4, laskun tai tilauksen numero, samoin tieto siit\u00e4, millaisia tuotteita haluat palauttaa.<\/li>\n<li>Sen j\u00e4lkeen voit l\u00e4hett\u00e4\u00e4 tuotteet meille takaisin valitsemallasi kuljetustavalla.<\/li>\n<\/ul>\n\t\t<\/div>\n\t\t\t\t\t<\/div>\n\n\t\n<\/div>\n\t<div id=\"gap-180069939\" class=\"gap-element clearfix\" style=\"display:block; height:auto;\">\n\t\t\n<style>\n#gap-180069939 {\n  padding-top: 30px;\n}\n<\/style>\n\t<\/div>\n\t\n<div class=\"row row-collapse row-full-width align-center row-divided\"  id=\"row-1079805039\">\n\n\t<div id=\"col-776386958\" class=\"col medium-4 small-12 large-4\"  >\n\t\t\t\t<div class=\"col-inner\"  >\n\t\t\t\n\t\t\t\n<div class=\"container section-title-container\" ><h3 class=\"section-title section-title-center\"><b aria-hidden=\"true\"><\/b><span class=\"section-title-main\" >L\u00e4hetyskustannukset<\/span><b aria-hidden=\"true\"><\/b><\/h3><\/div>\n\t\t<\/div>\n\t\t\t\t\t<\/div>\n\n\t\n\n\t<div id=\"col-251644297\" class=\"col medium-6 small-10 large-6\"  >\n\t\t\t\t<div class=\"col-inner\"  >\n\t\t\t\n\t\t\t\n<ul>\n<li>Jollei ole sovittu toisin, niin tuotteiden palautuskuluista vastaa ostaja.<\/li>\n<li>Seuraavissa tapauksissa vastaamme palautuskustannuksista, jos: 1) l\u00e4hetykseen sis\u00e4ltyy tuotteita, jotka eiv\u00e4t vastaa tilausta; 2) l\u00e4hetimme sinulle viallisia tuotteita; 3) tilaukseen ei sis\u00e4lly kaikkia tilattuja tuotteita; 4) olemme antaneet verkkokaupassamme tuotteista v\u00e4\u00e4r\u00e4\u00e4 tietoa.<\/li>\n<\/ul>\n\t\t<\/div>\n\t\t\t\t\t<\/div>\n\n\t\n<\/div>\n\t<div id=\"gap-1285693998\" class=\"gap-element clearfix\" style=\"display:block; height:auto;\">\n\t\t\n<style>\n#gap-1285693998 {\n  padding-top: 30px;\n}\n<\/style>\n\t<\/div>\n\t\n<div class=\"row row-collapse row-full-width align-center row-divided\"  id=\"row-1008343809\">\n\n\t<div id=\"col-406655957\" class=\"col medium-4 small-12 large-4\"  >\n\t\t\t\t<div class=\"col-inner\"  >\n\t\t\t\n\t\t\t\n<div class=\"container section-title-container\" ><h3 class=\"section-title section-title-center\"><b aria-hidden=\"true\"><\/b><span class=\"section-title-main\" >Rahan palauttaminen<\/span><b aria-hidden=\"true\"><\/b><\/h3><\/div>\n\t\t<\/div>\n\t\t\t\t\t<\/div>\n\n\t\n\n\t<div id=\"col-187539610\" class=\"col medium-6 small-10 large-6\"  >\n\t\t\t\t<div class=\"col-inner\"  >\n\t\t\t\n\t\t\t\n<ul>\n<li>Per\u00e4\u00e4ntymishakemuksen saatuamme maksamme ostosumman takaisin <strong>14 p\u00e4iv\u00e4ss\u00e4<\/strong> samalle pankkitilille, josta maksu suoritettiin.<\/li>\n<li>Rahan palauttaminen saattaa viipy\u00e4 siihen saakka, kunnes emme ole saaneet tuotteita takaisin tai vahvistusta siit\u00e4, ett\u00e4 tuote on meille l\u00e4hetetty.<\/li>\n<li>Jos tuotteen oston yhteydess\u00e4 maksettiin my\u00f6s kuljetuksesta, niin my\u00f6s se summa palautetaan.<\/li>\n<li>Kuriiripalvelusta maksettua summaa palauteta (esimerkiksi Itella Smart-kuriiri, DPD-kuriiri tai DHL Express)<\/li>\n<\/ul>\n\t\t<\/div>\n\t\t\t\t\t<\/div>\n\n\t\n<\/div>\n","protected":false},"excerpt":{"rendered":"","protected":false},"author":1,"featured_media":0,"parent":0,"menu_order":0,"comment_status":"closed","ping_status":"closed","template":"page-blank.php","meta":{"footnotes":""},"class_list":["post-2930","page","type-page","status-publish","hentry"],"jetpack_sharing_enabled":true,"_links":{"self":[{"href":"https:\/\/helliston.eu\/fi\/wp-json\/wp\/v2\/pages\/2930","targetHints":{"allow":["GET"]}}],"collection":[{"href":"https:\/\/helliston.eu\/fi\/wp-json\/wp\/v2\/pages"}],"about":[{"href":"https:\/\/helliston.eu\/fi\/wp-json\/wp\/v2\/types\/page"}],"author":[{"embeddable":true,"href":"https:\/\/helliston.eu\/fi\/wp-json\/wp\/v2\/users\/1"}],"replies":[{"embeddable":true,"href":"https:\/\/helliston.eu\/fi\/wp-json\/wp\/v2\/comments?post=2930"}],"version-history":[{"count":5,"href":"https:\/\/helliston.eu\/fi\/wp-json\/wp\/v2\/pages\/2930\/revisions"}],"predecessor-version":[{"id":7101,"href":"https:\/\/helliston.eu\/fi\/wp-json\/wp\/v2\/pages\/2930\/revisions\/7101"}],"wp:attachment":[{"href":"https:\/\/helliston.eu\/fi\/wp-json\/wp\/v2\/media?parent=2930"}],"curies":[{"name":"wp","href":"https:\/\/api.w.org\/{rel}","templated":true}]}}