{"id":2928,"date":"2019-03-03T18:21:31","date_gmt":"2019-03-03T18:21:31","guid":{"rendered":"https:\/\/helliston.eu\/payment-methods\/"},"modified":"2020-07-01T11:31:57","modified_gmt":"2020-07-01T11:31:57","slug":"maksutavat","status":"publish","type":"page","link":"https:\/\/helliston.eu\/fi\/maksutavat\/","title":{"rendered":"Maksutavat"},"content":{"rendered":"\n\t<section class=\"section\" id=\"section_615229772\">\n\t\t<div class=\"section-bg fill\" >\n\t\t\t\t\t\t\t\t\t\n\t\t\t\n\n\t\t<\/div>\n\n\t\t\n\n\t\t<div class=\"section-content relative\">\n\t\t\t\n<div class=\"row row-collapse align-center\"  id=\"row-1083192998\">\n\n\n\t<div id=\"col-1820072671\" class=\"col medium-7 small-12 large-7\"  >\n\t\t\t\t<div class=\"col-inner text-center\"  >\n\t\t\t\n\t\t\t\n\n<div class=\"ux-logo has-hover align-middle ux_logo inline-block\" style=\"max-width: 100%!important; width: 158.048780488px!important\"><div class=\"ux-logo-link block image-\" title=\"\" href=\"\" style=\"padding: 15px;\"><img decoding=\"async\" src=\"https:\/\/www.helliston.eu\/wp-content\/uploads\/2020\/01\/Sepa-Logo.jpg\" title=\"\" alt=\"\" class=\"ux-logo-image block\" style=\"height:35px;\" \/><\/div><\/div>\n\n<div class=\"ux-logo has-hover align-middle ux_logo inline-block\" style=\"max-width: 100%!important; width: 138.24742268px!important\"><div class=\"ux-logo-link block image-\" title=\"\" href=\"\" style=\"padding: 15px;\"><img decoding=\"async\" src=\"https:\/\/www.helliston.eu\/wp-content\/uploads\/2020\/01\/Visa-Logo.jpg\" title=\"\" alt=\"\" class=\"ux-logo-image block\" style=\"height:35px;\" \/><\/div><\/div>\n\n<div class=\"ux-logo has-hover align-middle ux_logo inline-block\" style=\"max-width: 100%!important; width: 94.1025641026px!important\"><div class=\"ux-logo-link block image-\" title=\"\" href=\"\" style=\"padding: 15px;\"><img decoding=\"async\" src=\"https:\/\/www.helliston.eu\/wp-content\/uploads\/2020\/01\/Mastercard-logo.jpg\" title=\"\" alt=\"\" class=\"ux-logo-image block\" style=\"height:50px;\" \/><\/div><\/div>\n\n\n\t\t<\/div>\n\t\t\t\t\t<\/div>\n\n\t\n\n<\/div>\n<div class=\"row row-collapse align-center\"  id=\"row-974699581\">\n\n\n\t<div id=\"col-1126141552\" class=\"col medium-7 small-12 large-7\"  >\n\t\t\t\t<div class=\"col-inner text-center\"  >\n\t\t\t\n\t\t\t\n\n<div class=\"ux-logo has-hover align-middle ux_logo inline-block\" style=\"max-width: 100%!important; width: 186.71641791px!important\"><div class=\"ux-logo-link block image-\" title=\"\" href=\"\" style=\"padding: 15px;\"><img decoding=\"async\" src=\"https:\/\/www.helliston.eu\/wp-content\/uploads\/2020\/01\/Klarna-Logo.jpg\" title=\"\" alt=\"\" class=\"ux-logo-image block\" style=\"height:35px;\" \/><\/div><\/div>\n\n<div class=\"ux-logo has-hover align-middle ux_logo inline-block\" style=\"max-width: 100%!important; width: 161.25px!important\"><div class=\"ux-logo-link block image-\" title=\"\" href=\"\" style=\"padding: 15px;\"><img decoding=\"async\" src=\"https:\/\/www.helliston.eu\/wp-content\/uploads\/2020\/01\/Paypal-logo.jpg\" title=\"\" alt=\"\" class=\"ux-logo-image block\" style=\"height:35px;\" \/><\/div><\/div>\n\n<div class=\"ux-logo has-hover align-middle ux_logo inline-block\" style=\"max-width: 100%!important; width: 196.666666667px!important\"><div class=\"ux-logo-link block image-\" title=\"\" href=\"\" style=\"padding: 15px;\"><img decoding=\"async\" src=\"https:\/\/www.helliston.eu\/wp-content\/uploads\/2020\/01\/Paysera-Logo.jpg\" title=\"\" alt=\"\" class=\"ux-logo-image block\" style=\"height:35px;\" \/><\/div><\/div>\n\n<div class=\"ux-logo has-hover align-middle ux_logo inline-block\" style=\"max-width: 100%!important; width: 140.526315789px!important\"><div class=\"ux-logo-link block image-\" title=\"\" href=\"\" style=\"padding: 15px;\"><img decoding=\"async\" src=\"https:\/\/www.helliston.eu\/wp-content\/uploads\/2020\/02\/SofortUeberweisung.jpg\" title=\"\" alt=\"\" class=\"ux-logo-image block\" style=\"height:35px;\" \/><\/div><\/div>\n\n<div class=\"ux-logo has-hover align-middle ux_logo inline-block\" style=\"max-width: 100%!important; width: 127.122302158px!important\"><div class=\"ux-logo-link block image-\" title=\"\" href=\"\" style=\"padding: 15px;\"><img decoding=\"async\" src=\"https:\/\/www.helliston.eu\/wp-content\/uploads\/2020\/02\/Giropay.jpg\" title=\"\" alt=\"\" class=\"ux-logo-image block\" style=\"height:45px;\" \/><\/div><\/div>\n\n<div class=\"ux-logo has-hover align-middle ux_logo inline-block\" style=\"max-width: 100%!important; width: 99.2307692308px!important\"><div class=\"ux-logo-link block image-\" title=\"\" href=\"\" style=\"padding: 15px;\"><img decoding=\"async\" src=\"https:\/\/www.helliston.eu\/wp-content\/uploads\/2020\/02\/EPS-Logo.jpg\" title=\"\" alt=\"\" class=\"ux-logo-image block\" style=\"height:45px;\" \/><\/div><\/div>\n\n<div class=\"ux-logo has-hover align-middle ux_logo inline-block\" style=\"max-width: 100%!important; width: 113.333333333px!important\"><div class=\"ux-logo-link block image-\" title=\"\" href=\"\" style=\"padding: 15px;\"><img decoding=\"async\" src=\"https:\/\/www.helliston.eu\/wp-content\/uploads\/2020\/02\/Stripe-Logo.jpg\" title=\"\" alt=\"\" class=\"ux-logo-image block\" style=\"height:35px;\" \/><\/div><\/div>\n\n\n\t\t<\/div>\n\t\t\t\t\t<\/div>\n\n\t\n\n<\/div>\n\t\t<\/div>\n\n\t\t\n<style>\n#section_615229772 {\n  padding-top: 30px;\n  padding-bottom: 30px;\n}\n<\/style>\n\t<\/section>\n\t\n\n\t<section class=\"section\" id=\"section_378211273\">\n\t\t<div class=\"section-bg fill\" >\n\t\t\t\t\t\t\t\t\t\n\t\t\t\n\n\t\t<\/div>\n\n\t\t\n\n\t\t<div class=\"section-content relative\">\n\t\t\t\n<div class=\"row row-collapse row-full-width align-equal align-center row-divided\"  id=\"row-1965959468\">\n\n\t<div id=\"col-2050165214\" class=\"col medium-2 small-12 large-2\"  >\n\t\t\t\t<div class=\"col-inner\"  >\n\t\t\t\n\t\t\t\n<div class=\"container section-title-container\" ><h3 class=\"section-title section-title-center\"><b aria-hidden=\"true\"><\/b><span class=\"section-title-main\" >Yleisehdot<\/span><b aria-hidden=\"true\"><\/b><\/h3><\/div>\n\t\t<\/div>\n\t\t\t\t\t<\/div>\n\n\t\n\n\t<div id=\"col-727213940\" class=\"col medium-8 small-10 large-8\"  >\n\t\t\t\t<div class=\"col-inner\"  >\n\t\t\t\n\t\t\t\n<ul>\n<li>P\u00e4\u00e4s\u00e4\u00e4nt\u00f6isesti laskun maksun perusteena on pankkitilillemme suoritettu ennakkomaksu<\/li>\n<li>T\u00e4yt\u00e4mme tilauksen 24 tunnin kuluessa maanantaista perjantaihin maksun saavuttua pankkitilillemme<\/li>\n<\/ul>\n\t\t<\/div>\n\t\t\t\t\t<\/div>\n\n\t\n<\/div>\n\t\t<\/div>\n\n\t\t\n<style>\n#section_378211273 {\n  padding-top: 30px;\n  padding-bottom: 30px;\n}\n<\/style>\n\t<\/section>\n\t\n\n\t<section class=\"section\" id=\"section_1259293379\">\n\t\t<div class=\"section-bg fill\" >\n\t\t\t\t\t\t\t\t\t\n\t\t\t\n\n\t\t<\/div>\n\n\t\t\n\n\t\t<div class=\"section-content relative\">\n\t\t\t\n<div class=\"row row-collapse row-full-width align-equal align-center row-divided\"  id=\"row-631449339\">\n\n\t<div id=\"col-1575923885\" class=\"col medium-2 small-12 large-2\"  >\n\t\t\t\t<div class=\"col-inner\"  >\n\t\t\t\n\t\t\t\n<div class=\"container section-title-container\" ><h3 class=\"section-title section-title-center\"><b aria-hidden=\"true\"><\/b><span class=\"section-title-main\" >MAKSUTAVAT<\/span><b aria-hidden=\"true\"><\/b><\/h3><\/div>\n\t\t<\/div>\n\t\t\t\t\t<\/div>\n\n\t\n\n\t<div id=\"col-1023210117\" class=\"col medium-8 small-10 large-8\"  >\n\t\t\t\t<div class=\"col-inner\"  >\n\t\t\t\n\t\t\t\n<ul>\n<li>Ennakkomaksu pankkisiirrolla (SEPA)<\/li>\n<li>Ennakkomaksu Payseralla<\/li>\n<li>Ennakkomaksu Paypalilla<\/li>\n<li>Ennakkomaksu luottokortilla (Payseran tai Paypalin kautta)<\/li>\n<li>Laskun perusteella vakioasiakkaille<\/li>\n<\/ul>\n\t\t<\/div>\n\t\t\t\t\t<\/div>\n\n\t\n<\/div>\n\t<div id=\"gap-1319676772\" class=\"gap-element clearfix\" style=\"display:block; height:auto;\">\n\t\t\n<style>\n#gap-1319676772 {\n  padding-top: 30px;\n}\n<\/style>\n\t<\/div>\n\t\n<div class=\"row row-collapse row-full-width align-equal align-center row-divided\"  id=\"row-1799430538\">\n\n\t<div id=\"col-1697771280\" class=\"col medium-2 small-12 large-2\"  >\n\t\t\t\t<div class=\"col-inner text-center\"  >\n\t\t\t\n\t\t\t\n<div class=\"container section-title-container\" ><h3 class=\"section-title section-title-center\"><b aria-hidden=\"true\"><\/b><span class=\"section-title-main\" >SEPA<\/span><b aria-hidden=\"true\"><\/b><\/h3><\/div>\n<div class=\"ux-logo has-hover align-middle ux_logo inline-block\" style=\"max-width: 100%!important; width: 121.391941392px!important\"><div class=\"ux-logo-link block image-\" title=\"\" href=\"\" style=\"padding: 15px;\"><img decoding=\"async\" src=\"https:\/\/www.helliston.eu\/wp-content\/uploads\/2019\/03\/SepaLogo2-1.png\" title=\"\" alt=\"\" class=\"ux-logo-image block\" style=\"height:25px;\" \/><\/div><\/div>\n\t\t<\/div>\n\t\t\t\t\t<\/div>\n\n\t\n\n\t<div id=\"col-561842757\" class=\"col medium-8 small-10 large-8\"  >\n\t\t\t\t<div class=\"col-inner\"  >\n\t\t\t\n\t\t\t\n<ul>\n<li>Jos haluat maksaa pankkisiirrolla (SEPA), niin klikkaa ruutua \u201cL\u00e4het\u00e4 tilaus\u201d<\/li>\n<li>Tilauksen esitt\u00e4misen j\u00e4lkeen ostajalle l\u00e4hetet\u00e4\u00e4n automaattisesti s\u00e4hk\u00f6postitse kuitti oston suorittamisesta yhdess\u00e4 pankkitilin numeron kanssa, jolle pyyd\u00e4mme suorittamaan pankkisiirron seuraavien 7 p\u00e4iv\u00e4n aikana.<\/li>\n<li>Maksuselitykseen pyyd\u00e4mme merkitsem\u00e4\u00e4n oman nimesi ja tilausnumeron, jollainen l\u00f6ytyy l\u00e4hetetyst\u00e4 s\u00e4hk\u00f6postiviestist\u00e4 ja ennakkolaskusta<\/li>\n<\/ul>\n\t\t<\/div>\n\t\t\t\t\t<\/div>\n\n\t\n<\/div>\n\t<div id=\"gap-1368159557\" class=\"gap-element clearfix\" style=\"display:block; height:auto;\">\n\t\t\n<style>\n#gap-1368159557 {\n  padding-top: 30px;\n}\n<\/style>\n\t<\/div>\n\t\n<div class=\"row row-collapse row-full-width align-equal align-center row-divided\"  id=\"row-1181058941\">\n\n\t<div id=\"col-844579564\" class=\"col medium-2 small-12 large-2\"  >\n\t\t\t\t<div class=\"col-inner text-center\"  >\n\t\t\t\n\t\t\t\n<div class=\"container section-title-container\" ><h3 class=\"section-title section-title-center\"><b aria-hidden=\"true\"><\/b><span class=\"section-title-main\" >Paysera<\/span><b aria-hidden=\"true\"><\/b><\/h3><\/div>\n<div class=\"ux-logo has-hover align-middle ux_logo inline-block\" style=\"max-width: 100%!important; width: 195.616776316px!important\"><div class=\"ux-logo-link block image-\" title=\"\" href=\"\" style=\"padding: 15px;\"><img decoding=\"async\" src=\"https:\/\/www.helliston.eu\/wp-content\/uploads\/2019\/03\/Paysera_logotype_internet.png\" title=\"\" alt=\"\" class=\"ux-logo-image block\" style=\"height:35px;\" \/><\/div><\/div>\n\t\t<\/div>\n\t\t\t\t\t<\/div>\n\n\t\n\n\t<div id=\"col-1047907870\" class=\"col medium-8 small-10 large-8\"  >\n\t\t\t\t<div class=\"col-inner\"  >\n\t\t\t\n\t\t\t\n<ul>\n<li>Jos haluat maksaa Payseralla, niin klikkaa ruutua \u201cL\u00e4het\u00e4 tilaus\u201d<\/li>\n<li>Sen j\u00e4lkeen verkkokauppamme ohjaa maksun suorittamiseksi suoraan valitsemasi Paysera verkkosivulle.<\/li>\n<li>Maksun suorittamiseksi noudata Payseran antamia ohjeita.<\/li>\n<li>Maksun suorittamisen j\u00e4lkeen sinut ohjataan automaattisesti takaisin verkkosivullemm.<\/li>\n<li>Maksun suorittamisesta l\u00e4hetet\u00e4\u00e4n sinulle automaattisesti s\u00e4hk\u00f6postiviesti.<\/li>\n<\/ul>\n\t\t<\/div>\n\t\t\t\t\t<\/div>\n\n\t\n<\/div>\n\t<div id=\"gap-800698428\" class=\"gap-element clearfix\" style=\"display:block; height:auto;\">\n\t\t\n<style>\n#gap-800698428 {\n  padding-top: 30px;\n}\n<\/style>\n\t<\/div>\n\t\n<div class=\"row row-collapse row-full-width align-equal align-center row-divided\"  id=\"row-759994617\">\n\n\t<div id=\"col-1204130488\" class=\"col medium-2 small-12 large-2\"  >\n\t\t\t\t<div class=\"col-inner text-center\"  >\n\t\t\t\n\t\t\t\n<div class=\"container section-title-container\" ><h3 class=\"section-title section-title-center\"><b aria-hidden=\"true\"><\/b><span class=\"section-title-main\" >paypal<\/span><b aria-hidden=\"true\"><\/b><\/h3><\/div>\n<div class=\"ux-logo has-hover align-middle ux_logo inline-block\" style=\"max-width: 100%!important; width: 130px!important\"><div class=\"ux-logo-link block image-\" title=\"\" href=\"\" style=\"padding: 15px;\"><img decoding=\"async\" src=\"https:\/\/www.helliston.eu\/wp-content\/uploads\/2019\/03\/Paypal-logo-1.png\" title=\"\" alt=\"\" class=\"ux-logo-image block\" style=\"height:50px;\" \/><\/div><\/div>\n\t\t<\/div>\n\t\t\t\t\t<\/div>\n\n\t\n\n\t<div id=\"col-1445189439\" class=\"col medium-8 small-10 large-8\"  >\n\t\t\t\t<div class=\"col-inner\"  >\n\t\t\t\n\t\t\t\n<ul>\n<li>Jos haluat maksaa Paypalilla, niin klikkaa ruutua \u201cSiirry Paypal-maksuun\u201d<\/li>\n<li>Sen j\u00e4lkeen verkkokauppamme ohjaa maksun suorittamiseksi suoraan valitsemasi Paypalin verkkosivulle.<\/li>\n<li>Maksun suorittamiseksi noudata Paypalin antamia ohjeita.<\/li>\n<li>Maksun suorittamisen j\u00e4lkeen sinut ohjataan automaattisesti takaisin verkkosivullemm.<\/li>\n<li>Maksun suorittamisesta l\u00e4hetet\u00e4\u00e4n sinulle automaattisesti s\u00e4hk\u00f6postiviesti.<\/li>\n<\/ul>\n\t\t<\/div>\n\t\t\t\t\t<\/div>\n\n\t\n<\/div>\n\t<div id=\"gap-1508396316\" class=\"gap-element clearfix\" style=\"display:block; height:auto;\">\n\t\t\n<style>\n#gap-1508396316 {\n  padding-top: 30px;\n}\n<\/style>\n\t<\/div>\n\t\n<div class=\"row row-collapse row-full-width align-equal align-center row-divided\"  id=\"row-950118470\">\n\n\t<div id=\"col-162148153\" class=\"col medium-2 small-12 large-2\"  >\n\t\t\t\t<div class=\"col-inner text-center\"  >\n\t\t\t\n\t\t\t\n<div class=\"container section-title-container\" ><h3 class=\"section-title section-title-center\"><b aria-hidden=\"true\"><\/b><span class=\"section-title-main\" >VISA MASTER<\/span><b aria-hidden=\"true\"><\/b><\/h3><\/div>\n<div class=\"ux-logo has-hover align-middle ux_logo inline-block\" style=\"max-width: 100%!important; width: 149.830985915px!important\"><div class=\"ux-logo-link block image-\" title=\"\" href=\"\" style=\"padding: 15px;\"><img decoding=\"async\" src=\"https:\/\/www.helliston.eu\/wp-content\/uploads\/2019\/03\/visa-master-logo-png-.png\" title=\"\" alt=\"\" class=\"ux-logo-image block\" style=\"height:30px;\" \/><\/div><\/div>\n\t\t<\/div>\n\t\t\t\t\t<\/div>\n\n\t\n\n\t<div id=\"col-1502828896\" class=\"col medium-8 small-10 large-8\"  >\n\t\t\t\t<div class=\"col-inner\"  >\n\t\t\t\n\t\t\t\n<ul>\n<li>\n<p>VISA\/MASTER -luotto- tai debit-kortilla maksaessa valitse haluatko maksaa Payseran tai Paypalin kautta.<\/p>\n<\/li>\n<li>\n<p>Jos haluat maksaa Payseralla\/ Paypalilla, niin klikkaa ruutua \u201cL\u00e4het\u00e4 tilaus\u201d<\/p>\n<\/li>\n<li>\n<p>Sen j\u00e4lkeen verkkokauppamme ohjaa maksun suorittamiseksi suoraan valitsemasi Payseran\/ Paypalin verkkosivulle.<\/p>\n<\/li>\n<li>\n<p>Maksun suorittamiseksi noudata Payseran\/ Paypalin antamia ohjeita.<\/p>\n<\/li>\n<\/ul>\n<ul>\n<li>Maksun suorittamisen j\u00e4lkeen sinut ohjataan automaattisesti takaisin verkkosivullemm.<\/li>\n<li>Maksun suorittamisesta l\u00e4hetet\u00e4\u00e4n sinulle automaattisesti s\u00e4hk\u00f6postiviesti.<\/li>\n<\/ul>\n\t\t<\/div>\n\t\t\t\t\t<\/div>\n\n\t\n<\/div>\n\t<div id=\"gap-685257207\" class=\"gap-element clearfix\" style=\"display:block; height:auto;\">\n\t\t\n<style>\n#gap-685257207 {\n  padding-top: 30px;\n}\n<\/style>\n\t<\/div>\n\t\n\t\t<\/div>\n\n\t\t\n<style>\n#section_1259293379 {\n  padding-top: 30px;\n  padding-bottom: 30px;\n}\n<\/style>\n\t<\/section>\n\t\n","protected":false},"excerpt":{"rendered":"","protected":false},"author":1,"featured_media":0,"parent":0,"menu_order":0,"comment_status":"closed","ping_status":"closed","template":"page-blank.php","meta":{"footnotes":""},"class_list":["post-2928","page","type-page","status-publish","hentry"],"jetpack_sharing_enabled":true,"_links":{"self":[{"href":"https:\/\/helliston.eu\/fi\/wp-json\/wp\/v2\/pages\/2928","targetHints":{"allow":["GET"]}}],"collection":[{"href":"https:\/\/helliston.eu\/fi\/wp-json\/wp\/v2\/pages"}],"about":[{"href":"https:\/\/helliston.eu\/fi\/wp-json\/wp\/v2\/types\/page"}],"author":[{"embeddable":true,"href":"https:\/\/helliston.eu\/fi\/wp-json\/wp\/v2\/users\/1"}],"replies":[{"embeddable":true,"href":"https:\/\/helliston.eu\/fi\/wp-json\/wp\/v2\/comments?post=2928"}],"version-history":[{"count":5,"href":"https:\/\/helliston.eu\/fi\/wp-json\/wp\/v2\/pages\/2928\/revisions"}],"predecessor-version":[{"id":7103,"href":"https:\/\/helliston.eu\/fi\/wp-json\/wp\/v2\/pages\/2928\/revisions\/7103"}],"wp:attachment":[{"href":"https:\/\/helliston.eu\/fi\/wp-json\/wp\/v2\/media?parent=2928"}],"curies":[{"name":"wp","href":"https:\/\/api.w.org\/{rel}","templated":true}]}}