{"id":2927,"date":"2019-03-03T18:23:20","date_gmt":"2019-03-03T18:23:20","guid":{"rendered":"https:\/\/helliston.eu\/legal-information\/"},"modified":"2020-07-01T11:25:28","modified_gmt":"2020-07-01T11:25:28","slug":"yrityksista","status":"publish","type":"page","link":"https:\/\/helliston.eu\/fi\/yrityksista\/","title":{"rendered":"Yrityksist\u00e4"},"content":{"rendered":"\n\t<section class=\"section\" id=\"section_1760353709\">\n\t\t<div class=\"section-bg fill\" >\n\t\t\t\t\t\t\t\t\t\n\t\t\t\n\n\t\t<\/div>\n\n\t\t\n\n\t\t<div class=\"section-content relative\">\n\t\t\t\r\n\r\n<div class=\"row align-center\"  id=\"row-1700919193\">\r\n\r\n\n\t<div id=\"col-2128541333\" class=\"col medium-12 small-12 large-10\"  >\n\t\t\t\t<div class=\"col-inner text-left\"  >\n\t\t\t\n\t\t\t\r\n\r\n<div class=\"is-divider divider clearfix\" style=\"margin-top:3em;margin-bottom:3em;max-width:100%;background-color:rgb(9, 14, 29);\"><\/div>\r\n\r\n<div class=\"row row-collapse\"  id=\"row-2128625700\">\r\n\r\n\n\t<div id=\"col-2051514998\" class=\"col medium-12 small-12 large-4\"  >\n\t\t\t\t<div class=\"col-inner\"  >\n\t\t\t\n\t\t\t\r\n\r\n\n\t\t<div class=\"icon-box featured-box icon-box-left text-left\"  style=\"margin:0px 0px 30px 0px;\">\n\t\t\t\t<div class=\"icon-box-text last-reset\">\n\t\t\t\t\t\t\t\t\t\r\n<h3>Tiedot<\/h3>\r\n\t\t<\/div>\n\t<\/div>\n\t\n\t\r\n\r\n\t\t<\/div>\n\t\t\t\t\t<\/div>\n\n\t\r\n\n\t<div id=\"col-1065471214\" class=\"col medium-12 small-12 large-8\"  >\n\t\t\t\t<div class=\"col-inner text-left\"  >\n\t\t\t\n\t\t\t\r\n\r\n<div class=\"accordion\">\r\n\r\n\t<div id=\"accordion-2138714631\" class=\"accordion-item\">\n\t\t<a id=\"accordion-2138714631-label\" class=\"accordion-title plain\" href=\"#accordion-item-yhteys\" aria-expanded=\"false\" aria-controls=\"accordion-2138714631-content\">\n\t\t\t<button class=\"toggle\" aria-label=\"Toggle\"><i class=\"icon-angle-down\" aria-hidden=\"true\"><\/i><\/button>\n\t\t\t<span>Yhteys<\/span>\n\t\t<\/a>\n\t\t<div id=\"accordion-2138714631-content\" class=\"accordion-inner\" aria-labelledby=\"accordion-2138714631-label\">\n\t\t\t\r\n\r\n<strong>Asimies: <\/strong>S.Haltsonen<strong>\r\nPuhelin::<\/strong> +372 53457161<strong>\r\nS\u00e4hk\u00f6posti: <\/strong>info@helliston.eu<strong>\r\n<\/strong>\r\n\r\n\t\t<\/div>\n\t<\/div>\n\t\r\n\t<div id=\"accordion-2352253613\" class=\"accordion-item\">\n\t\t<a id=\"accordion-2352253613-label\" class=\"accordion-title plain\" href=\"#accordion-item-juridinen-ja-postiosoite\" aria-expanded=\"false\" aria-controls=\"accordion-2352253613-content\">\n\t\t\t<button class=\"toggle\" aria-label=\"Toggle\"><i class=\"icon-angle-down\" aria-hidden=\"true\"><\/i><\/button>\n\t\t\t<span>Juridinen ja postiosoite<\/span>\n\t\t<\/a>\n\t\t<div id=\"accordion-2352253613-content\" class=\"accordion-inner\" aria-labelledby=\"accordion-2352253613-label\">\n\t\t\t\r\n\r\nHelliston Nord O\u00fc\r\nPeetri 1B\r\n80029 P\u00e4rnu\r\nEesti\r\n\r\n\t\t<\/div>\n\t<\/div>\n\t\r\n\t<div id=\"accordion-2925085418\" class=\"accordion-item\">\n\t\t<a id=\"accordion-2925085418-label\" class=\"accordion-title plain\" href=\"#accordion-item-k\u00e4yntiosoite-ja-varasto\" aria-expanded=\"false\" aria-controls=\"accordion-2925085418-content\">\n\t\t\t<button class=\"toggle\" aria-label=\"Toggle\"><i class=\"icon-angle-down\" aria-hidden=\"true\"><\/i><\/button>\n\t\t\t<span>K\u00e4yntiosoite ja varasto<\/span>\n\t\t<\/a>\n\t\t<div id=\"accordion-2925085418-content\" class=\"accordion-inner\" aria-labelledby=\"accordion-2925085418-label\">\n\t\t\t\r\n<p style=\"text-align: left;\">Helliston Nord O\u00fc\r\nKakuami 6\r\n80031 P\u00e4rnu\r\nEesti<\/p>\r\n\t\t<\/div>\n\t<\/div>\n\t\r\n\t<div id=\"accordion-4044773077\" class=\"accordion-item\">\n\t\t<a id=\"accordion-4044773077-label\" class=\"accordion-title plain\" href=\"#accordion-item-alv--ja-y-tunnus\" aria-expanded=\"false\" aria-controls=\"accordion-4044773077-content\">\n\t\t\t<button class=\"toggle\" aria-label=\"Toggle\"><i class=\"icon-angle-down\" aria-hidden=\"true\"><\/i><\/button>\n\t\t\t<span>ALV- ja Y-tunnus<\/span>\n\t\t<\/a>\n\t\t<div id=\"accordion-4044773077-content\" class=\"accordion-inner\" aria-labelledby=\"accordion-4044773077-label\">\n\t\t\t\r\n\r\n<strong>ALV-tunnus: <\/strong>EE102262937<strong>\r\nY-tunnus:\u00a0<\/strong>14984655\r\n\r\n\t\t<\/div>\n\t<\/div>\n\t\r\n\t<div id=\"accordion-1620870610\" class=\"accordion-item\">\n\t\t<a id=\"accordion-1620870610-label\" class=\"accordion-title plain\" href=\"#accordion-item-pankkiteidot\" aria-expanded=\"false\" aria-controls=\"accordion-1620870610-content\">\n\t\t\t<button class=\"toggle\" aria-label=\"Toggle\"><i class=\"icon-angle-down\" aria-hidden=\"true\"><\/i><\/button>\n\t\t\t<span>Pankkiteidot<\/span>\n\t\t<\/a>\n\t\t<div id=\"accordion-1620870610-content\" class=\"accordion-inner\" aria-labelledby=\"accordion-1620870610-label\">\n\t\t\t\r\n\r\n<strong>LHV PANK\r\nIBAN: <\/strong>EE4877 0077 1005 0515 45<strong>\r\n<\/strong><strong>SWIFT\/BIC: <\/strong>LHVBEE22\r\n\r\n\t\t<\/div>\n\t<\/div>\n\t\r\n\r\n<\/div>\r\n\r\n\t\t<\/div>\n\t\t\t\t\t<\/div>\n\n\t\r\n\r\n<\/div>\r\n<div class=\"is-divider divider clearfix\" style=\"margin-top:3em;margin-bottom:3em;max-width:100%;background-color:rgb(9, 14, 29);\"><\/div>\r\n\r\n<div class=\"row row-collapse\"  id=\"row-1271145097\">\r\n\r\n\n\t<div id=\"col-1498290639\" class=\"col medium-12 small-12 large-4\"  >\n\t\t\t\t<div class=\"col-inner\"  >\n\t\t\t\n\t\t\t\r\n\r\n\n\t\t<div class=\"icon-box featured-box icon-box-left text-left\"  style=\"margin:0px 0px 30px 0px;\">\n\t\t\t\t<div class=\"icon-box-text last-reset\">\n\t\t\t\t\t\t\t\t\t\r\n<h3>Tekij\u00e4noikeudet ja viittaukset<\/h3>\r\n\t\t<\/div>\n\t<\/div>\n\t\n\t\r\n\r\n\t\t<\/div>\n\t\t\t\t\t<\/div>\n\n\t\r\n\n\t<div id=\"col-1983894545\" class=\"col medium-12 small-12 large-8\"  >\n\t\t\t\t<div class=\"col-inner text-left\"  >\n\t\t\t\n\t\t\t\r\n\r\n<div class=\"accordion\">\r\n\r\n\t<div id=\"accordion-3788414794\" class=\"accordion-item\">\n\t\t<a id=\"accordion-3788414794-label\" class=\"accordion-title plain\" href=\"#accordion-item-tekij\u00e4noikeudet\" aria-expanded=\"false\" aria-controls=\"accordion-3788414794-content\">\n\t\t\t<button class=\"toggle\" aria-label=\"Toggle\"><i class=\"icon-angle-down\" aria-hidden=\"true\"><\/i><\/button>\n\t\t\t<span>Tekij\u00e4noikeudet<\/span>\n\t\t<\/a>\n\t\t<div id=\"accordion-3788414794-content\" class=\"accordion-inner\" aria-labelledby=\"accordion-3788414794-label\">\n\t\t\t\r\n\r\nT\u00e4m\u00e4n verkkosivuston sis\u00e4ll\u00f6n ja logon, tuotevalokuvien ja \u2013 piirustusten oikeudet kuuluvat yhti\u00f6lle Helliston O\u00dc &amp; Helliston Nord O\u00dc. N\u00e4iden luvaton kopiointi, k\u00e4sittely ja k\u00e4ytt\u00f6 eiv\u00e4t ole sallittua.\r\n\r\n\t\t<\/div>\n\t<\/div>\n\t\r\n\t<div id=\"accordion-151433554\" class=\"accordion-item\">\n\t\t<a id=\"accordion-151433554-label\" class=\"accordion-title plain\" href=\"#accordion-item-viittaukset\" aria-expanded=\"false\" aria-controls=\"accordion-151433554-content\">\n\t\t\t<button class=\"toggle\" aria-label=\"Toggle\"><i class=\"icon-angle-down\" aria-hidden=\"true\"><\/i><\/button>\n\t\t\t<span>Viittaukset<\/span>\n\t\t<\/a>\n\t\t<div id=\"accordion-151433554-content\" class=\"accordion-inner\" aria-labelledby=\"accordion-151433554-label\">\n\t\t\t\r\n\r\nT\u00e4ll\u00e4 verkkosivulla k\u00e4ytetyt kuvakkeet ovat tehneet <a href=\"https:\/\/www.flaticon.com\/authors\/srip\" target=\"_blank\" rel=\"noopener noreferrer\">Srip<\/a> ja <a href=\"https:\/\/www.flaticon.com\/authors\/vectors-market\" target=\"_blank\" rel=\"noopener noreferrer\">Vectors Market<\/a><a href=\"https:\/\/www.flaticon.com\" target=\"_blank\" rel=\"noopener noreferrer\"> Flaticonist.<\/a>\r\n\r\n\t\t<\/div>\n\t<\/div>\n\t\r\n\r\n<\/div>\r\n\r\n\t\t<\/div>\n\t\t\t\t\t<\/div>\n\n\t\r\n\r\n<\/div>\r\n\t<div id=\"gap-814896265\" class=\"gap-element clearfix\" style=\"display:block; height:auto;\">\n\t\t\n<style>\n#gap-814896265 {\n  padding-top: 60px;\n}\n<\/style>\n\t<\/div>\n\t\r\n\r\n\t\t<\/div>\n\t\t\t\t\t<\/div>\n\n\t\r\n\r\n<\/div>\r\n\r\n\t\t<\/div>\n\n\t\t\n<style>\n#section_1760353709 {\n  padding-top: 60px;\n  padding-bottom: 60px;\n}\n<\/style>\n\t<\/section>\n\t\n","protected":false},"excerpt":{"rendered":"","protected":false},"author":1,"featured_media":0,"parent":0,"menu_order":0,"comment_status":"closed","ping_status":"closed","template":"page-blank.php","meta":{"footnotes":""},"class_list":["post-2927","page","type-page","status-publish","hentry"],"jetpack_sharing_enabled":true,"_links":{"self":[{"href":"https:\/\/helliston.eu\/fi\/wp-json\/wp\/v2\/pages\/2927","targetHints":{"allow":["GET"]}}],"collection":[{"href":"https:\/\/helliston.eu\/fi\/wp-json\/wp\/v2\/pages"}],"about":[{"href":"https:\/\/helliston.eu\/fi\/wp-json\/wp\/v2\/types\/page"}],"author":[{"embeddable":true,"href":"https:\/\/helliston.eu\/fi\/wp-json\/wp\/v2\/users\/1"}],"replies":[{"embeddable":true,"href":"https:\/\/helliston.eu\/fi\/wp-json\/wp\/v2\/comments?post=2927"}],"version-history":[{"count":5,"href":"https:\/\/helliston.eu\/fi\/wp-json\/wp\/v2\/pages\/2927\/revisions"}],"predecessor-version":[{"id":7096,"href":"https:\/\/helliston.eu\/fi\/wp-json\/wp\/v2\/pages\/2927\/revisions\/7096"}],"wp:attachment":[{"href":"https:\/\/helliston.eu\/fi\/wp-json\/wp\/v2\/media?parent=2927"}],"curies":[{"name":"wp","href":"https:\/\/api.w.org\/{rel}","templated":true}]}}