{"id":2915,"date":"2019-02-27T15:49:04","date_gmt":"2019-02-27T15:49:04","guid":{"rendered":"https:\/\/helliston.eu\/aboutus\/"},"modified":"2020-07-01T11:25:48","modified_gmt":"2020-07-01T11:25:48","slug":"meista","status":"publish","type":"page","link":"https:\/\/helliston.eu\/fi\/meista\/","title":{"rendered":"Meist\u00e4"},"content":{"rendered":"\n\t<section class=\"section\" id=\"section_484637288\">\n\t\t<div class=\"section-bg fill\" >\n\t\t\t\t\t\t\t\t\t\n\t\t\t\n\n\t\t<\/div>\n\n\t\t\n\n\t\t<div class=\"section-content relative\">\n\t\t\t\n<div class=\"row align-center\"  id=\"row-1551450340\">\n\n\t<div id=\"col-1235575439\" class=\"col medium-9 small-10 large-9\"  >\n\t\t\t\t<div class=\"col-inner text-center\"  >\n\t\t\t\n\t\t\t\n<h1 class=\"uppercase\"><strong>MEIDEN PERHEYRITYS<br \/><\/strong><\/h1>\n<p>toimii vuodesta 2002. Meid\u00e4n p\u00e4\u00e4toimialamme on vanhojen ikkunoiden kunnostus, saneeraus ja entis\u00f6inti (<a href=\"http:\/\/www.helliston.ee\/fi\/\">katso t\u00e4nne<\/a>). T\u00e4m\u00e4n verkkokauppa on l\u00e4htenyt siit\u00e4, ett\u00e4 tarvitsimme tuotteita, joita k\u00e4yt\u00e4mme itse p\u00e4ivitt\u00e4in restaurointiverstaallamme.<\/p>\n\t\t<\/div>\n\t\t\t\t\t<\/div>\n\n\t\n<\/div>\n\t\t<\/div>\n\n\t\t\n<style>\n#section_484637288 {\n  padding-top: 30px;\n  padding-bottom: 30px;\n}\n<\/style>\n\t<\/section>\n\t\n\n\t<section class=\"section\" id=\"section_401683157\">\n\t\t<div class=\"section-bg fill\" >\n\t\t\t\t\t\t\t\t\t\n\t\t\t\n\n\t\t<\/div>\n\n\t\t\n\n\t\t<div class=\"section-content relative\">\n\t\t\t\n<div class=\"row align-center\"  id=\"row-1865434042\">\n\n\t<div id=\"col-1223775517\" class=\"col medium-10 small-12 large-10\"  >\n\t\t\t\t<div class=\"col-inner\"  >\n\t\t\t\n\t\t\t\n<h1 style=\"text-align: center;\"><span style=\"font-size: 130%;\">MIT\u00c4 TEEMME?<br \/><\/span><\/h1>\n<p style=\"text-align: center;\"><span style=\"font-size: 95%;\">Valmistutamme monenlaisia puunk\u00e4sittelyteri\u00e4 ja muita ty\u00f6v\u00e4lineit\u00e4, jotka ovat tarpeellisia p\u00e4ivitt\u00e4iseen ty\u00f6h\u00f6n joko meille tai kumppaneillemme. Verkkokaupastamme l\u00f6yd\u00e4t esimerkiksi seuraavat tuotteet: <strong>maalikaapmen kovametalliter\u00e4t\u00a0<\/strong> (Bahcon, Sandvikin, Stochin, Technon, Allwayn jne maalikaapimiin), <strong>h\u00f6yl\u00e4nter\u00e4t <\/strong>(Makitan, Boschin, Skilin, Ryobin, Holz-Herin ja moniin muihiin h\u00f6yliin), <strong>ter\u00e4t tasoh\u00f6yliin<\/strong> (Makitan, Metabon, Scheppachin, Zipperin, Woodstarin ja moniin muihiin h\u00f6yliin), <strong>k\u00e4\u00e4nt\u00f6ter\u00e4t<\/strong>, <strong>hiomanauhat<\/strong> Makita 9031, Metabo RBE 9-60, Fein RS 10-70E hiomanauhakoneisiin tai 80mm <strong>varater\u00e4t Handyn maalikaapimeen<\/strong>.<br \/><\/span><\/p>\n\t\t<\/div>\n\t\t\t\t\t<\/div>\n\n\t\n<\/div>\n\t\t<\/div>\n\n\t\t\n<style>\n#section_401683157 {\n  padding-top: 30px;\n  padding-bottom: 30px;\n  background-color: rgba(167, 169, 171, 0.16);\n}\n<\/style>\n\t<\/section>\n\t\n\n\t<section class=\"section\" id=\"section_1552595974\">\n\t\t<div class=\"section-bg fill\" >\n\t\t\t\t\t\t\t\t\t<div class=\"section-bg-overlay absolute fill\"><\/div>\n\t\t\t\n\n\t\t<\/div>\n\n\t\t\n\n\t\t<div class=\"section-content relative\">\n\t\t\t\n<div class=\"row\"  id=\"row-49054800\">\n\n\t<div id=\"col-592900742\" class=\"col medium-4 small-12 large-4\"  >\n\t\t\t\t<div class=\"col-inner box-shadow-3\"  >\n\t\t\t\n\t\t\t\n\n  <div class=\"banner has-hover\" id=\"banner-2093107556\">\n          <div class=\"banner-inner fill\">\n        <div class=\"banner-bg fill\" >\n                                                \n\t<div class=\"is-border\"\n\t\tstyle=\"border-width:2px 2px 2px 2px;margin:0px 0px 0px 0px;\">\n\t<\/div>\n                    <\/div>\n\t\t\n        <div class=\"banner-layers container\">\n            <div class=\"fill banner-link\"><\/div>            \n   <div id=\"text-box-1715522420\" class=\"text-box banner-layer x50 md-x50 lg-x50 y50 md-y15 lg-y15 res-text\">\n                                <div class=\"text-box-content text \">\n              \n              <div class=\"text-inner text-center\">\n                  \n<h1><strong>HISTORIA<\/strong><\/h1>\n<p style=\"text-align: left;\"><span style=\"font-size: 175%;\">Helliston O\u00fc on vuonna 2002 perustettu perheyritys, joka sijaitsee Virossa, P\u00e4rnussa. Meid\u00e4n p\u00e4\u00e4toimialamme on vanhojen ikkunoiden kunnostus, saneeraus ja entis\u00f6inti. Vuonna 2017 aloimme tuoda maahan ty\u00f6v\u00e4lineit\u00e4, joita tarvitsimme p\u00e4ivitt\u00e4in ty\u00f6ss\u00e4mme. Avattiin pieni verkkokauppa, joka oli integroitu ensimm\u00e4iselle verkkosivullemme (<a href=\"http:\/\/www.helliston.ee\/fi\/\" target=\"_blank\" rel=\"noopener noreferrer\">katso t\u00e4nne<\/a>). Samoihin aikoihin liityimme sek\u00e4 Amazonin ett\u00e4 Ebayn kanssa. Melko pian selvisi, ett\u00e4 pit\u00e4\u00e4 perustaa erillinen uusi verkkokauppa, joka keskittyisi ainoastaan kehittyv\u00e4\u00e4n br\u00e4ndimme nimeen. T\u00e4m\u00e4 verkkokauppa avattiin vuoden 2019 alussa.<\/span><\/p>\n              <\/div>\n           <\/div>\n                            \n<style>\n#text-box-1715522420 {\n  width: 82%;\n}\n#text-box-1715522420 .text-box-content {\n  font-size: 100%;\n}\n@media (min-width:550px) {\n  #text-box-1715522420 {\n    width: 75%;\n  }\n}\n<\/style>\n    <\/div>\n \n        <\/div>\n      <\/div>\n\n            \n<style>\n#banner-2093107556 {\n  padding-top: 850px;\n  background-color: rgb(255, 255, 255);\n}\n@media (min-width:550px) {\n  #banner-2093107556 {\n    padding-top: 700px;\n  }\n}\n<\/style>\n  <\/div>\n\n\n\t\t<\/div>\n\t\t\t\t\t<\/div>\n\n\t\n\n\t<div id=\"col-845029920\" class=\"col medium-4 small-12 large-4\"  >\n\t\t\t\t<div class=\"col-inner box-shadow-3\"  >\n\t\t\t\n\t\t\t\n\n  <div class=\"banner has-hover\" id=\"banner-1748014599\">\n          <div class=\"banner-inner fill\">\n        <div class=\"banner-bg fill\" >\n                                                \n\t<div class=\"is-border\"\n\t\tstyle=\"border-width:2px 2px 2px 2px;\">\n\t<\/div>\n                    <\/div>\n\t\t\n        <div class=\"banner-layers container\">\n            <div class=\"fill banner-link\"><\/div>            \n   <div id=\"text-box-1280570034\" class=\"text-box banner-layer x50 md-x100 lg-x50 y50 md-y10 lg-y15 res-text\">\n                                <div class=\"text-box-content text \">\n              \n              <div class=\"text-inner text-center\">\n                  \n<h1 style=\"text-align: center;\"><strong>LAATU<\/strong><\/h1>\n<p style=\"text-align: left;\"><span style=\"font-size: 175%;\">Vaikka \u201dlaatu\u201d-sanaa k\u00e4ytet\u00e4\u00e4n usein keveinkin perustein, mutta t\u00e4\u00e4ll\u00e4 myyt\u00e4v\u00e4t tuotteet ovat erityisesti kehitelty ja valmistettu joko meid\u00e4n tai liikekumppaneidemme tarpeiden ja vaatimusten mukaisesti restauroinnin ja puuty\u00f6n alalla. Panostamme metallin, sen kovuuden, teroituksen ja muiden k\u00e4ytett\u00e4vien materiaalien laatuun. T\u00e4ten n\u00e4iden kest\u00e4vyys ja hyv\u00e4 laatu on varmasti todistettu.<br \/><\/span><\/p>\n              <\/div>\n           <\/div>\n                            \n<style>\n#text-box-1280570034 {\n  width: 82%;\n}\n#text-box-1280570034 .text-box-content {\n  font-size: 100%;\n}\n@media (min-width:550px) {\n  #text-box-1280570034 {\n    width: 72%;\n  }\n}\n<\/style>\n    <\/div>\n \n        <\/div>\n      <\/div>\n\n            \n<style>\n#banner-1748014599 {\n  padding-top: 650px;\n  background-color: rgba(255, 255, 255, 0);\n}\n@media (min-width:550px) {\n  #banner-1748014599 {\n    padding-top: 700px;\n  }\n}\n<\/style>\n  <\/div>\n\n\n\t\t<\/div>\n\t\t\t\t\t<\/div>\n\n\t\n\n\t<div id=\"col-1389345017\" class=\"col medium-4 small-12 large-4\"  >\n\t\t\t\t<div class=\"col-inner box-shadow-3\"  >\n\t\t\t\n\t\t\t\n\n  <div class=\"banner has-hover\" id=\"banner-5683256\">\n          <div class=\"banner-inner fill\">\n        <div class=\"banner-bg fill\" >\n                                                \n\t<div class=\"is-border\"\n\t\tstyle=\"border-width:2px 2px 2px 2px;\">\n\t<\/div>\n                    <\/div>\n\t\t\n        <div class=\"banner-layers container\">\n            <div class=\"fill banner-link\"><\/div>            \n   <div id=\"text-box-940527242\" class=\"text-box banner-layer x50 md-x50 lg-x50 y50 md-y15 lg-y15 res-text\">\n                                <div class=\"text-box-content text \">\n              \n              <div class=\"text-inner text-center\">\n                  \n<h1><strong>KEHITYS<\/strong><\/h1>\n<p style=\"text-align: left;\"><span style=\"font-size: 175%;\">Ensimm\u00e4iset myym\u00e4mme tuotteet olivat yksinkertaiset h\u00f6yl\u00e4nter\u00e4t. Siit\u00e4 l\u00e4htien olemme vaiheittain yhteisty\u00f6kumppaneidemme tarpeiden mukaan laajentaneet tuotevalikoimamme. Jos et l\u00f6yd\u00e4 tuotevalikoimastamme etsim\u00e4si tuotteita, niin ilmoitathan siit\u00e4 meille. Jonain p\u00e4iv\u00e4n\u00e4 t\u00e4m\u00e4 tuote saattaa tulla myyntiin verkkokauppaamme. <br \/><\/span><\/p>\n              <\/div>\n           <\/div>\n                            \n<style>\n#text-box-940527242 {\n  width: 82%;\n}\n#text-box-940527242 .text-box-content {\n  font-size: 100%;\n}\n@media (min-width:550px) {\n  #text-box-940527242 {\n    width: 75%;\n  }\n}\n<\/style>\n    <\/div>\n \n        <\/div>\n      <\/div>\n\n            \n<style>\n#banner-5683256 {\n  padding-top: 650px;\n  background-color: rgba(255, 255, 255, 0);\n}\n@media (min-width:550px) {\n  #banner-5683256 {\n    padding-top: 700px;\n  }\n}\n<\/style>\n  <\/div>\n\n\n\t\t<\/div>\n\t\t\t\t\t<\/div>\n\n\t\n<\/div>\n\t\t<\/div>\n\n\t\t\n<style>\n#section_1552595974 {\n  padding-top: 30px;\n  padding-bottom: 30px;\n}\n#section_1552595974 .section-bg-overlay {\n  background-color: rgba(255,255,255,.5);\n}\n<\/style>\n\t<\/section>\n\t\n","protected":false},"excerpt":{"rendered":"","protected":false},"author":1,"featured_media":0,"parent":0,"menu_order":0,"comment_status":"closed","ping_status":"closed","template":"page-blank.php","meta":{"footnotes":""},"class_list":["post-2915","page","type-page","status-publish","hentry"],"jetpack_sharing_enabled":true,"_links":{"self":[{"href":"https:\/\/helliston.eu\/fi\/wp-json\/wp\/v2\/pages\/2915","targetHints":{"allow":["GET"]}}],"collection":[{"href":"https:\/\/helliston.eu\/fi\/wp-json\/wp\/v2\/pages"}],"about":[{"href":"https:\/\/helliston.eu\/fi\/wp-json\/wp\/v2\/types\/page"}],"author":[{"embeddable":true,"href":"https:\/\/helliston.eu\/fi\/wp-json\/wp\/v2\/users\/1"}],"replies":[{"embeddable":true,"href":"https:\/\/helliston.eu\/fi\/wp-json\/wp\/v2\/comments?post=2915"}],"version-history":[{"count":5,"href":"https:\/\/helliston.eu\/fi\/wp-json\/wp\/v2\/pages\/2915\/revisions"}],"predecessor-version":[{"id":7097,"href":"https:\/\/helliston.eu\/fi\/wp-json\/wp\/v2\/pages\/2915\/revisions\/7097"}],"wp:attachment":[{"href":"https:\/\/helliston.eu\/fi\/wp-json\/wp\/v2\/media?parent=2915"}],"curies":[{"name":"wp","href":"https:\/\/api.w.org\/{rel}","templated":true}]}}