{"id":9641,"date":"2022-01-22T14:35:23","date_gmt":"2022-01-22T14:35:23","guid":{"rendered":"https:\/\/helliston.eu\/?post_type=product&#038;p=9641"},"modified":"2023-03-29T18:25:02","modified_gmt":"2023-03-29T18:25:02","slug":"hoovelterad-hoovlile-sip-01338-hss-260x186x15mm","status":"publish","type":"product","link":"https:\/\/helliston.eu\/et\/toode\/hoovelterad-hoovlile-sip-01338-hss-260x186x15mm\/","title":{"rendered":"H\u00f6\u00f6velterad h\u00f6\u00f6vlile SIP 01338, HSS, 260&#215;18,6&#215;1,5mm"},"content":{"rendered":"","protected":false},"excerpt":{"rendered":"<p>HSS h\u00f6\u00f6vliterad h\u00f6\u00f6vel-paksusmasinale SIP 01338, 260 x 18,6 x 1,5 mm, P\u00d6\u00d6RATAVAD TERAD. 2 tera\/ pakis. Valmistatud vastupidavast HSS kiirl\u00f5iketerasest (Rockwelli k\u00f5vadus 63+HRC). Terad on teritatavad. Rohkem informatsiooni allpool.<\/p>\n","protected":false},"featured_media":12904,"template":"","meta":[],"product_brand":[],"product_cat":[3194,816,2883],"product_tag":[4344],"class_list":{"0":"post-9641","1":"product","2":"type-product","3":"status-publish","4":"has-post-thumbnail","6":"product_cat-hoovlile-sip-01338","7":"product_cat-hoovliterad-markide-jargi","8":"product_cat-hoovliterad-hoovlile-sip","9":"product_tag-260-18-et-2","11":"first","12":"outofstock","13":"taxable","14":"shipping-taxable","15":"purchasable","16":"product-type-simple"},"jetpack_sharing_enabled":true,"_links":{"self":[{"href":"https:\/\/helliston.eu\/et\/wp-json\/wp\/v2\/product\/9641","targetHints":{"allow":["GET"]}}],"collection":[{"href":"https:\/\/helliston.eu\/et\/wp-json\/wp\/v2\/product"}],"about":[{"href":"https:\/\/helliston.eu\/et\/wp-json\/wp\/v2\/types\/product"}],"wp:featuredmedia":[{"embeddable":true,"href":"https:\/\/helliston.eu\/et\/wp-json\/wp\/v2\/media\/12904"}],"wp:attachment":[{"href":"https:\/\/helliston.eu\/et\/wp-json\/wp\/v2\/media?parent=9641"}],"wp:term":[{"taxonomy":"product_brand","embeddable":true,"href":"https:\/\/helliston.eu\/et\/wp-json\/wp\/v2\/product_brand?post=9641"},{"taxonomy":"product_cat","embeddable":true,"href":"https:\/\/helliston.eu\/et\/wp-json\/wp\/v2\/product_cat?post=9641"},{"taxonomy":"product_tag","embeddable":true,"href":"https:\/\/helliston.eu\/et\/wp-json\/wp\/v2\/product_tag?post=9641"}],"curies":[{"name":"wp","href":"https:\/\/api.w.org\/{rel}","templated":true}]}}