{"id":9562,"date":"2022-01-20T18:18:30","date_gmt":"2022-01-20T18:18:31","guid":{"rendered":"https:\/\/helliston.eu\/?post_type=product&#038;p=9562"},"modified":"2023-03-18T08:44:24","modified_gmt":"2023-03-18T08:44:24","slug":"hss-hoovliterad-258mm-hoovlile-zipper-zi-hb254-tuup-1-258x22x18mm-2-tk","status":"publish","type":"product","link":"https:\/\/helliston.eu\/et\/toode\/hss-hoovliterad-258mm-hoovlile-zipper-zi-hb254-tuup-1-258x22x18mm-2-tk\/","title":{"rendered":"H\u00f6\u00f6vliterad h\u00f6\u00f6vlile Zipper ZI-HB254 T\u00dc\u00dcP 1, HSS, 258x22x1,8mm"},"content":{"rendered":"","protected":false},"excerpt":{"rendered":"<p>H\u00f6\u00f6vliterad h\u00f6\u00f6vel-paksusmasinale Zipper ZI-HB254 T\u00dc\u00dcP 1, 258 x 22 x 1,8 mm. 2 tera\/ pakis. Valmistatud vastupidavast HSS kiirl\u00f5iketerasest (Rockwelli k\u00f5vadus 63+HRC). Teritatavad terad. Lisainfo allpool.<\/p>\n<p><span style=\"color: #0000ff;\">NB! Enne ostmist palun kontrollige, et antud h\u00f6\u00f6vliterad sobivad teie h\u00f6\u00f6vlile. V\u00f5rrelge n\u00e4iteks tootefotosid h\u00f6\u00f6vliteradega, mis olid masinaga kaasas. Nimelt on Zipper ZI-HB254 mitu samanimelist h\u00f6\u00f6vlimudelit. \u00dchele l\u00e4hevad 258x22x1,8mm terad (7 auguga), teisele aga 261&#215;16,5&#215;1,5mm terad (2 auguga).<\/span><span style=\"background-color: #ff9900;\"><br \/>\n<\/span><\/p>\n","protected":false},"featured_media":9186,"template":"","meta":[],"product_brand":[],"product_cat":[816,1830,898],"product_tag":[4324],"class_list":{"0":"post-9562","1":"product","2":"type-product","3":"status-publish","4":"has-post-thumbnail","6":"product_cat-hoovliterad-markide-jargi","7":"product_cat-riht-paksushoovel-zipper-zi-hb254","8":"product_cat-hoovliterad-hoovlile-zipper","9":"product_tag-258x22-et","11":"first","12":"instock","13":"taxable","14":"shipping-taxable","15":"purchasable","16":"product-type-simple"},"jetpack_sharing_enabled":true,"_links":{"self":[{"href":"https:\/\/helliston.eu\/et\/wp-json\/wp\/v2\/product\/9562","targetHints":{"allow":["GET"]}}],"collection":[{"href":"https:\/\/helliston.eu\/et\/wp-json\/wp\/v2\/product"}],"about":[{"href":"https:\/\/helliston.eu\/et\/wp-json\/wp\/v2\/types\/product"}],"wp:featuredmedia":[{"embeddable":true,"href":"https:\/\/helliston.eu\/et\/wp-json\/wp\/v2\/media\/9186"}],"wp:attachment":[{"href":"https:\/\/helliston.eu\/et\/wp-json\/wp\/v2\/media?parent=9562"}],"wp:term":[{"taxonomy":"product_brand","embeddable":true,"href":"https:\/\/helliston.eu\/et\/wp-json\/wp\/v2\/product_brand?post=9562"},{"taxonomy":"product_cat","embeddable":true,"href":"https:\/\/helliston.eu\/et\/wp-json\/wp\/v2\/product_cat?post=9562"},{"taxonomy":"product_tag","embeddable":true,"href":"https:\/\/helliston.eu\/et\/wp-json\/wp\/v2\/product_tag?post=9562"}],"curies":[{"name":"wp","href":"https:\/\/api.w.org\/{rel}","templated":true}]}}