{"id":9524,"date":"2022-01-20T17:55:02","date_gmt":"2022-01-20T17:55:03","guid":{"rendered":"https:\/\/helliston.eu\/?post_type=product&#038;p=9524"},"modified":"2023-03-17T18:02:44","modified_gmt":"2023-03-17T18:02:44","slug":"hss-hoovliterad-258mm-hoovlile-bernardo-pt-250-258x22x18mm-2-tk","status":"publish","type":"product","link":"https:\/\/www.helliston.eu\/et\/toode\/hss-hoovliterad-258mm-hoovlile-bernardo-pt-250-258x22x18mm-2-tk\/","title":{"rendered":"H\u00f6\u00f6vliterad h\u00f6\u00f6vlile Bernardo PT-250, HSS, 258x22x1,8mm"},"content":{"rendered":"","protected":false},"excerpt":{"rendered":"<p>H\u00f6\u00f6vliterad h\u00f6\u00f6vel-paksusmasinale Bernardo PT-250, 258 x 22 x 1,8 mm. 2 tera\/ pakis. Valmistatud vastupidavast HSS kiirl\u00f5iketerasest (Rockwelli k\u00f5vadus 63+HRC). Teritatavad terad. Lisainfo allpool.<\/p>\n","protected":false},"featured_media":9186,"template":"","meta":[],"product_brand":[],"product_cat":[829,816,1469],"product_tag":[4324],"class_list":{"0":"post-9524","1":"product","2":"type-product","3":"status-publish","4":"has-post-thumbnail","6":"product_cat-hoovliterad-hoovlile-bernardo","7":"product_cat-hoovliterad-markide-jargi","8":"product_cat-riht-paksushoovel-bernardo-pt-250","9":"product_tag-258x22-et","11":"first","12":"instock","13":"taxable","14":"shipping-taxable","15":"purchasable","16":"product-type-simple"},"jetpack_sharing_enabled":true,"_links":{"self":[{"href":"https:\/\/www.helliston.eu\/et\/wp-json\/wp\/v2\/product\/9524","targetHints":{"allow":["GET"]}}],"collection":[{"href":"https:\/\/www.helliston.eu\/et\/wp-json\/wp\/v2\/product"}],"about":[{"href":"https:\/\/www.helliston.eu\/et\/wp-json\/wp\/v2\/types\/product"}],"wp:featuredmedia":[{"embeddable":true,"href":"https:\/\/www.helliston.eu\/et\/wp-json\/wp\/v2\/media\/9186"}],"wp:attachment":[{"href":"https:\/\/www.helliston.eu\/et\/wp-json\/wp\/v2\/media?parent=9524"}],"wp:term":[{"taxonomy":"product_brand","embeddable":true,"href":"https:\/\/www.helliston.eu\/et\/wp-json\/wp\/v2\/product_brand?post=9524"},{"taxonomy":"product_cat","embeddable":true,"href":"https:\/\/www.helliston.eu\/et\/wp-json\/wp\/v2\/product_cat?post=9524"},{"taxonomy":"product_tag","embeddable":true,"href":"https:\/\/www.helliston.eu\/et\/wp-json\/wp\/v2\/product_tag?post=9524"}],"curies":[{"name":"wp","href":"https:\/\/api.w.org\/{rel}","templated":true}]}}