{"id":9447,"date":"2022-01-15T14:45:04","date_gmt":"2022-01-15T14:45:05","guid":{"rendered":"https:\/\/helliston.eu\/?post_type=product&#038;p=9447"},"modified":"2023-03-30T13:41:29","modified_gmt":"2023-03-30T13:41:29","slug":"hoovliterad-hoovlile-dewalt-dw733-de7330-tuup-1-hss-317x25x3mm","status":"publish","type":"product","link":"https:\/\/helliston.eu\/et\/toode\/hoovliterad-hoovlile-dewalt-dw733-de7330-tuup-1-hss-317x25x3mm\/","title":{"rendered":"H\u00f6\u00f6vliterad h\u00f6\u00f6vlile Dewalt DW733, DE7330 T\u00dc\u00dcP 1, HSS, 317x25x3mm."},"content":{"rendered":"","protected":false},"excerpt":{"rendered":"<p>HSS h\u00f6\u00f6vliterad paksusmasinale Dewalt DW733, DE7330, TYP 1, 317 x 25 x 3mm. 2 tera\/ pakis. Valmistatud vastupidavast HSS kiirl\u00f5iketerasest (Rockwelli k\u00f5vadus 63+HRC). Terad on teritatavad. Rohkem informatsiooni allpool.<\/p>\n<p><span style=\"color: #0000ff;\">Enne tellimist kontrollige palun tootefotosid ja oma vanu h\u00f6\u00f6velterasid! Dewalt DW733 h\u00f6\u00f6vlil on 2 mudeit. \u00dcks h\u00f6\u00f6vel vajab 317x25x3mm h\u00f6\u00f6velterasid (8 auguga), teine h\u00f6\u00f6vel vajab 318x19x3mm h\u00f6\u00f6velterasid (2 auguga).<\/span><\/p>\n","protected":false},"featured_media":9453,"template":"","meta":[],"product_brand":[],"product_cat":[428,841,1533,197],"product_tag":[],"class_list":{"0":"post-9447","1":"product","2":"type-product","3":"status-publish","4":"has-post-thumbnail","6":"product_cat-317mm-paksusmasinale-triton-tpt125","7":"product_cat-hoovliterad-hoovlile-dewalt","8":"product_cat-riht-paksushoovel-dw733-dw7332-dw7330-dw733s-260-317-318mm","9":"product_cat-hoovliterad","11":"first","12":"instock","13":"taxable","14":"shipping-taxable","15":"purchasable","16":"product-type-simple"},"jetpack_sharing_enabled":true,"_links":{"self":[{"href":"https:\/\/helliston.eu\/et\/wp-json\/wp\/v2\/product\/9447","targetHints":{"allow":["GET"]}}],"collection":[{"href":"https:\/\/helliston.eu\/et\/wp-json\/wp\/v2\/product"}],"about":[{"href":"https:\/\/helliston.eu\/et\/wp-json\/wp\/v2\/types\/product"}],"wp:featuredmedia":[{"embeddable":true,"href":"https:\/\/helliston.eu\/et\/wp-json\/wp\/v2\/media\/9453"}],"wp:attachment":[{"href":"https:\/\/helliston.eu\/et\/wp-json\/wp\/v2\/media?parent=9447"}],"wp:term":[{"taxonomy":"product_brand","embeddable":true,"href":"https:\/\/helliston.eu\/et\/wp-json\/wp\/v2\/product_brand?post=9447"},{"taxonomy":"product_cat","embeddable":true,"href":"https:\/\/helliston.eu\/et\/wp-json\/wp\/v2\/product_cat?post=9447"},{"taxonomy":"product_tag","embeddable":true,"href":"https:\/\/helliston.eu\/et\/wp-json\/wp\/v2\/product_tag?post=9447"}],"curies":[{"name":"wp","href":"https:\/\/api.w.org\/{rel}","templated":true}]}}